{"id":223745,"date":"2025-02-13T10:58:45","date_gmt":"2025-02-13T09:58:45","guid":{"rendered":"https:\/\/desdropi.com\/elparque\/conga-rockstar-11500-odyssey-ergoflex\/"},"modified":"2025-02-13T10:58:45","modified_gmt":"2025-02-13T09:58:45","slug":"conga-rockstar-11500-odyssey-ergoflex","status":"publish","type":"product","link":"https:\/\/desdropi.com\/elparque\/conga-rockstar-11500-odyssey-ergoflex\/","title":{"rendered":"Conga Rockstar 11500 Odyssey ErgoFlex"},"content":{"rendered":"<p>Conga Rockstar 11500 Odyssey ErgoFlex Aspirador sin cables 3 en 1: vertical, escoba y de mano con motor digital Brushless. M\u00e1xima potencia de succi\u00f3n de 300 AW y ultrapotencia de 850 W. Autonom\u00eda de 90 minutos. Tubo flexible.  Kit de accesorios. Cepillo Jaliscazo.<\/p>\n","protected":false},"excerpt":{"rendered":"<p>Conga Rockstar 11500 Odyssey ErgoFlex Aspirador sin cables 3 en 1: vertical, escoba y de mano con motor digital Brushless.<\/p>\n","protected":false},"featured_media":223746,"comment_status":"open","ping_status":"open","template":"","meta":{"_joinchat":[]},"product_cat":[7230],"product_tag":[],"class_list":{"0":"post-223745","1":"product","2":"type-product","3":"status-publish","4":"has-post-thumbnail","6":"product_cat-cecotec","8":"first","9":"instock","10":"taxable","11":"shipping-taxable","12":"purchasable","13":"product-type-simple"},"_links":{"self":[{"href":"https:\/\/desdropi.com\/elparque\/wp-json\/wp\/v2\/product\/223745"}],"collection":[{"href":"https:\/\/desdropi.com\/elparque\/wp-json\/wp\/v2\/product"}],"about":[{"href":"https:\/\/desdropi.com\/elparque\/wp-json\/wp\/v2\/types\/product"}],"replies":[{"embeddable":true,"href":"https:\/\/desdropi.com\/elparque\/wp-json\/wp\/v2\/comments?post=223745"}],"version-history":[{"count":0,"href":"https:\/\/desdropi.com\/elparque\/wp-json\/wp\/v2\/product\/223745\/revisions"}],"wp:featuredmedia":[{"embeddable":true,"href":"https:\/\/desdropi.com\/elparque\/wp-json\/wp\/v2\/media\/223746"}],"wp:attachment":[{"href":"https:\/\/desdropi.com\/elparque\/wp-json\/wp\/v2\/media?parent=223745"}],"wp:term":[{"taxonomy":"product_cat","embeddable":true,"href":"https:\/\/desdropi.com\/elparque\/wp-json\/wp\/v2\/product_cat?post=223745"},{"taxonomy":"product_tag","embeddable":true,"href":"https:\/\/desdropi.com\/elparque\/wp-json\/wp\/v2\/product_tag?post=223745"}],"curies":[{"name":"wp","href":"https:\/\/api.w.org\/{rel}","templated":true}]}}