{"id":223764,"date":"2025-02-13T11:00:32","date_gmt":"2025-02-13T10:00:32","guid":{"rendered":"https:\/\/desdropi.com\/elparque\/funtaste-pop-corn\/"},"modified":"2025-02-13T11:00:46","modified_gmt":"2025-02-13T10:00:46","slug":"funtaste-pop-corn","status":"publish","type":"product","link":"https:\/\/desdropi.com\/elparque\/funtaste-pop-corn\/","title":{"rendered":"Fun&#038;Taste Pop Corn"},"content":{"rendered":"<p>Fun&#038;Taste Pop Corn. Palomitero El\u00e9ctrico con 1200 W, Convecci\u00f3n, Palomitas listas en 2 minutos, Incluye cuchara dosificadora, F\u00e1cil limpieza, Protecci\u00f3n contra sobrecalentamiento<\/p>\n","protected":false},"excerpt":{"rendered":"<p>Fun&#038;Taste Pop Corn. Palomitero El\u00e9ctrico con 1200 W, Convecci\u00f3n, Palomitas listas en 2 minutos, Incluye cuchara dosificadora, F\u00e1cil limpieza, Protecci\u00f3n<\/p>\n","protected":false},"featured_media":223765,"comment_status":"open","ping_status":"open","template":"","meta":{"_joinchat":[]},"product_cat":[7230],"product_tag":[],"class_list":{"0":"post-223764","1":"product","2":"type-product","3":"status-publish","4":"has-post-thumbnail","6":"product_cat-cecotec","8":"first","9":"instock","10":"taxable","11":"shipping-taxable","12":"purchasable","13":"product-type-simple"},"_links":{"self":[{"href":"https:\/\/desdropi.com\/elparque\/wp-json\/wp\/v2\/product\/223764"}],"collection":[{"href":"https:\/\/desdropi.com\/elparque\/wp-json\/wp\/v2\/product"}],"about":[{"href":"https:\/\/desdropi.com\/elparque\/wp-json\/wp\/v2\/types\/product"}],"replies":[{"embeddable":true,"href":"https:\/\/desdropi.com\/elparque\/wp-json\/wp\/v2\/comments?post=223764"}],"version-history":[{"count":0,"href":"https:\/\/desdropi.com\/elparque\/wp-json\/wp\/v2\/product\/223764\/revisions"}],"wp:featuredmedia":[{"embeddable":true,"href":"https:\/\/desdropi.com\/elparque\/wp-json\/wp\/v2\/media\/223765"}],"wp:attachment":[{"href":"https:\/\/desdropi.com\/elparque\/wp-json\/wp\/v2\/media?parent=223764"}],"wp:term":[{"taxonomy":"product_cat","embeddable":true,"href":"https:\/\/desdropi.com\/elparque\/wp-json\/wp\/v2\/product_cat?post=223764"},{"taxonomy":"product_tag","embeddable":true,"href":"https:\/\/desdropi.com\/elparque\/wp-json\/wp\/v2\/product_tag?post=223764"}],"curies":[{"name":"wp","href":"https:\/\/api.w.org\/{rel}","templated":true}]}}