{"id":223857,"date":"2025-02-13T11:08:02","date_gmt":"2025-02-13T10:08:02","guid":{"rendered":"https:\/\/desdropi.com\/elparque\/conga-immortal-extreme-suction-222-animal-hand\/"},"modified":"2025-02-13T11:08:02","modified_gmt":"2025-02-13T10:08:02","slug":"conga-immortal-extreme-suction-222-animal-hand","status":"publish","type":"product","link":"https:\/\/desdropi.com\/elparque\/conga-immortal-extreme-suction-222-animal-hand\/","title":{"rendered":"Conga Immortal Extreme Suction 22,2 Animal Hand"},"content":{"rendered":"<p>Conga Immortal ExtremeSuction 22,2 V Animal Hand. Aspirador de Mano 22,2 V. Potente. para s\u00f3lidos y l\u00edquidos. Accesorio para Mascotas, casa y Coche. Tecnolog\u00eda cicl\u00f3nica. Autonom\u00eda 25 min.<\/p>\n","protected":false},"excerpt":{"rendered":"<p>Conga Immortal ExtremeSuction 22,2 V Animal Hand. Aspirador de Mano 22,2 V. Potente. para s\u00f3lidos y l\u00edquidos. Accesorio para Mascotas,<\/p>\n","protected":false},"featured_media":223858,"comment_status":"open","ping_status":"open","template":"","meta":{"_joinchat":[]},"product_cat":[7230],"product_tag":[],"class_list":{"0":"post-223857","1":"product","2":"type-product","3":"status-publish","4":"has-post-thumbnail","6":"product_cat-cecotec","8":"first","9":"instock","10":"taxable","11":"shipping-taxable","12":"purchasable","13":"product-type-simple"},"_links":{"self":[{"href":"https:\/\/desdropi.com\/elparque\/wp-json\/wp\/v2\/product\/223857"}],"collection":[{"href":"https:\/\/desdropi.com\/elparque\/wp-json\/wp\/v2\/product"}],"about":[{"href":"https:\/\/desdropi.com\/elparque\/wp-json\/wp\/v2\/types\/product"}],"replies":[{"embeddable":true,"href":"https:\/\/desdropi.com\/elparque\/wp-json\/wp\/v2\/comments?post=223857"}],"version-history":[{"count":0,"href":"https:\/\/desdropi.com\/elparque\/wp-json\/wp\/v2\/product\/223857\/revisions"}],"wp:featuredmedia":[{"embeddable":true,"href":"https:\/\/desdropi.com\/elparque\/wp-json\/wp\/v2\/media\/223858"}],"wp:attachment":[{"href":"https:\/\/desdropi.com\/elparque\/wp-json\/wp\/v2\/media?parent=223857"}],"wp:term":[{"taxonomy":"product_cat","embeddable":true,"href":"https:\/\/desdropi.com\/elparque\/wp-json\/wp\/v2\/product_cat?post=223857"},{"taxonomy":"product_tag","embeddable":true,"href":"https:\/\/desdropi.com\/elparque\/wp-json\/wp\/v2\/product_tag?post=223857"}],"curies":[{"name":"wp","href":"https:\/\/api.w.org\/{rel}","templated":true}]}}