{"id":223861,"date":"2025-02-13T11:08:02","date_gmt":"2025-02-13T10:08:02","guid":{"rendered":"https:\/\/desdropi.com\/elparque\/conga-immortal-extremesuction-111-v-hand\/"},"modified":"2025-02-13T11:08:18","modified_gmt":"2025-02-13T10:08:18","slug":"conga-immortal-extremesuction-111-v-hand","status":"publish","type":"product","link":"https:\/\/desdropi.com\/elparque\/conga-immortal-extremesuction-111-v-hand\/","title":{"rendered":"Conga Immortal ExtremeSuction 11,1 V Hand"},"content":{"rendered":"<p>Conga Immortal ExtremeSuction 11,1 V Hand. Aspirador de Mano que aspira s\u00f3lidos y liquidos,Ligero y sin Bolsas, Tiempo de autonom\u00eda 20 Minutos, 11,1 V, Tecnolog\u00eda cicl\u00f3nica<\/p>\n","protected":false},"excerpt":{"rendered":"<p>Conga Immortal ExtremeSuction 11,1 V Hand. Aspirador de Mano que aspira s\u00f3lidos y liquidos,Ligero y sin Bolsas, Tiempo de autonom\u00eda<\/p>\n","protected":false},"featured_media":223862,"comment_status":"open","ping_status":"open","template":"","meta":{"_joinchat":[]},"product_cat":[7230],"product_tag":[],"class_list":{"0":"post-223861","1":"product","2":"type-product","3":"status-publish","4":"has-post-thumbnail","6":"product_cat-cecotec","8":"first","9":"instock","10":"taxable","11":"shipping-taxable","12":"purchasable","13":"product-type-simple"},"_links":{"self":[{"href":"https:\/\/desdropi.com\/elparque\/wp-json\/wp\/v2\/product\/223861"}],"collection":[{"href":"https:\/\/desdropi.com\/elparque\/wp-json\/wp\/v2\/product"}],"about":[{"href":"https:\/\/desdropi.com\/elparque\/wp-json\/wp\/v2\/types\/product"}],"replies":[{"embeddable":true,"href":"https:\/\/desdropi.com\/elparque\/wp-json\/wp\/v2\/comments?post=223861"}],"version-history":[{"count":0,"href":"https:\/\/desdropi.com\/elparque\/wp-json\/wp\/v2\/product\/223861\/revisions"}],"wp:featuredmedia":[{"embeddable":true,"href":"https:\/\/desdropi.com\/elparque\/wp-json\/wp\/v2\/media\/223862"}],"wp:attachment":[{"href":"https:\/\/desdropi.com\/elparque\/wp-json\/wp\/v2\/media?parent=223861"}],"wp:term":[{"taxonomy":"product_cat","embeddable":true,"href":"https:\/\/desdropi.com\/elparque\/wp-json\/wp\/v2\/product_cat?post=223861"},{"taxonomy":"product_tag","embeddable":true,"href":"https:\/\/desdropi.com\/elparque\/wp-json\/wp\/v2\/product_tag?post=223861"}],"curies":[{"name":"wp","href":"https:\/\/api.w.org\/{rel}","templated":true}]}}