{"id":223892,"date":"2025-02-13T11:10:22","date_gmt":"2025-02-13T10:10:22","guid":{"rendered":"https:\/\/desdropi.com\/elparque\/conga-popstar-1000-duostick-easy\/"},"modified":"2025-02-13T11:10:31","modified_gmt":"2025-02-13T10:10:31","slug":"conga-popstar-1000-duostick-easy","status":"publish","type":"product","link":"https:\/\/desdropi.com\/elparque\/conga-popstar-1000-duostick-easy\/","title":{"rendered":"Conga Popstar 1000 DuoStick Easy"},"content":{"rendered":"<p>Conga Popstar 1000 DuoStick Easy Aspirador Vertical 2 en 1 con Cable, Tecnolog\u00eda Cicl\u00f3nica, Sin Bolsas, Potencia m\u00e1xima 800 W, Dep\u00f3sito 800 ml<\/p>\n","protected":false},"excerpt":{"rendered":"<p>Conga Popstar 1000 DuoStick Easy Aspirador Vertical 2 en 1 con Cable, Tecnolog\u00eda Cicl\u00f3nica, Sin Bolsas, Potencia m\u00e1xima 800 W,<\/p>\n","protected":false},"featured_media":223893,"comment_status":"open","ping_status":"open","template":"","meta":{"_joinchat":[]},"product_cat":[7230],"product_tag":[],"class_list":{"0":"post-223892","1":"product","2":"type-product","3":"status-publish","4":"has-post-thumbnail","6":"product_cat-cecotec","8":"first","9":"outofstock","10":"taxable","11":"shipping-taxable","12":"purchasable","13":"product-type-simple"},"_links":{"self":[{"href":"https:\/\/desdropi.com\/elparque\/wp-json\/wp\/v2\/product\/223892"}],"collection":[{"href":"https:\/\/desdropi.com\/elparque\/wp-json\/wp\/v2\/product"}],"about":[{"href":"https:\/\/desdropi.com\/elparque\/wp-json\/wp\/v2\/types\/product"}],"replies":[{"embeddable":true,"href":"https:\/\/desdropi.com\/elparque\/wp-json\/wp\/v2\/comments?post=223892"}],"version-history":[{"count":0,"href":"https:\/\/desdropi.com\/elparque\/wp-json\/wp\/v2\/product\/223892\/revisions"}],"wp:featuredmedia":[{"embeddable":true,"href":"https:\/\/desdropi.com\/elparque\/wp-json\/wp\/v2\/media\/223893"}],"wp:attachment":[{"href":"https:\/\/desdropi.com\/elparque\/wp-json\/wp\/v2\/media?parent=223892"}],"wp:term":[{"taxonomy":"product_cat","embeddable":true,"href":"https:\/\/desdropi.com\/elparque\/wp-json\/wp\/v2\/product_cat?post=223892"},{"taxonomy":"product_tag","embeddable":true,"href":"https:\/\/desdropi.com\/elparque\/wp-json\/wp\/v2\/product_tag?post=223892"}],"curies":[{"name":"wp","href":"https:\/\/api.w.org\/{rel}","templated":true}]}}