{"id":223896,"date":"2025-02-13T11:10:36","date_gmt":"2025-02-13T10:10:36","guid":{"rendered":"https:\/\/desdropi.com\/elparque\/conga-rockstar-multicyclonic\/"},"modified":"2025-02-13T11:10:36","modified_gmt":"2025-02-13T10:10:36","slug":"conga-rockstar-multicyclonic","status":"publish","type":"product","link":"https:\/\/desdropi.com\/elparque\/conga-rockstar-multicyclonic\/","title":{"rendered":"Conga Rockstar Multicyclonic"},"content":{"rendered":"<p>Conga Rockstar Multicyclonic Aspirador de trineo de 800 W de potencia. Multicicl\u00f3nico sin bolsa. M\u00e1xima capacidad del dep\u00f3sito de hasta 2,5 L con filtrado de alta eficiencia y tubo telesc\u00f3pico met\u00e1lico. Incluye accesorios aptos para muebles y esquinas que permiten la limpieza de las zonas m\u00e1s complicadas.<\/p>\n","protected":false},"excerpt":{"rendered":"<p>Conga Rockstar Multicyclonic Aspirador de trineo de 800 W de potencia. Multicicl\u00f3nico sin bolsa. M\u00e1xima capacidad del dep\u00f3sito de hasta<\/p>\n","protected":false},"featured_media":223897,"comment_status":"open","ping_status":"open","template":"","meta":{"_joinchat":[]},"product_cat":[7230],"product_tag":[],"class_list":{"0":"post-223896","1":"product","2":"type-product","3":"status-publish","4":"has-post-thumbnail","6":"product_cat-cecotec","8":"first","9":"instock","10":"taxable","11":"shipping-taxable","12":"purchasable","13":"product-type-simple"},"_links":{"self":[{"href":"https:\/\/desdropi.com\/elparque\/wp-json\/wp\/v2\/product\/223896"}],"collection":[{"href":"https:\/\/desdropi.com\/elparque\/wp-json\/wp\/v2\/product"}],"about":[{"href":"https:\/\/desdropi.com\/elparque\/wp-json\/wp\/v2\/types\/product"}],"replies":[{"embeddable":true,"href":"https:\/\/desdropi.com\/elparque\/wp-json\/wp\/v2\/comments?post=223896"}],"version-history":[{"count":0,"href":"https:\/\/desdropi.com\/elparque\/wp-json\/wp\/v2\/product\/223896\/revisions"}],"wp:featuredmedia":[{"embeddable":true,"href":"https:\/\/desdropi.com\/elparque\/wp-json\/wp\/v2\/media\/223897"}],"wp:attachment":[{"href":"https:\/\/desdropi.com\/elparque\/wp-json\/wp\/v2\/media?parent=223896"}],"wp:term":[{"taxonomy":"product_cat","embeddable":true,"href":"https:\/\/desdropi.com\/elparque\/wp-json\/wp\/v2\/product_cat?post=223896"},{"taxonomy":"product_tag","embeddable":true,"href":"https:\/\/desdropi.com\/elparque\/wp-json\/wp\/v2\/product_tag?post=223896"}],"curies":[{"name":"wp","href":"https:\/\/api.w.org\/{rel}","templated":true}]}}