{"id":224016,"date":"2025-02-13T11:16:32","date_gmt":"2025-02-13T10:16:32","guid":{"rendered":"https:\/\/desdropi.com\/elparque\/energysilence-aero-460\/"},"modified":"2025-02-13T11:16:43","modified_gmt":"2025-02-13T10:16:43","slug":"energysilence-aero-460","status":"publish","type":"product","link":"https:\/\/desdropi.com\/elparque\/energysilence-aero-460\/","title":{"rendered":"EnergySilence Aero 460"},"content":{"rendered":"<p>EnergySilence Aero 460. Ventilador de Techo con Mando a Distancia, Temporizador y Luz LED. Potencia 49 W, 106 cm de Di\u00e1metro, 3 Aspas, 3 Velocidades, Funci\u00f3n Invierno, Dise\u00f1o en blanco<\/p>\n","protected":false},"excerpt":{"rendered":"<p>EnergySilence Aero 460. Ventilador de Techo con Mando a Distancia, Temporizador y Luz LED. Potencia 49 W, 106 cm de<\/p>\n","protected":false},"featured_media":224017,"comment_status":"open","ping_status":"open","template":"","meta":{"_joinchat":[]},"product_cat":[7230],"product_tag":[],"class_list":{"0":"post-224016","1":"product","2":"type-product","3":"status-publish","4":"has-post-thumbnail","6":"product_cat-cecotec","8":"first","9":"instock","10":"taxable","11":"shipping-taxable","12":"purchasable","13":"product-type-simple"},"_links":{"self":[{"href":"https:\/\/desdropi.com\/elparque\/wp-json\/wp\/v2\/product\/224016"}],"collection":[{"href":"https:\/\/desdropi.com\/elparque\/wp-json\/wp\/v2\/product"}],"about":[{"href":"https:\/\/desdropi.com\/elparque\/wp-json\/wp\/v2\/types\/product"}],"replies":[{"embeddable":true,"href":"https:\/\/desdropi.com\/elparque\/wp-json\/wp\/v2\/comments?post=224016"}],"version-history":[{"count":0,"href":"https:\/\/desdropi.com\/elparque\/wp-json\/wp\/v2\/product\/224016\/revisions"}],"wp:featuredmedia":[{"embeddable":true,"href":"https:\/\/desdropi.com\/elparque\/wp-json\/wp\/v2\/media\/224017"}],"wp:attachment":[{"href":"https:\/\/desdropi.com\/elparque\/wp-json\/wp\/v2\/media?parent=224016"}],"wp:term":[{"taxonomy":"product_cat","embeddable":true,"href":"https:\/\/desdropi.com\/elparque\/wp-json\/wp\/v2\/product_cat?post=224016"},{"taxonomy":"product_tag","embeddable":true,"href":"https:\/\/desdropi.com\/elparque\/wp-json\/wp\/v2\/product_tag?post=224016"}],"curies":[{"name":"wp","href":"https:\/\/api.w.org\/{rel}","templated":true}]}}