{"id":224032,"date":"2025-02-13T11:18:01","date_gmt":"2025-02-13T10:18:01","guid":{"rendered":"https:\/\/desdropi.com\/elparque\/energysilence-aero-3600-vision-purple\/"},"modified":"2025-02-13T11:18:08","modified_gmt":"2025-02-13T10:18:08","slug":"energysilence-aero-3600-vision-purple","status":"publish","type":"product","link":"https:\/\/desdropi.com\/elparque\/energysilence-aero-3600-vision-purple\/","title":{"rendered":"EnergySilence Aero 3600 Vision Purple"},"content":{"rendered":"<p>EnergySilence 3600 Vision Purple. Ventilador de techo de 50 W, Di\u00e1metro 92 cm, L\u00e1mpara, 3 Velocidades, 6 Aspas reversibles, Funci\u00f3n Verano\/Invierno, Interruptor de Cadena, Blanco\/Lila<\/p>\n","protected":false},"excerpt":{"rendered":"<p>EnergySilence 3600 Vision Purple. Ventilador de techo de 50 W, Di\u00e1metro 92 cm, L\u00e1mpara, 3 Velocidades, 6 Aspas reversibles, Funci\u00f3n<\/p>\n","protected":false},"featured_media":224033,"comment_status":"open","ping_status":"open","template":"","meta":{"_joinchat":[]},"product_cat":[7230],"product_tag":[],"class_list":{"0":"post-224032","1":"product","2":"type-product","3":"status-publish","4":"has-post-thumbnail","6":"product_cat-cecotec","8":"first","9":"instock","10":"taxable","11":"shipping-taxable","12":"purchasable","13":"product-type-simple"},"_links":{"self":[{"href":"https:\/\/desdropi.com\/elparque\/wp-json\/wp\/v2\/product\/224032"}],"collection":[{"href":"https:\/\/desdropi.com\/elparque\/wp-json\/wp\/v2\/product"}],"about":[{"href":"https:\/\/desdropi.com\/elparque\/wp-json\/wp\/v2\/types\/product"}],"replies":[{"embeddable":true,"href":"https:\/\/desdropi.com\/elparque\/wp-json\/wp\/v2\/comments?post=224032"}],"version-history":[{"count":0,"href":"https:\/\/desdropi.com\/elparque\/wp-json\/wp\/v2\/product\/224032\/revisions"}],"wp:featuredmedia":[{"embeddable":true,"href":"https:\/\/desdropi.com\/elparque\/wp-json\/wp\/v2\/media\/224033"}],"wp:attachment":[{"href":"https:\/\/desdropi.com\/elparque\/wp-json\/wp\/v2\/media?parent=224032"}],"wp:term":[{"taxonomy":"product_cat","embeddable":true,"href":"https:\/\/desdropi.com\/elparque\/wp-json\/wp\/v2\/product_cat?post=224032"},{"taxonomy":"product_tag","embeddable":true,"href":"https:\/\/desdropi.com\/elparque\/wp-json\/wp\/v2\/product_tag?post=224032"}],"curies":[{"name":"wp","href":"https:\/\/api.w.org\/{rel}","templated":true}]}}