{"id":224084,"date":"2025-02-13T11:20:52","date_gmt":"2025-02-13T10:20:52","guid":{"rendered":"https:\/\/desdropi.com\/elparque\/bongo-serie-m30-connected\/"},"modified":"2025-02-13T11:20:52","modified_gmt":"2025-02-13T10:20:52","slug":"bongo-serie-m30-connected","status":"publish","type":"product","link":"https:\/\/desdropi.com\/elparque\/bongo-serie-m30-connected\/","title":{"rendered":"Bongo Serie M30 Connected"},"content":{"rendered":"<p>Bongo Serie M30 Connected Patinete el\u00e9ctrico de 700 W con una autonom\u00eda de hasta 30 km, sistema doble de frenado mediante disco de freno de alta precisi\u00f3n y e-ABS con frenada regenerativa y sistema de conducci\u00f3n adaptativa S-Driving System. Certificado para cumplir con los requisitos de la normativa espa\u00f1ola de circulaci\u00f3n.<\/p>\n","protected":false},"excerpt":{"rendered":"<p>Bongo Serie M30 Connected Patinete el\u00e9ctrico de 700 W con una autonom\u00eda de hasta 30 km, sistema doble de frenado<\/p>\n","protected":false},"featured_media":224085,"comment_status":"open","ping_status":"open","template":"","meta":{"_joinchat":[]},"product_cat":[7230],"product_tag":[],"class_list":{"0":"post-224084","1":"product","2":"type-product","3":"status-publish","4":"has-post-thumbnail","6":"product_cat-cecotec","8":"first","9":"instock","10":"taxable","11":"shipping-taxable","12":"purchasable","13":"product-type-simple"},"_links":{"self":[{"href":"https:\/\/desdropi.com\/elparque\/wp-json\/wp\/v2\/product\/224084"}],"collection":[{"href":"https:\/\/desdropi.com\/elparque\/wp-json\/wp\/v2\/product"}],"about":[{"href":"https:\/\/desdropi.com\/elparque\/wp-json\/wp\/v2\/types\/product"}],"replies":[{"embeddable":true,"href":"https:\/\/desdropi.com\/elparque\/wp-json\/wp\/v2\/comments?post=224084"}],"version-history":[{"count":0,"href":"https:\/\/desdropi.com\/elparque\/wp-json\/wp\/v2\/product\/224084\/revisions"}],"wp:featuredmedia":[{"embeddable":true,"href":"https:\/\/desdropi.com\/elparque\/wp-json\/wp\/v2\/media\/224085"}],"wp:attachment":[{"href":"https:\/\/desdropi.com\/elparque\/wp-json\/wp\/v2\/media?parent=224084"}],"wp:term":[{"taxonomy":"product_cat","embeddable":true,"href":"https:\/\/desdropi.com\/elparque\/wp-json\/wp\/v2\/product_cat?post=224084"},{"taxonomy":"product_tag","embeddable":true,"href":"https:\/\/desdropi.com\/elparque\/wp-json\/wp\/v2\/product_tag?post=224084"}],"curies":[{"name":"wp","href":"https:\/\/api.w.org\/{rel}","templated":true}]}}