{"id":224092,"date":"2025-02-13T11:22:02","date_gmt":"2025-02-13T10:22:02","guid":{"rendered":"https:\/\/desdropi.com\/elparque\/bicicleta-electrica-capital\/"},"modified":"2025-02-13T11:22:02","modified_gmt":"2025-02-13T10:22:02","slug":"bicicleta-electrica-capital","status":"publish","type":"product","link":"https:\/\/desdropi.com\/elparque\/bicicleta-electrica-capital\/","title":{"rendered":"Bicicleta el\u00e9ctrica Capital"},"content":{"rendered":"<p>Bicicleta el\u00e9ctrica Capital Bicicleta el\u00e9ctrica de ciudad con 80 km de autonom\u00eda, 28, suspensi\u00f3n delantera, cambio Shimano de 6 velocidades y doble disco de freno.<\/p>\n","protected":false},"excerpt":{"rendered":"<p>Bicicleta el\u00e9ctrica Capital Bicicleta el\u00e9ctrica de ciudad con 80 km de autonom\u00eda, 28, suspensi\u00f3n delantera, cambio Shimano de 6 velocidades<\/p>\n","protected":false},"featured_media":224093,"comment_status":"open","ping_status":"open","template":"","meta":{"_joinchat":[]},"product_cat":[7230],"product_tag":[],"class_list":{"0":"post-224092","1":"product","2":"type-product","3":"status-publish","4":"has-post-thumbnail","6":"product_cat-cecotec","8":"first","9":"instock","10":"taxable","11":"shipping-taxable","12":"purchasable","13":"product-type-simple"},"_links":{"self":[{"href":"https:\/\/desdropi.com\/elparque\/wp-json\/wp\/v2\/product\/224092"}],"collection":[{"href":"https:\/\/desdropi.com\/elparque\/wp-json\/wp\/v2\/product"}],"about":[{"href":"https:\/\/desdropi.com\/elparque\/wp-json\/wp\/v2\/types\/product"}],"replies":[{"embeddable":true,"href":"https:\/\/desdropi.com\/elparque\/wp-json\/wp\/v2\/comments?post=224092"}],"version-history":[{"count":0,"href":"https:\/\/desdropi.com\/elparque\/wp-json\/wp\/v2\/product\/224092\/revisions"}],"wp:featuredmedia":[{"embeddable":true,"href":"https:\/\/desdropi.com\/elparque\/wp-json\/wp\/v2\/media\/224093"}],"wp:attachment":[{"href":"https:\/\/desdropi.com\/elparque\/wp-json\/wp\/v2\/media?parent=224092"}],"wp:term":[{"taxonomy":"product_cat","embeddable":true,"href":"https:\/\/desdropi.com\/elparque\/wp-json\/wp\/v2\/product_cat?post=224092"},{"taxonomy":"product_tag","embeddable":true,"href":"https:\/\/desdropi.com\/elparque\/wp-json\/wp\/v2\/product_tag?post=224092"}],"curies":[{"name":"wp","href":"https:\/\/api.w.org\/{rel}","templated":true}]}}