{"id":224096,"date":"2025-02-13T11:22:02","date_gmt":"2025-02-13T10:22:02","guid":{"rendered":"https:\/\/desdropi.com\/elparque\/bicicleta-electrica-e-xplore\/"},"modified":"2025-02-13T11:22:07","modified_gmt":"2025-02-13T10:22:07","slug":"bicicleta-electrica-e-xplore","status":"publish","type":"product","link":"https:\/\/desdropi.com\/elparque\/bicicleta-electrica-e-xplore\/","title":{"rendered":"Bicicleta el\u00e9ctrica e-Xplore"},"content":{"rendered":"<p>Bicicleta el\u00e9ctrica e-Xplore de monta\u00f1a de bater\u00eda extra\u00edble con 55 km de autonom\u00eda, 27,5 , suspensi\u00f3n delantera, cambio Shimano de 7 velocidades y doble disco de freno.<\/p>\n","protected":false},"excerpt":{"rendered":"<p>Bicicleta el\u00e9ctrica e-Xplore de monta\u00f1a de bater\u00eda extra\u00edble con 55 km de autonom\u00eda, 27,5 , suspensi\u00f3n delantera, cambio Shimano de<\/p>\n","protected":false},"featured_media":224097,"comment_status":"open","ping_status":"open","template":"","meta":{"_joinchat":[]},"product_cat":[7230],"product_tag":[],"class_list":{"0":"post-224096","1":"product","2":"type-product","3":"status-publish","4":"has-post-thumbnail","6":"product_cat-cecotec","8":"first","9":"instock","10":"taxable","11":"shipping-taxable","12":"purchasable","13":"product-type-simple"},"_links":{"self":[{"href":"https:\/\/desdropi.com\/elparque\/wp-json\/wp\/v2\/product\/224096"}],"collection":[{"href":"https:\/\/desdropi.com\/elparque\/wp-json\/wp\/v2\/product"}],"about":[{"href":"https:\/\/desdropi.com\/elparque\/wp-json\/wp\/v2\/types\/product"}],"replies":[{"embeddable":true,"href":"https:\/\/desdropi.com\/elparque\/wp-json\/wp\/v2\/comments?post=224096"}],"version-history":[{"count":0,"href":"https:\/\/desdropi.com\/elparque\/wp-json\/wp\/v2\/product\/224096\/revisions"}],"wp:featuredmedia":[{"embeddable":true,"href":"https:\/\/desdropi.com\/elparque\/wp-json\/wp\/v2\/media\/224097"}],"wp:attachment":[{"href":"https:\/\/desdropi.com\/elparque\/wp-json\/wp\/v2\/media?parent=224096"}],"wp:term":[{"taxonomy":"product_cat","embeddable":true,"href":"https:\/\/desdropi.com\/elparque\/wp-json\/wp\/v2\/product_cat?post=224096"},{"taxonomy":"product_tag","embeddable":true,"href":"https:\/\/desdropi.com\/elparque\/wp-json\/wp\/v2\/product_tag?post=224096"}],"curies":[{"name":"wp","href":"https:\/\/api.w.org\/{rel}","templated":true}]}}