{"id":224100,"date":"2025-02-13T11:22:11","date_gmt":"2025-02-13T10:22:11","guid":{"rendered":"https:\/\/desdropi.com\/elparque\/drumfit-wayhome-1600-runner-sprint\/"},"modified":"2025-02-13T11:22:11","modified_gmt":"2025-02-13T10:22:11","slug":"drumfit-wayhome-1600-runner-sprint","status":"publish","type":"product","link":"https:\/\/desdropi.com\/elparque\/drumfit-wayhome-1600-runner-sprint\/","title":{"rendered":"DrumFit WayHome 1600 Runner Sprint"},"content":{"rendered":"<p>DrumFit WayHome 1600 Runner Sprint Cinta de correr plegable con potencia de 1900 W. De 1 a 16 Km\/h. 12 programas predefinidos. Sistema de amortiguaci\u00f3n. Panel de control LCD. Superficie de carrera de 130&#215;40 cm. Inclinaci\u00f3n motorizada. Plegable, con ruedas de transporte, puls\u00f3metro, sistema de seguridad magn\u00e9tico y soporte para dispositivos.<\/p>\n","protected":false},"excerpt":{"rendered":"<p>DrumFit WayHome 1600 Runner Sprint Cinta de correr plegable con potencia de 1900 W. De 1 a 16 Km\/h. 12<\/p>\n","protected":false},"featured_media":224101,"comment_status":"open","ping_status":"open","template":"","meta":{"_joinchat":[]},"product_cat":[7230],"product_tag":[],"class_list":{"0":"post-224100","1":"product","2":"type-product","3":"status-publish","4":"has-post-thumbnail","6":"product_cat-cecotec","8":"first","9":"outofstock","10":"taxable","11":"shipping-taxable","12":"purchasable","13":"product-type-simple"},"_links":{"self":[{"href":"https:\/\/desdropi.com\/elparque\/wp-json\/wp\/v2\/product\/224100"}],"collection":[{"href":"https:\/\/desdropi.com\/elparque\/wp-json\/wp\/v2\/product"}],"about":[{"href":"https:\/\/desdropi.com\/elparque\/wp-json\/wp\/v2\/types\/product"}],"replies":[{"embeddable":true,"href":"https:\/\/desdropi.com\/elparque\/wp-json\/wp\/v2\/comments?post=224100"}],"version-history":[{"count":0,"href":"https:\/\/desdropi.com\/elparque\/wp-json\/wp\/v2\/product\/224100\/revisions"}],"wp:featuredmedia":[{"embeddable":true,"href":"https:\/\/desdropi.com\/elparque\/wp-json\/wp\/v2\/media\/224101"}],"wp:attachment":[{"href":"https:\/\/desdropi.com\/elparque\/wp-json\/wp\/v2\/media?parent=224100"}],"wp:term":[{"taxonomy":"product_cat","embeddable":true,"href":"https:\/\/desdropi.com\/elparque\/wp-json\/wp\/v2\/product_cat?post=224100"},{"taxonomy":"product_tag","embeddable":true,"href":"https:\/\/desdropi.com\/elparque\/wp-json\/wp\/v2\/product_tag?post=224100"}],"curies":[{"name":"wp","href":"https:\/\/api.w.org\/{rel}","templated":true}]}}