{"id":224112,"date":"2025-02-13T11:22:20","date_gmt":"2025-02-13T10:22:20","guid":{"rendered":"https:\/\/desdropi.com\/elparque\/bongo-v55-2x2-connected\/"},"modified":"2025-02-13T11:22:25","modified_gmt":"2025-02-13T10:22:25","slug":"bongo-v55-2x2-connected","status":"publish","type":"product","link":"https:\/\/desdropi.com\/elparque\/bongo-v55-2x2-connected\/","title":{"rendered":"Bongo V55 2&#215;2 Connected"},"content":{"rendered":"<p>Bongo V55 2&#215;2 Connected Patinete el\u00e9ctrico con APP. Con una potencia combinada de 1600 W, doble suspensi\u00f3n, autonom\u00eda de hasta 55 km, Cumple con la normativa espa\u00f1ola de circulaci\u00f3n<\/p>\n","protected":false},"excerpt":{"rendered":"<p>Bongo V55 2&#215;2 Connected Patinete el\u00e9ctrico con APP. Con una potencia combinada de 1600 W, doble suspensi\u00f3n, autonom\u00eda de hasta<\/p>\n","protected":false},"featured_media":224113,"comment_status":"open","ping_status":"open","template":"","meta":{"_joinchat":[]},"product_cat":[7230],"product_tag":[],"class_list":{"0":"post-224112","1":"product","2":"type-product","3":"status-publish","4":"has-post-thumbnail","6":"product_cat-cecotec","8":"first","9":"instock","10":"taxable","11":"shipping-taxable","12":"purchasable","13":"product-type-simple"},"_links":{"self":[{"href":"https:\/\/desdropi.com\/elparque\/wp-json\/wp\/v2\/product\/224112"}],"collection":[{"href":"https:\/\/desdropi.com\/elparque\/wp-json\/wp\/v2\/product"}],"about":[{"href":"https:\/\/desdropi.com\/elparque\/wp-json\/wp\/v2\/types\/product"}],"replies":[{"embeddable":true,"href":"https:\/\/desdropi.com\/elparque\/wp-json\/wp\/v2\/comments?post=224112"}],"version-history":[{"count":0,"href":"https:\/\/desdropi.com\/elparque\/wp-json\/wp\/v2\/product\/224112\/revisions"}],"wp:featuredmedia":[{"embeddable":true,"href":"https:\/\/desdropi.com\/elparque\/wp-json\/wp\/v2\/media\/224113"}],"wp:attachment":[{"href":"https:\/\/desdropi.com\/elparque\/wp-json\/wp\/v2\/media?parent=224112"}],"wp:term":[{"taxonomy":"product_cat","embeddable":true,"href":"https:\/\/desdropi.com\/elparque\/wp-json\/wp\/v2\/product_cat?post=224112"},{"taxonomy":"product_tag","embeddable":true,"href":"https:\/\/desdropi.com\/elparque\/wp-json\/wp\/v2\/product_tag?post=224112"}],"curies":[{"name":"wp","href":"https:\/\/api.w.org\/{rel}","templated":true}]}}