{"id":224131,"date":"2025-02-13T11:23:00","date_gmt":"2025-02-13T10:23:00","guid":{"rendered":"https:\/\/desdropi.com\/elparque\/conga-rockstar-3700-glass\/"},"modified":"2025-02-13T11:23:00","modified_gmt":"2025-02-13T10:23:00","slug":"conga-rockstar-3700-glass","status":"publish","type":"product","link":"https:\/\/desdropi.com\/elparque\/conga-rockstar-3700-glass\/","title":{"rendered":"Conga Rockstar 3700 Glass"},"content":{"rendered":"<p>Conga Rockstar 3700 Glass Aspirador limpiacristales con funci\u00f3n 3 en 1. Pulveriza, limpia y aspira. Autonom\u00eda de 30 minutos gracias a su bater\u00eda de 3.7 V. Limpia hasta 75 m2 de superficie por carga. Boquilla vers\u00e1til de 220 mm. Incluye botella pulverizadora con mopa.<\/p>\n","protected":false},"excerpt":{"rendered":"<p>Conga Rockstar 3700 Glass Aspirador limpiacristales con funci\u00f3n 3 en 1. Pulveriza, limpia y aspira. Autonom\u00eda de 30 minutos gracias<\/p>\n","protected":false},"featured_media":224132,"comment_status":"open","ping_status":"open","template":"","meta":{"_joinchat":[]},"product_cat":[7230],"product_tag":[],"class_list":{"0":"post-224131","1":"product","2":"type-product","3":"status-publish","4":"has-post-thumbnail","6":"product_cat-cecotec","8":"first","9":"instock","10":"taxable","11":"shipping-taxable","12":"purchasable","13":"product-type-simple"},"_links":{"self":[{"href":"https:\/\/desdropi.com\/elparque\/wp-json\/wp\/v2\/product\/224131"}],"collection":[{"href":"https:\/\/desdropi.com\/elparque\/wp-json\/wp\/v2\/product"}],"about":[{"href":"https:\/\/desdropi.com\/elparque\/wp-json\/wp\/v2\/types\/product"}],"replies":[{"embeddable":true,"href":"https:\/\/desdropi.com\/elparque\/wp-json\/wp\/v2\/comments?post=224131"}],"version-history":[{"count":0,"href":"https:\/\/desdropi.com\/elparque\/wp-json\/wp\/v2\/product\/224131\/revisions"}],"wp:featuredmedia":[{"embeddable":true,"href":"https:\/\/desdropi.com\/elparque\/wp-json\/wp\/v2\/media\/224132"}],"wp:attachment":[{"href":"https:\/\/desdropi.com\/elparque\/wp-json\/wp\/v2\/media?parent=224131"}],"wp:term":[{"taxonomy":"product_cat","embeddable":true,"href":"https:\/\/desdropi.com\/elparque\/wp-json\/wp\/v2\/product_cat?post=224131"},{"taxonomy":"product_tag","embeddable":true,"href":"https:\/\/desdropi.com\/elparque\/wp-json\/wp\/v2\/product_tag?post=224131"}],"curies":[{"name":"wp","href":"https:\/\/api.w.org\/{rel}","templated":true}]}}