{"id":224135,"date":"2025-02-13T11:23:00","date_gmt":"2025-02-13T10:23:00","guid":{"rendered":"https:\/\/desdropi.com\/elparque\/conga-999-map-genesis\/"},"modified":"2025-02-13T11:23:04","modified_gmt":"2025-02-13T10:23:04","slug":"conga-999-map-genesis","status":"publish","type":"product","link":"https:\/\/desdropi.com\/elparque\/conga-999-map-genesis\/","title":{"rendered":"Conga 999 Map Genesis"},"content":{"rendered":"<p>Conga 999 Map Genesis Robot aspirador con navegaci\u00f3n girosc\u00f3pica para una limpieza total de la casa. Motor de succi\u00f3n de 2000 Pa. 2 cepillos laterales.Mopa de fregado. Autonom\u00eda de 120 minutos. Control con APP de CECOTEC y con mando a distancia. Conectividad WiFi 2,4 GhZ y Bluetooth.<\/p>\n","protected":false},"excerpt":{"rendered":"<p>Conga 999 Map Genesis Robot aspirador con navegaci\u00f3n girosc\u00f3pica para una limpieza total de la casa. Motor de succi\u00f3n de<\/p>\n","protected":false},"featured_media":224136,"comment_status":"open","ping_status":"open","template":"","meta":{"_joinchat":[]},"product_cat":[7230],"product_tag":[],"class_list":{"0":"post-224135","1":"product","2":"type-product","3":"status-publish","4":"has-post-thumbnail","6":"product_cat-cecotec","8":"first","9":"instock","10":"taxable","11":"shipping-taxable","12":"purchasable","13":"product-type-simple"},"_links":{"self":[{"href":"https:\/\/desdropi.com\/elparque\/wp-json\/wp\/v2\/product\/224135"}],"collection":[{"href":"https:\/\/desdropi.com\/elparque\/wp-json\/wp\/v2\/product"}],"about":[{"href":"https:\/\/desdropi.com\/elparque\/wp-json\/wp\/v2\/types\/product"}],"replies":[{"embeddable":true,"href":"https:\/\/desdropi.com\/elparque\/wp-json\/wp\/v2\/comments?post=224135"}],"version-history":[{"count":0,"href":"https:\/\/desdropi.com\/elparque\/wp-json\/wp\/v2\/product\/224135\/revisions"}],"wp:featuredmedia":[{"embeddable":true,"href":"https:\/\/desdropi.com\/elparque\/wp-json\/wp\/v2\/media\/224136"}],"wp:attachment":[{"href":"https:\/\/desdropi.com\/elparque\/wp-json\/wp\/v2\/media?parent=224135"}],"wp:term":[{"taxonomy":"product_cat","embeddable":true,"href":"https:\/\/desdropi.com\/elparque\/wp-json\/wp\/v2\/product_cat?post=224135"},{"taxonomy":"product_tag","embeddable":true,"href":"https:\/\/desdropi.com\/elparque\/wp-json\/wp\/v2\/product_tag?post=224135"}],"curies":[{"name":"wp","href":"https:\/\/api.w.org\/{rel}","templated":true}]}}