{"id":224139,"date":"2025-02-13T11:24:02","date_gmt":"2025-02-13T10:24:02","guid":{"rendered":"https:\/\/desdropi.com\/elparque\/conga-7490-ultimate-home-x-treme\/"},"modified":"2025-02-13T11:24:02","modified_gmt":"2025-02-13T10:24:02","slug":"conga-7490-ultimate-home-x-treme","status":"publish","type":"product","link":"https:\/\/desdropi.com\/elparque\/conga-7490-ultimate-home-x-treme\/","title":{"rendered":"Conga 7490 Ultimate Home X-Treme"},"content":{"rendered":"<p>Conga 7490 Ultimate Home X-Treme Robot aspirador Conga 7490 Ultimate Home X-Treme con navegaci\u00f3n l\u00e1ser y base de autovaciado. Limpieza 4 en 1: barre, aspira, friega y pasa la mopa. Potencia de succi\u00f3n de 4000 Pa. 120 minutos de autonom\u00eda. Cepillo central multifunci\u00f3n, 1 mopa de fregado y 1 cepillo lateral. 3 niveles de potencia de aspiraci\u00f3n y de fregado. Control APP y asistentes virtuales. Detecci\u00f3n de bolsa autom\u00e1tica. 2 litros de capacidad.<\/p>\n","protected":false},"excerpt":{"rendered":"<p>Conga 7490 Ultimate Home X-Treme Robot aspirador Conga 7490 Ultimate Home X-Treme con navegaci\u00f3n l\u00e1ser y base de autovaciado. Limpieza<\/p>\n","protected":false},"featured_media":224140,"comment_status":"open","ping_status":"open","template":"","meta":{"_joinchat":[]},"product_cat":[7230],"product_tag":[],"class_list":{"0":"post-224139","1":"product","2":"type-product","3":"status-publish","4":"has-post-thumbnail","6":"product_cat-cecotec","8":"first","9":"instock","10":"taxable","11":"shipping-taxable","12":"purchasable","13":"product-type-simple"},"_links":{"self":[{"href":"https:\/\/desdropi.com\/elparque\/wp-json\/wp\/v2\/product\/224139"}],"collection":[{"href":"https:\/\/desdropi.com\/elparque\/wp-json\/wp\/v2\/product"}],"about":[{"href":"https:\/\/desdropi.com\/elparque\/wp-json\/wp\/v2\/types\/product"}],"replies":[{"embeddable":true,"href":"https:\/\/desdropi.com\/elparque\/wp-json\/wp\/v2\/comments?post=224139"}],"version-history":[{"count":0,"href":"https:\/\/desdropi.com\/elparque\/wp-json\/wp\/v2\/product\/224139\/revisions"}],"wp:featuredmedia":[{"embeddable":true,"href":"https:\/\/desdropi.com\/elparque\/wp-json\/wp\/v2\/media\/224140"}],"wp:attachment":[{"href":"https:\/\/desdropi.com\/elparque\/wp-json\/wp\/v2\/media?parent=224139"}],"wp:term":[{"taxonomy":"product_cat","embeddable":true,"href":"https:\/\/desdropi.com\/elparque\/wp-json\/wp\/v2\/product_cat?post=224139"},{"taxonomy":"product_tag","embeddable":true,"href":"https:\/\/desdropi.com\/elparque\/wp-json\/wp\/v2\/product_tag?post=224139"}],"curies":[{"name":"wp","href":"https:\/\/api.w.org\/{rel}","templated":true}]}}