{"id":224147,"date":"2025-02-13T11:24:19","date_gmt":"2025-02-13T10:24:19","guid":{"rendered":"https:\/\/desdropi.com\/elparque\/forceclima-9150-style\/"},"modified":"2025-02-13T11:24:19","modified_gmt":"2025-02-13T10:24:19","slug":"forceclima-9150-style","status":"publish","type":"product","link":"https:\/\/desdropi.com\/elparque\/forceclima-9150-style\/","title":{"rendered":"ForceClima 9150 Style"},"content":{"rendered":"<p>ForceClima 9150 Style Aire acondicionado port\u00e1til de dise\u00f1o de 9000 BTU con mando a distancia y control t\u00e1ctil para un confort total.<\/p>\n","protected":false},"excerpt":{"rendered":"<p>ForceClima 9150 Style Aire acondicionado port\u00e1til de dise\u00f1o de 9000 BTU con mando a distancia y control t\u00e1ctil para un<\/p>\n","protected":false},"featured_media":224148,"comment_status":"open","ping_status":"open","template":"","meta":{"_joinchat":[]},"product_cat":[7230],"product_tag":[],"class_list":{"0":"post-224147","1":"product","2":"type-product","3":"status-publish","4":"has-post-thumbnail","6":"product_cat-cecotec","8":"first","9":"instock","10":"taxable","11":"shipping-taxable","12":"purchasable","13":"product-type-simple"},"_links":{"self":[{"href":"https:\/\/desdropi.com\/elparque\/wp-json\/wp\/v2\/product\/224147"}],"collection":[{"href":"https:\/\/desdropi.com\/elparque\/wp-json\/wp\/v2\/product"}],"about":[{"href":"https:\/\/desdropi.com\/elparque\/wp-json\/wp\/v2\/types\/product"}],"replies":[{"embeddable":true,"href":"https:\/\/desdropi.com\/elparque\/wp-json\/wp\/v2\/comments?post=224147"}],"version-history":[{"count":0,"href":"https:\/\/desdropi.com\/elparque\/wp-json\/wp\/v2\/product\/224147\/revisions"}],"wp:featuredmedia":[{"embeddable":true,"href":"https:\/\/desdropi.com\/elparque\/wp-json\/wp\/v2\/media\/224148"}],"wp:attachment":[{"href":"https:\/\/desdropi.com\/elparque\/wp-json\/wp\/v2\/media?parent=224147"}],"wp:term":[{"taxonomy":"product_cat","embeddable":true,"href":"https:\/\/desdropi.com\/elparque\/wp-json\/wp\/v2\/product_cat?post=224147"},{"taxonomy":"product_tag","embeddable":true,"href":"https:\/\/desdropi.com\/elparque\/wp-json\/wp\/v2\/product_tag?post=224147"}],"curies":[{"name":"wp","href":"https:\/\/api.w.org\/{rel}","templated":true}]}}