{"id":224159,"date":"2025-02-13T11:24:40","date_gmt":"2025-02-13T10:24:40","guid":{"rendered":"https:\/\/desdropi.com\/elparque\/forceclima-9100-soundless\/"},"modified":"2025-02-13T11:24:45","modified_gmt":"2025-02-13T10:24:45","slug":"forceclima-9100-soundless","status":"publish","type":"product","link":"https:\/\/desdropi.com\/elparque\/forceclima-9100-soundless\/","title":{"rendered":"ForceClima 9100 Soundless"},"content":{"rendered":"<p>ForceClima 9100 Soundless Aire acondicionado port\u00e1til de 9000 BTU con tecnolog\u00eda Soundless que aporta un funcionamiento m\u00e1s silencioso  y mando a distancia para un confort total.<\/p>\n","protected":false},"excerpt":{"rendered":"<p>ForceClima 9100 Soundless Aire acondicionado port\u00e1til de 9000 BTU con tecnolog\u00eda Soundless que aporta un funcionamiento m\u00e1s silencioso y mando<\/p>\n","protected":false},"featured_media":224160,"comment_status":"open","ping_status":"open","template":"","meta":{"_joinchat":[]},"product_cat":[7230],"product_tag":[],"class_list":{"0":"post-224159","1":"product","2":"type-product","3":"status-publish","4":"has-post-thumbnail","6":"product_cat-cecotec","8":"first","9":"outofstock","10":"taxable","11":"shipping-taxable","12":"purchasable","13":"product-type-simple"},"_links":{"self":[{"href":"https:\/\/desdropi.com\/elparque\/wp-json\/wp\/v2\/product\/224159"}],"collection":[{"href":"https:\/\/desdropi.com\/elparque\/wp-json\/wp\/v2\/product"}],"about":[{"href":"https:\/\/desdropi.com\/elparque\/wp-json\/wp\/v2\/types\/product"}],"replies":[{"embeddable":true,"href":"https:\/\/desdropi.com\/elparque\/wp-json\/wp\/v2\/comments?post=224159"}],"version-history":[{"count":0,"href":"https:\/\/desdropi.com\/elparque\/wp-json\/wp\/v2\/product\/224159\/revisions"}],"wp:featuredmedia":[{"embeddable":true,"href":"https:\/\/desdropi.com\/elparque\/wp-json\/wp\/v2\/media\/224160"}],"wp:attachment":[{"href":"https:\/\/desdropi.com\/elparque\/wp-json\/wp\/v2\/media?parent=224159"}],"wp:term":[{"taxonomy":"product_cat","embeddable":true,"href":"https:\/\/desdropi.com\/elparque\/wp-json\/wp\/v2\/product_cat?post=224159"},{"taxonomy":"product_tag","embeddable":true,"href":"https:\/\/desdropi.com\/elparque\/wp-json\/wp\/v2\/product_tag?post=224159"}],"curies":[{"name":"wp","href":"https:\/\/api.w.org\/{rel}","templated":true}]}}