{"id":224195,"date":"2025-02-13T11:26:41","date_gmt":"2025-02-13T10:26:41","guid":{"rendered":"https:\/\/desdropi.com\/elparque\/energysilence-2600-sunflower-portable\/"},"modified":"2025-02-13T11:26:41","modified_gmt":"2025-02-13T10:26:41","slug":"energysilence-2600-sunflower-portable","status":"publish","type":"product","link":"https:\/\/desdropi.com\/elparque\/energysilence-2600-sunflower-portable\/","title":{"rendered":"EnergySilence 2600 Sunflower Portable"},"content":{"rendered":"<p>EnergySilence 2600 Sunflower Portable Ventilador de bater\u00eda 3 en 1, 22 W con motor BLDC, 13\u0094de di\u00e1metro, gran autonom\u00eda gracias a su bater\u00eda de 2600 mAh, pantalla LED, control remoto, control t\u00e1ctil y oscilaci\u00f3n horizontal y vertical.<\/p>\n","protected":false},"excerpt":{"rendered":"<p>EnergySilence 2600 Sunflower Portable Ventilador de bater\u00eda 3 en 1, 22 W con motor BLDC, 13\u0094de di\u00e1metro, gran autonom\u00eda gracias<\/p>\n","protected":false},"featured_media":224196,"comment_status":"open","ping_status":"open","template":"","meta":{"_joinchat":[]},"product_cat":[7230],"product_tag":[],"class_list":{"0":"post-224195","1":"product","2":"type-product","3":"status-publish","4":"has-post-thumbnail","6":"product_cat-cecotec","8":"first","9":"instock","10":"taxable","11":"shipping-taxable","12":"purchasable","13":"product-type-simple"},"_links":{"self":[{"href":"https:\/\/desdropi.com\/elparque\/wp-json\/wp\/v2\/product\/224195"}],"collection":[{"href":"https:\/\/desdropi.com\/elparque\/wp-json\/wp\/v2\/product"}],"about":[{"href":"https:\/\/desdropi.com\/elparque\/wp-json\/wp\/v2\/types\/product"}],"replies":[{"embeddable":true,"href":"https:\/\/desdropi.com\/elparque\/wp-json\/wp\/v2\/comments?post=224195"}],"version-history":[{"count":0,"href":"https:\/\/desdropi.com\/elparque\/wp-json\/wp\/v2\/product\/224195\/revisions"}],"wp:featuredmedia":[{"embeddable":true,"href":"https:\/\/desdropi.com\/elparque\/wp-json\/wp\/v2\/media\/224196"}],"wp:attachment":[{"href":"https:\/\/desdropi.com\/elparque\/wp-json\/wp\/v2\/media?parent=224195"}],"wp:term":[{"taxonomy":"product_cat","embeddable":true,"href":"https:\/\/desdropi.com\/elparque\/wp-json\/wp\/v2\/product_cat?post=224195"},{"taxonomy":"product_tag","embeddable":true,"href":"https:\/\/desdropi.com\/elparque\/wp-json\/wp\/v2\/product_tag?post=224195"}],"curies":[{"name":"wp","href":"https:\/\/api.w.org\/{rel}","templated":true}]}}