{"id":224219,"date":"2025-02-13T11:28:21","date_gmt":"2025-02-13T10:28:21","guid":{"rendered":"https:\/\/desdropi.com\/elparque\/readywarm-2000-max-ceramic-rotate-design\/"},"modified":"2025-02-13T11:28:21","modified_gmt":"2025-02-13T10:28:21","slug":"readywarm-2000-max-ceramic-rotate-design","status":"publish","type":"product","link":"https:\/\/desdropi.com\/elparque\/readywarm-2000-max-ceramic-rotate-design\/","title":{"rendered":"ReadyWarm 2000 Max Ceramic Rotate Design"},"content":{"rendered":"<p>Calefactor cer\u00e1mico ReadyWarm 2000 Max Ceramic Rotate Design Calefactor cer\u00e1mico de pie, con 2000 W, oscilaci\u00f3n, 3 modos de funcionamiento y termostato regulable.<\/p>\n","protected":false},"excerpt":{"rendered":"<p>Calefactor cer\u00e1mico ReadyWarm 2000 Max Ceramic Rotate Design Calefactor cer\u00e1mico de pie, con 2000 W, oscilaci\u00f3n, 3 modos de funcionamiento<\/p>\n","protected":false},"featured_media":224220,"comment_status":"open","ping_status":"open","template":"","meta":{"_joinchat":[]},"product_cat":[7230],"product_tag":[],"class_list":{"0":"post-224219","1":"product","2":"type-product","3":"status-publish","4":"has-post-thumbnail","6":"product_cat-cecotec","8":"first","9":"instock","10":"taxable","11":"shipping-taxable","12":"purchasable","13":"product-type-simple"},"_links":{"self":[{"href":"https:\/\/desdropi.com\/elparque\/wp-json\/wp\/v2\/product\/224219"}],"collection":[{"href":"https:\/\/desdropi.com\/elparque\/wp-json\/wp\/v2\/product"}],"about":[{"href":"https:\/\/desdropi.com\/elparque\/wp-json\/wp\/v2\/types\/product"}],"replies":[{"embeddable":true,"href":"https:\/\/desdropi.com\/elparque\/wp-json\/wp\/v2\/comments?post=224219"}],"version-history":[{"count":0,"href":"https:\/\/desdropi.com\/elparque\/wp-json\/wp\/v2\/product\/224219\/revisions"}],"wp:featuredmedia":[{"embeddable":true,"href":"https:\/\/desdropi.com\/elparque\/wp-json\/wp\/v2\/media\/224220"}],"wp:attachment":[{"href":"https:\/\/desdropi.com\/elparque\/wp-json\/wp\/v2\/media?parent=224219"}],"wp:term":[{"taxonomy":"product_cat","embeddable":true,"href":"https:\/\/desdropi.com\/elparque\/wp-json\/wp\/v2\/product_cat?post=224219"},{"taxonomy":"product_tag","embeddable":true,"href":"https:\/\/desdropi.com\/elparque\/wp-json\/wp\/v2\/product_tag?post=224219"}],"curies":[{"name":"wp","href":"https:\/\/api.w.org\/{rel}","templated":true}]}}