{"id":224243,"date":"2025-02-13T11:30:05","date_gmt":"2025-02-13T10:30:05","guid":{"rendered":"https:\/\/desdropi.com\/elparque\/scoba-2100-jalisco\/"},"modified":"2025-02-13T11:30:05","modified_gmt":"2025-02-13T10:30:05","slug":"scoba-2100-jalisco","status":"publish","type":"product","link":"https:\/\/desdropi.com\/elparque\/scoba-2100-jalisco\/","title":{"rendered":"Scoba 2100 Jalisco"},"content":{"rendered":"<p>Scoba 2100 Jalisco Aspirador escoba sin cables sin bolsa con dise\u00f1o ultraligero (menos de 1 kg en mano y 1,6 kg entero) y motor Digital Brushless de 210 W y 20 kPa de poder de succi\u00f3n. Autonom\u00eda de hasta 45 minutos. Dos modos de potencia. Tubo y cepillo Jalisco motorizado. Con accesorio 2en1, accesorio para tapicer\u00edas y soporte de pared.<\/p>\n","protected":false},"excerpt":{"rendered":"<p>Scoba 2100 Jalisco Aspirador escoba sin cables sin bolsa con dise\u00f1o ultraligero (menos de 1 kg en mano y 1,6<\/p>\n","protected":false},"featured_media":224244,"comment_status":"open","ping_status":"open","template":"","meta":{"_joinchat":[]},"product_cat":[7230],"product_tag":[],"class_list":{"0":"post-224243","1":"product","2":"type-product","3":"status-publish","4":"has-post-thumbnail","6":"product_cat-cecotec","8":"first","9":"instock","10":"taxable","11":"shipping-taxable","12":"purchasable","13":"product-type-simple"},"_links":{"self":[{"href":"https:\/\/desdropi.com\/elparque\/wp-json\/wp\/v2\/product\/224243"}],"collection":[{"href":"https:\/\/desdropi.com\/elparque\/wp-json\/wp\/v2\/product"}],"about":[{"href":"https:\/\/desdropi.com\/elparque\/wp-json\/wp\/v2\/types\/product"}],"replies":[{"embeddable":true,"href":"https:\/\/desdropi.com\/elparque\/wp-json\/wp\/v2\/comments?post=224243"}],"version-history":[{"count":0,"href":"https:\/\/desdropi.com\/elparque\/wp-json\/wp\/v2\/product\/224243\/revisions"}],"wp:featuredmedia":[{"embeddable":true,"href":"https:\/\/desdropi.com\/elparque\/wp-json\/wp\/v2\/media\/224244"}],"wp:attachment":[{"href":"https:\/\/desdropi.com\/elparque\/wp-json\/wp\/v2\/media?parent=224243"}],"wp:term":[{"taxonomy":"product_cat","embeddable":true,"href":"https:\/\/desdropi.com\/elparque\/wp-json\/wp\/v2\/product_cat?post=224243"},{"taxonomy":"product_tag","embeddable":true,"href":"https:\/\/desdropi.com\/elparque\/wp-json\/wp\/v2\/product_tag?post=224243"}],"curies":[{"name":"wp","href":"https:\/\/api.w.org\/{rel}","templated":true}]}}