{"id":224247,"date":"2025-02-13T11:30:05","date_gmt":"2025-02-13T10:30:05","guid":{"rendered":"https:\/\/desdropi.com\/elparque\/scoba-2100-twice-max\/"},"modified":"2025-02-13T11:30:10","modified_gmt":"2025-02-13T10:30:10","slug":"scoba-2100-twice-max","status":"publish","type":"product","link":"https:\/\/desdropi.com\/elparque\/scoba-2100-twice-max\/","title":{"rendered":"Scoba 2100 Twice Max"},"content":{"rendered":"<p>Scoba 2100 Twice Max Aspirador escoba sin cables sin bolsa con dise\u00f1o ultraligero (menos de 1 kg en mano y 1,6 kg entero) y cabezal motorizado omnidireccional con doble cepillo que permite movimientos laterales y circulares para una limpieza \u00e1gil y c\u00f3moda. Motor Digital Brushless de 210 W y 20 kPa de poder de succi\u00f3n. Menos de 1 kg en mano y 1,6 kg vertical. Autonom\u00eda de hasta 45 minutos. Dos modos de potencia. Con accesorio 2en1.<\/p>\n","protected":false},"excerpt":{"rendered":"<p>Scoba 2100 Twice Max Aspirador escoba sin cables sin bolsa con dise\u00f1o ultraligero (menos de 1 kg en mano y<\/p>\n","protected":false},"featured_media":224248,"comment_status":"open","ping_status":"open","template":"","meta":{"_joinchat":[]},"product_cat":[7230],"product_tag":[],"class_list":{"0":"post-224247","1":"product","2":"type-product","3":"status-publish","4":"has-post-thumbnail","6":"product_cat-cecotec","8":"first","9":"instock","10":"taxable","11":"shipping-taxable","12":"purchasable","13":"product-type-simple"},"_links":{"self":[{"href":"https:\/\/desdropi.com\/elparque\/wp-json\/wp\/v2\/product\/224247"}],"collection":[{"href":"https:\/\/desdropi.com\/elparque\/wp-json\/wp\/v2\/product"}],"about":[{"href":"https:\/\/desdropi.com\/elparque\/wp-json\/wp\/v2\/types\/product"}],"replies":[{"embeddable":true,"href":"https:\/\/desdropi.com\/elparque\/wp-json\/wp\/v2\/comments?post=224247"}],"version-history":[{"count":0,"href":"https:\/\/desdropi.com\/elparque\/wp-json\/wp\/v2\/product\/224247\/revisions"}],"wp:featuredmedia":[{"embeddable":true,"href":"https:\/\/desdropi.com\/elparque\/wp-json\/wp\/v2\/media\/224248"}],"wp:attachment":[{"href":"https:\/\/desdropi.com\/elparque\/wp-json\/wp\/v2\/media?parent=224247"}],"wp:term":[{"taxonomy":"product_cat","embeddable":true,"href":"https:\/\/desdropi.com\/elparque\/wp-json\/wp\/v2\/product_cat?post=224247"},{"taxonomy":"product_tag","embeddable":true,"href":"https:\/\/desdropi.com\/elparque\/wp-json\/wp\/v2\/product_tag?post=224247"}],"curies":[{"name":"wp","href":"https:\/\/api.w.org\/{rel}","templated":true}]}}