{"id":224255,"date":"2025-02-13T11:30:14","date_gmt":"2025-02-13T10:30:14","guid":{"rendered":"https:\/\/desdropi.com\/elparque\/conga-5000-carpetspot-clean-xxl\/"},"modified":"2025-02-13T11:30:26","modified_gmt":"2025-02-13T10:30:26","slug":"conga-5000-carpetspot-clean-xxl","status":"publish","type":"product","link":"https:\/\/desdropi.com\/elparque\/conga-5000-carpetspot-clean-xxl\/","title":{"rendered":"Conga 5000 Carpet&#038;Spot Clean XXL"},"content":{"rendered":"<p>Conga 5000 Carpet&#038;Spot Clean XXL Aspirador de tapicer\u00edas Spot &#038; Carpet Clean. Potencia de 650 W. Dos dep\u00f3sitos, uno de agua limpia y otro de agua sucia. Pulverizador de agua y 12 kpa de succi\u00f3n<\/p>\n","protected":false},"excerpt":{"rendered":"<p>Conga 5000 Carpet&#038;Spot Clean XXL Aspirador de tapicer\u00edas Spot &#038; Carpet Clean. Potencia de 650 W. Dos dep\u00f3sitos, uno de<\/p>\n","protected":false},"featured_media":224256,"comment_status":"open","ping_status":"open","template":"","meta":{"_joinchat":[]},"product_cat":[7230],"product_tag":[],"class_list":{"0":"post-224255","1":"product","2":"type-product","3":"status-publish","4":"has-post-thumbnail","6":"product_cat-cecotec","8":"first","9":"outofstock","10":"taxable","11":"shipping-taxable","12":"purchasable","13":"product-type-simple"},"_links":{"self":[{"href":"https:\/\/desdropi.com\/elparque\/wp-json\/wp\/v2\/product\/224255"}],"collection":[{"href":"https:\/\/desdropi.com\/elparque\/wp-json\/wp\/v2\/product"}],"about":[{"href":"https:\/\/desdropi.com\/elparque\/wp-json\/wp\/v2\/types\/product"}],"replies":[{"embeddable":true,"href":"https:\/\/desdropi.com\/elparque\/wp-json\/wp\/v2\/comments?post=224255"}],"version-history":[{"count":0,"href":"https:\/\/desdropi.com\/elparque\/wp-json\/wp\/v2\/product\/224255\/revisions"}],"wp:featuredmedia":[{"embeddable":true,"href":"https:\/\/desdropi.com\/elparque\/wp-json\/wp\/v2\/media\/224256"}],"wp:attachment":[{"href":"https:\/\/desdropi.com\/elparque\/wp-json\/wp\/v2\/media?parent=224255"}],"wp:term":[{"taxonomy":"product_cat","embeddable":true,"href":"https:\/\/desdropi.com\/elparque\/wp-json\/wp\/v2\/product_cat?post=224255"},{"taxonomy":"product_tag","embeddable":true,"href":"https:\/\/desdropi.com\/elparque\/wp-json\/wp\/v2\/product_tag?post=224255"}],"curies":[{"name":"wp","href":"https:\/\/api.w.org\/{rel}","templated":true}]}}