{"id":224291,"date":"2025-02-13T11:32:12","date_gmt":"2025-02-13T10:32:12","guid":{"rendered":"https:\/\/desdropi.com\/elparque\/conga-rockstar-multicyclonic-xxl-animal\/"},"modified":"2025-02-13T11:32:12","modified_gmt":"2025-02-13T10:32:12","slug":"conga-rockstar-multicyclonic-xxl-animal","status":"publish","type":"product","link":"https:\/\/desdropi.com\/elparque\/conga-rockstar-multicyclonic-xxl-animal\/","title":{"rendered":"Conga Rockstar Multicyclonic XXL Animal"},"content":{"rendered":"<p>Conga Rockstar Multicyclonic XXL Animal Aspirador de trineo de 800 W. Multicicl\u00f3nico sin bolsas. M\u00e1xima capacidad del dep\u00f3sito de hasta 4 L con filtrado de alta eficiencia y tubo telesc\u00f3pico met\u00e1lico. Incluye 3 accesorios + el accesorio especial para animales.<\/p>\n","protected":false},"excerpt":{"rendered":"<p>Conga Rockstar Multicyclonic XXL Animal Aspirador de trineo de 800 W. Multicicl\u00f3nico sin bolsas. M\u00e1xima capacidad del dep\u00f3sito de hasta<\/p>\n","protected":false},"featured_media":224292,"comment_status":"open","ping_status":"open","template":"","meta":{"_joinchat":[]},"product_cat":[7230],"product_tag":[],"class_list":{"0":"post-224291","1":"product","2":"type-product","3":"status-publish","4":"has-post-thumbnail","6":"product_cat-cecotec","8":"first","9":"instock","10":"taxable","11":"shipping-taxable","12":"purchasable","13":"product-type-simple"},"_links":{"self":[{"href":"https:\/\/desdropi.com\/elparque\/wp-json\/wp\/v2\/product\/224291"}],"collection":[{"href":"https:\/\/desdropi.com\/elparque\/wp-json\/wp\/v2\/product"}],"about":[{"href":"https:\/\/desdropi.com\/elparque\/wp-json\/wp\/v2\/types\/product"}],"replies":[{"embeddable":true,"href":"https:\/\/desdropi.com\/elparque\/wp-json\/wp\/v2\/comments?post=224291"}],"version-history":[{"count":0,"href":"https:\/\/desdropi.com\/elparque\/wp-json\/wp\/v2\/product\/224291\/revisions"}],"wp:featuredmedia":[{"embeddable":true,"href":"https:\/\/desdropi.com\/elparque\/wp-json\/wp\/v2\/media\/224292"}],"wp:attachment":[{"href":"https:\/\/desdropi.com\/elparque\/wp-json\/wp\/v2\/media?parent=224291"}],"wp:term":[{"taxonomy":"product_cat","embeddable":true,"href":"https:\/\/desdropi.com\/elparque\/wp-json\/wp\/v2\/product_cat?post=224291"},{"taxonomy":"product_tag","embeddable":true,"href":"https:\/\/desdropi.com\/elparque\/wp-json\/wp\/v2\/product_tag?post=224291"}],"curies":[{"name":"wp","href":"https:\/\/api.w.org\/{rel}","templated":true}]}}