{"id":224327,"date":"2025-02-13T11:34:29","date_gmt":"2025-02-13T10:34:29","guid":{"rendered":"https:\/\/desdropi.com\/elparque\/haircare-revitalize-aluminum\/"},"modified":"2025-04-14T09:32:09","modified_gmt":"2025-04-14T07:32:09","slug":"haircare-revitalize-aluminum","status":"publish","type":"product","link":"https:\/\/desdropi.com\/elparque\/haircare-revitalize-aluminum\/","title":{"rendered":"HairCare Revitalize Aluminum"},"content":{"rendered":"<p>HairCare Revitalize Aluminum Cepillo reparador de cabello con 5 tecnolog\u00edas: vibraci\u00f3n, iones negativos, microcorrientes EMS, l\u00e1ser de baja potencia (LLLT) y luz LED roja y azul. Sustituye tu cepillo convencional y ayuda a regenerar las cut\u00edculas del cabello.<\/p>\n","protected":false},"excerpt":{"rendered":"<p>HairCare Revitalize Aluminum Cepillo reparador de cabello con 5 tecnolog\u00edas: vibraci\u00f3n, iones negativos, microcorrientes EMS, l\u00e1ser de baja potencia (LLLT)<\/p>\n","protected":false},"featured_media":224328,"comment_status":"open","ping_status":"open","template":"","meta":{"_joinchat":[]},"product_cat":[7230],"product_tag":[],"class_list":{"0":"post-224327","1":"product","2":"type-product","3":"status-publish","4":"has-post-thumbnail","6":"product_cat-cecotec","8":"first","9":"outofstock","10":"taxable","11":"shipping-taxable","12":"purchasable","13":"product-type-simple"},"_links":{"self":[{"href":"https:\/\/desdropi.com\/elparque\/wp-json\/wp\/v2\/product\/224327"}],"collection":[{"href":"https:\/\/desdropi.com\/elparque\/wp-json\/wp\/v2\/product"}],"about":[{"href":"https:\/\/desdropi.com\/elparque\/wp-json\/wp\/v2\/types\/product"}],"replies":[{"embeddable":true,"href":"https:\/\/desdropi.com\/elparque\/wp-json\/wp\/v2\/comments?post=224327"}],"version-history":[{"count":1,"href":"https:\/\/desdropi.com\/elparque\/wp-json\/wp\/v2\/product\/224327\/revisions"}],"predecessor-version":[{"id":225089,"href":"https:\/\/desdropi.com\/elparque\/wp-json\/wp\/v2\/product\/224327\/revisions\/225089"}],"wp:featuredmedia":[{"embeddable":true,"href":"https:\/\/desdropi.com\/elparque\/wp-json\/wp\/v2\/media\/224328"}],"wp:attachment":[{"href":"https:\/\/desdropi.com\/elparque\/wp-json\/wp\/v2\/media?parent=224327"}],"wp:term":[{"taxonomy":"product_cat","embeddable":true,"href":"https:\/\/desdropi.com\/elparque\/wp-json\/wp\/v2\/product_cat?post=224327"},{"taxonomy":"product_tag","embeddable":true,"href":"https:\/\/desdropi.com\/elparque\/wp-json\/wp\/v2\/product_tag?post=224327"}],"curies":[{"name":"wp","href":"https:\/\/api.w.org\/{rel}","templated":true}]}}