{"id":224343,"date":"2025-02-13T11:36:02","date_gmt":"2025-02-13T10:36:02","guid":{"rendered":"https:\/\/desdropi.com\/elparque\/bolero-squad-g-2200s-glass-black\/"},"modified":"2025-04-14T09:32:10","modified_gmt":"2025-04-14T07:32:10","slug":"bolero-squad-g-2200s-glass-black","status":"publish","type":"product","link":"https:\/\/desdropi.com\/elparque\/bolero-squad-g-2200s-glass-black\/","title":{"rendered":"Bolero Squad G 2200S Glass Black"},"content":{"rendered":"<p>Bolero Squad G 2200S Glass Black Placa de gas, 2 fuegos, acabado en cristal negro, parrillas individuales de hierro fundido, potencia de 5,25kW, quemador WOK triple corona, encendido el\u00e9ctrico, sistema de seguridad de las v\u00e1lvulas, para gas natural y accesorio de gas butano inclu\u00eddo.<\/p>\n","protected":false},"excerpt":{"rendered":"<p>Bolero Squad G 2200S Glass Black Placa de gas, 2 fuegos, acabado en cristal negro, parrillas individuales de hierro fundido,<\/p>\n","protected":false},"featured_media":224344,"comment_status":"open","ping_status":"open","template":"","meta":{"_joinchat":[]},"product_cat":[7230],"product_tag":[],"class_list":{"0":"post-224343","1":"product","2":"type-product","3":"status-publish","4":"has-post-thumbnail","6":"product_cat-cecotec","8":"first","9":"instock","10":"taxable","11":"shipping-taxable","12":"purchasable","13":"product-type-simple"},"_links":{"self":[{"href":"https:\/\/desdropi.com\/elparque\/wp-json\/wp\/v2\/product\/224343"}],"collection":[{"href":"https:\/\/desdropi.com\/elparque\/wp-json\/wp\/v2\/product"}],"about":[{"href":"https:\/\/desdropi.com\/elparque\/wp-json\/wp\/v2\/types\/product"}],"replies":[{"embeddable":true,"href":"https:\/\/desdropi.com\/elparque\/wp-json\/wp\/v2\/comments?post=224343"}],"version-history":[{"count":1,"href":"https:\/\/desdropi.com\/elparque\/wp-json\/wp\/v2\/product\/224343\/revisions"}],"predecessor-version":[{"id":225093,"href":"https:\/\/desdropi.com\/elparque\/wp-json\/wp\/v2\/product\/224343\/revisions\/225093"}],"wp:featuredmedia":[{"embeddable":true,"href":"https:\/\/desdropi.com\/elparque\/wp-json\/wp\/v2\/media\/224344"}],"wp:attachment":[{"href":"https:\/\/desdropi.com\/elparque\/wp-json\/wp\/v2\/media?parent=224343"}],"wp:term":[{"taxonomy":"product_cat","embeddable":true,"href":"https:\/\/desdropi.com\/elparque\/wp-json\/wp\/v2\/product_cat?post=224343"},{"taxonomy":"product_tag","embeddable":true,"href":"https:\/\/desdropi.com\/elparque\/wp-json\/wp\/v2\/product_tag?post=224343"}],"curies":[{"name":"wp","href":"https:\/\/api.w.org\/{rel}","templated":true}]}}