{"id":224351,"date":"2025-02-13T11:36:24","date_gmt":"2025-02-13T10:36:24","guid":{"rendered":"https:\/\/desdropi.com\/elparque\/bolero-squad-g-3200f-glass-black\/"},"modified":"2025-04-14T09:32:11","modified_gmt":"2025-04-14T07:32:11","slug":"bolero-squad-g-3200f-glass-black","status":"publish","type":"product","link":"https:\/\/desdropi.com\/elparque\/bolero-squad-g-3200f-glass-black\/","title":{"rendered":"Bolero Squad G 3200F Glass Black"},"content":{"rendered":"<p>Bolero Squad G 3200F Glass Black Placa de gas, 3 fuegos, acabado en cristal negro, parrillas completas de hierro fundido, potencia de 6,25kW, quemador WOK triple corona, encendido el\u00e9ctrico, sistema de seguridad de las v\u00e1lvulas, para gas natural y accesorio de gas butano inclu\u00eddo.<\/p>\n","protected":false},"excerpt":{"rendered":"<p>Bolero Squad G 3200F Glass Black Placa de gas, 3 fuegos, acabado en cristal negro, parrillas completas de hierro fundido,<\/p>\n","protected":false},"featured_media":224352,"comment_status":"open","ping_status":"open","template":"","meta":{"_joinchat":[]},"product_cat":[7230],"product_tag":[],"class_list":{"0":"post-224351","1":"product","2":"type-product","3":"status-publish","4":"has-post-thumbnail","6":"product_cat-cecotec","8":"first","9":"instock","10":"taxable","11":"shipping-taxable","12":"purchasable","13":"product-type-simple"},"_links":{"self":[{"href":"https:\/\/desdropi.com\/elparque\/wp-json\/wp\/v2\/product\/224351"}],"collection":[{"href":"https:\/\/desdropi.com\/elparque\/wp-json\/wp\/v2\/product"}],"about":[{"href":"https:\/\/desdropi.com\/elparque\/wp-json\/wp\/v2\/types\/product"}],"replies":[{"embeddable":true,"href":"https:\/\/desdropi.com\/elparque\/wp-json\/wp\/v2\/comments?post=224351"}],"version-history":[{"count":1,"href":"https:\/\/desdropi.com\/elparque\/wp-json\/wp\/v2\/product\/224351\/revisions"}],"predecessor-version":[{"id":225095,"href":"https:\/\/desdropi.com\/elparque\/wp-json\/wp\/v2\/product\/224351\/revisions\/225095"}],"wp:featuredmedia":[{"embeddable":true,"href":"https:\/\/desdropi.com\/elparque\/wp-json\/wp\/v2\/media\/224352"}],"wp:attachment":[{"href":"https:\/\/desdropi.com\/elparque\/wp-json\/wp\/v2\/media?parent=224351"}],"wp:term":[{"taxonomy":"product_cat","embeddable":true,"href":"https:\/\/desdropi.com\/elparque\/wp-json\/wp\/v2\/product_cat?post=224351"},{"taxonomy":"product_tag","embeddable":true,"href":"https:\/\/desdropi.com\/elparque\/wp-json\/wp\/v2\/product_tag?post=224351"}],"curies":[{"name":"wp","href":"https:\/\/api.w.org\/{rel}","templated":true}]}}