{"id":224388,"date":"2025-02-13T12:41:03","date_gmt":"2025-02-13T11:41:03","guid":{"rendered":"https:\/\/desdropi.com\/elparque\/heatconfort-thermalblanket-sherpa-160-x-130\/"},"modified":"2025-04-14T09:32:15","modified_gmt":"2025-04-14T07:32:15","slug":"heatconfort-thermalblanket-sherpa-160-x-130","status":"publish","type":"product","link":"https:\/\/desdropi.com\/elparque\/heatconfort-thermalblanket-sherpa-160-x-130\/","title":{"rendered":"HeatConfort ThermalBlanket Sherpa (160 x 130)"},"content":{"rendered":"<p>Manta el\u00e9ctrica 160&#215;130 Manta T\u00e9rmica con Apagado Autom\u00e1tico y 9 Niveles de Temperatura Ajustables. Franela.<\/p>\n","protected":false},"excerpt":{"rendered":"<p>Manta el\u00e9ctrica 160&#215;130 Manta T\u00e9rmica con Apagado Autom\u00e1tico y 9 Niveles de Temperatura Ajustables. Franela.<\/p>\n","protected":false},"featured_media":224389,"comment_status":"open","ping_status":"open","template":"","meta":{"_joinchat":[]},"product_cat":[7230],"product_tag":[],"class_list":{"0":"post-224388","1":"product","2":"type-product","3":"status-publish","4":"has-post-thumbnail","6":"product_cat-cecotec","8":"first","9":"outofstock","10":"taxable","11":"shipping-taxable","12":"purchasable","13":"product-type-simple"},"_links":{"self":[{"href":"https:\/\/desdropi.com\/elparque\/wp-json\/wp\/v2\/product\/224388"}],"collection":[{"href":"https:\/\/desdropi.com\/elparque\/wp-json\/wp\/v2\/product"}],"about":[{"href":"https:\/\/desdropi.com\/elparque\/wp-json\/wp\/v2\/types\/product"}],"replies":[{"embeddable":true,"href":"https:\/\/desdropi.com\/elparque\/wp-json\/wp\/v2\/comments?post=224388"}],"version-history":[{"count":1,"href":"https:\/\/desdropi.com\/elparque\/wp-json\/wp\/v2\/product\/224388\/revisions"}],"predecessor-version":[{"id":225103,"href":"https:\/\/desdropi.com\/elparque\/wp-json\/wp\/v2\/product\/224388\/revisions\/225103"}],"wp:featuredmedia":[{"embeddable":true,"href":"https:\/\/desdropi.com\/elparque\/wp-json\/wp\/v2\/media\/224389"}],"wp:attachment":[{"href":"https:\/\/desdropi.com\/elparque\/wp-json\/wp\/v2\/media?parent=224388"}],"wp:term":[{"taxonomy":"product_cat","embeddable":true,"href":"https:\/\/desdropi.com\/elparque\/wp-json\/wp\/v2\/product_cat?post=224388"},{"taxonomy":"product_tag","embeddable":true,"href":"https:\/\/desdropi.com\/elparque\/wp-json\/wp\/v2\/product_tag?post=224388"}],"curies":[{"name":"wp","href":"https:\/\/api.w.org\/{rel}","templated":true}]}}