{"id":224396,"date":"2025-02-13T12:42:01","date_gmt":"2025-02-13T11:42:01","guid":{"rendered":"https:\/\/desdropi.com\/elparque\/conga-13090-spin-revolution-homewash\/"},"modified":"2025-04-14T09:32:15","modified_gmt":"2025-04-14T07:32:15","slug":"conga-13090-spin-revolution-homewash","status":"publish","type":"product","link":"https:\/\/desdropi.com\/elparque\/conga-13090-spin-revolution-homewash\/","title":{"rendered":"Conga 13090 Spin Revolution Home&#038;Wash"},"content":{"rendered":"<p>Conga 13090 Spin Revolution Home&#038;Wash Robot aspirador con Motor de succi\u00f3n 7000 Pa. Base 4 en 1. Cuenta con tecnolog\u00eda l\u00e1ser.  Incluye 2 cepillos centrales intercambiables: uno mixto y uno de silicona, \u00f3ptimo para pelo de mascotas. Mopas giratorias. Cepillo lateral. App y conexi\u00f3n Bluetooth y WiFi para redes 2,4 GHz y 5 GHz.<\/p>\n","protected":false},"excerpt":{"rendered":"<p>Conga 13090 Spin Revolution Home&#038;Wash Robot aspirador con Motor de succi\u00f3n 7000 Pa. Base 4 en 1. Cuenta con tecnolog\u00eda<\/p>\n","protected":false},"featured_media":224397,"comment_status":"open","ping_status":"open","template":"","meta":{"_joinchat":[]},"product_cat":[7230],"product_tag":[],"class_list":{"0":"post-224396","1":"product","2":"type-product","3":"status-publish","4":"has-post-thumbnail","6":"product_cat-cecotec","8":"first","9":"outofstock","10":"taxable","11":"shipping-taxable","12":"purchasable","13":"product-type-simple"},"_links":{"self":[{"href":"https:\/\/desdropi.com\/elparque\/wp-json\/wp\/v2\/product\/224396"}],"collection":[{"href":"https:\/\/desdropi.com\/elparque\/wp-json\/wp\/v2\/product"}],"about":[{"href":"https:\/\/desdropi.com\/elparque\/wp-json\/wp\/v2\/types\/product"}],"replies":[{"embeddable":true,"href":"https:\/\/desdropi.com\/elparque\/wp-json\/wp\/v2\/comments?post=224396"}],"version-history":[{"count":1,"href":"https:\/\/desdropi.com\/elparque\/wp-json\/wp\/v2\/product\/224396\/revisions"}],"predecessor-version":[{"id":225105,"href":"https:\/\/desdropi.com\/elparque\/wp-json\/wp\/v2\/product\/224396\/revisions\/225105"}],"wp:featuredmedia":[{"embeddable":true,"href":"https:\/\/desdropi.com\/elparque\/wp-json\/wp\/v2\/media\/224397"}],"wp:attachment":[{"href":"https:\/\/desdropi.com\/elparque\/wp-json\/wp\/v2\/media?parent=224396"}],"wp:term":[{"taxonomy":"product_cat","embeddable":true,"href":"https:\/\/desdropi.com\/elparque\/wp-json\/wp\/v2\/product_cat?post=224396"},{"taxonomy":"product_tag","embeddable":true,"href":"https:\/\/desdropi.com\/elparque\/wp-json\/wp\/v2\/product_tag?post=224396"}],"curies":[{"name":"wp","href":"https:\/\/api.w.org\/{rel}","templated":true}]}}