{"id":28817,"date":"2021-11-11T11:42:10","date_gmt":"2021-11-11T09:42:10","guid":{"rendered":"https:\/\/desdropi.com\/elparque\/encimera-induccion-bosch-pid675dc1e-3f-60x52\/"},"modified":"2024-05-17T12:59:37","modified_gmt":"2024-05-17T10:59:37","slug":"encimera-induccion-bosch-pid675dc1e-3f-60x52","status":"publish","type":"product","link":"https:\/\/desdropi.com\/elparque\/encimera-induccion-bosch-pid675dc1e-3f-60x52\/","title":{"rendered":"Encimera Induccion Bosch Pid675Dc1E 3F 60X52"},"content":{"rendered":"<div class=\"descripcion-tab\">\n<strong>Peso y Dimensiones:<\/strong><\/p>\n<ul>\n<li>Ancho (Real): 606 mm<\/li>\n<li>Profundidad: 527 mm<\/li>\n<li>Altura: 51 mm<\/li>\n<li>Peso: 14 kg<\/li>\n<li>Ancho (Aprox.): 60 cm<\/li>\n<\/ul>\n<p><strong>Control de Energ\u00eda:<\/strong><\/p>\n<ul>\n<li>Interruptor de encendido\/apagado integrado: S\u00ed<\/li>\n<li>Potencia total m\u00e1xima: 7400 W<\/li>\n<\/ul>\n<p><strong>Ergonom\u00eda:<\/strong><\/p>\n<ul>\n<li>Tipo de control: Tocar<\/li>\n<li>Control de posici\u00f3n: Frente<\/li>\n<li>Temporizador: S\u00ed<\/li>\n<li>Bloqueo para ni\u00f1os: S\u00ed<\/li>\n<li>Autodesconexi\u00f3n de seguridad: S\u00ed<\/li>\n<li>F\u00e1cil de limpiar: S\u00ed<\/li>\n<li>Tipo de temporizador: Digital<\/li>\n<\/ul>\n<p><strong>Dise\u00f1o:<\/strong><\/p>\n<ul>\n<li>Colocaci\u00f3n: Integrado<\/li>\n<li>Color del producto: Negro<\/li>\n<li>Pantalla incorporada: S\u00ed<\/li>\n<li>Tipo de visualizador: LED<\/li>\n<li>Tipo: Placa de inducci\u00f3n<\/li>\n<li>Tipo de superficie superior: Vidrio y cer\u00e1mica<\/li>\n<li>Numero de zonas cocci\u00f3n: 3<\/li>\n<li>Cubierta: No<\/li>\n<li>N\u00famero de zonas de cocci\u00f3n el\u00e9ctricas: 3 zona(s)<\/li>\n<li>Zona extra grande cocci\u00f3n: 32 cm<\/li>\n<li>Tipo de placa: Inducci\u00f3n<\/li>\n<\/ul>\n<p><strong>Desempe\u00f1o:<\/strong><\/p>\n<ul>\n<li>N\u00famero de niveles de potencia: 17<\/li>\n<\/ul>\n<\/div>\n","protected":false},"excerpt":{"rendered":"<p>Peso y Dimensiones: Ancho (Real): 606 mm Profundidad: 527 mm Altura: 51 mm Peso: 14 kg Ancho (Aprox.): 60 cm<\/p>\n","protected":false},"featured_media":28818,"comment_status":"open","ping_status":"closed","template":"","meta":{"_joinchat":[]},"product_cat":[3268,3269],"product_tag":[],"class_list":{"0":"post-28817","1":"product","2":"type-product","3":"status-publish","4":"has-post-thumbnail","6":"product_cat-coccion","7":"product_cat-placas-cocina","8":"pa_marca-bosch","10":"first","11":"instock","12":"taxable","13":"shipping-taxable","14":"purchasable","15":"product-type-simple"},"_links":{"self":[{"href":"https:\/\/desdropi.com\/elparque\/wp-json\/wp\/v2\/product\/28817"}],"collection":[{"href":"https:\/\/desdropi.com\/elparque\/wp-json\/wp\/v2\/product"}],"about":[{"href":"https:\/\/desdropi.com\/elparque\/wp-json\/wp\/v2\/types\/product"}],"replies":[{"embeddable":true,"href":"https:\/\/desdropi.com\/elparque\/wp-json\/wp\/v2\/comments?post=28817"}],"version-history":[{"count":0,"href":"https:\/\/desdropi.com\/elparque\/wp-json\/wp\/v2\/product\/28817\/revisions"}],"wp:featuredmedia":[{"embeddable":true,"href":"https:\/\/desdropi.com\/elparque\/wp-json\/wp\/v2\/media\/28818"}],"wp:attachment":[{"href":"https:\/\/desdropi.com\/elparque\/wp-json\/wp\/v2\/media?parent=28817"}],"wp:term":[{"taxonomy":"product_cat","embeddable":true,"href":"https:\/\/desdropi.com\/elparque\/wp-json\/wp\/v2\/product_cat?post=28817"},{"taxonomy":"product_tag","embeddable":true,"href":"https:\/\/desdropi.com\/elparque\/wp-json\/wp\/v2\/product_tag?post=28817"}],"curies":[{"name":"wp","href":"https:\/\/api.w.org\/{rel}","templated":true}]}}