{"id":29023,"date":"2021-11-11T10:43:55","date_gmt":"2021-11-11T08:43:55","guid":{"rendered":"https:\/\/desdropi.com\/elparque\/vaporera-inoxidable-vier-201-24-24cm\/"},"modified":"2025-04-13T19:20:44","modified_gmt":"2025-04-13T17:20:44","slug":"vaporera-inoxidable-vier-201-24-24cm","status":"publish","type":"product","link":"https:\/\/desdropi.com\/elparque\/vaporera-inoxidable-vier-201-24-24cm\/","title":{"rendered":"Vaporera Inoxidable Vier 201-24 24Cm"},"content":{"rendered":"<div class=\"descripcion-tab\">\n<ul>\n<li>Di\u00e1metro \u2013 24 cm.<\/li>\n<li>Marca \u2013 VIER.<\/li>\n<li>Material \u2013 Acero inoxidable 18\/10.<\/li>\n<li>Estufas aplicables: estufa de gas, estufa de inducci\u00f3n, estufa hal\u00f3gena, estufa el\u00e9ctrica, etc.<\/li>\n<li>Se pueden apilar para un f\u00e1cil almacenamiento, ahorrando espacio, adecuado para el uso diario.<\/li>\n<li>Obtenga comidas nutritivas en minutos.<\/li>\n<li>Ajuste perfectamente el vidrio templado cubierta, que puede captar el calor en cualquier momento y puede bloquear herm\u00e9ticamente el sabor, la textura y el contenido nutricional.<\/li>\n<li>El vaporizador de acero inoxidable no cambiar\u00e1 de color durante mucho tiempo, no reaccionar\u00e1 con los alimentos ni cambiar\u00e1 de sabor.<\/li>\n<li>El resistente mango de acero inoxidable tiene un contorno soldado, reforzado con remaches, resistente a las quemaduras y no se suelta f\u00e1cilmente, lo que garantiza que sea perfecto de por vida.<\/li>\n<li>Agregue vapor cuando sea necesario, la capa inferior se puede usar sola como una sart\u00e9n o una olla para sopa con tapa de acero inoxidable.<\/li>\n<li>Material: acero inoxidable 201, superficie de espejo interna y externa pulida, mango anti-escaldado, tapa de vidrio visible, f\u00e1cil de limpiar, resistente y duradero.<\/li>\n<\/ul>\n<\/div>\n","protected":false},"excerpt":{"rendered":"<p>Di\u00e1metro \u2013 24 cm. Marca \u2013 VIER. Material \u2013 Acero inoxidable 18\/10. Estufas aplicables: estufa de gas, estufa de inducci\u00f3n,<\/p>\n","protected":false},"featured_media":149789,"comment_status":"open","ping_status":"closed","template":"","meta":{"_joinchat":[]},"product_cat":[6423,5661,5662],"product_tag":[],"class_list":{"0":"post-29023","1":"product","2":"type-product","3":"status-publish","4":"has-post-thumbnail","6":"product_cat-vaporeras","7":"product_cat-menaje","8":"product_cat-menaje-de-cocina","9":"pa_marca-vier","11":"first","12":"instock","13":"taxable","14":"shipping-taxable","15":"purchasable","16":"product-type-simple"},"_links":{"self":[{"href":"https:\/\/desdropi.com\/elparque\/wp-json\/wp\/v2\/product\/29023"}],"collection":[{"href":"https:\/\/desdropi.com\/elparque\/wp-json\/wp\/v2\/product"}],"about":[{"href":"https:\/\/desdropi.com\/elparque\/wp-json\/wp\/v2\/types\/product"}],"replies":[{"embeddable":true,"href":"https:\/\/desdropi.com\/elparque\/wp-json\/wp\/v2\/comments?post=29023"}],"version-history":[{"count":0,"href":"https:\/\/desdropi.com\/elparque\/wp-json\/wp\/v2\/product\/29023\/revisions"}],"wp:featuredmedia":[{"embeddable":true,"href":"https:\/\/desdropi.com\/elparque\/wp-json\/wp\/v2\/media\/149789"}],"wp:attachment":[{"href":"https:\/\/desdropi.com\/elparque\/wp-json\/wp\/v2\/media?parent=29023"}],"wp:term":[{"taxonomy":"product_cat","embeddable":true,"href":"https:\/\/desdropi.com\/elparque\/wp-json\/wp\/v2\/product_cat?post=29023"},{"taxonomy":"product_tag","embeddable":true,"href":"https:\/\/desdropi.com\/elparque\/wp-json\/wp\/v2\/product_tag?post=29023"}],"curies":[{"name":"wp","href":"https:\/\/api.w.org\/{rel}","templated":true}]}}