{"id":29133,"date":"2021-11-11T10:44:51","date_gmt":"2021-11-11T08:44:51","guid":{"rendered":"https:\/\/desdropi.com\/elparque\/calefactor-bastilipo-5933-thp-2000b-1000-2000w-silencioso\/"},"modified":"2025-04-13T19:24:03","modified_gmt":"2025-04-13T17:24:03","slug":"calefactor-bastilipo-5933-thp-2000b-1000-2000w-silencioso","status":"publish","type":"product","link":"https:\/\/desdropi.com\/elparque\/calefactor-bastilipo-5933-thp-2000b-1000-2000w-silencioso\/","title":{"rendered":"Calefactor Bastilipo 5933 Thp-2000B 1000\/2000W Silencioso"},"content":{"rendered":"<div class=\"descripcion-tab\">\nEl modelo THP-2000B tiene una potencia m\u00e1xima de 2000 W y es de f\u00e1cil uso. Cuenta con 3 posiciones ajustables: <strong>funci\u00f3n ventilador<\/strong> (para dar aire fresco) <strong>funci\u00f3n I<\/strong>, (donde el ventilador trabaja junto a la resistencia), <strong>funci\u00f3n II<\/strong>, en la cual la resistencia I y II funcionan junto con el ventilador. El termostato es ajustable a la temperatura que el usuario requiera. Una de las caracter\u00edsticas a destacar de este aparato, es su funcionamiento silenciosos con un nivel sonoro muy por debajo de los termoventiladores actuales en el mercado. Este termoventilador est\u00e1 dotado de una luz indicadora de funcionamiento y de protecci\u00f3n contra sobrecalentamiento. Es f\u00e1cil de trasladar gracias a su asa incorporada, que adem\u00e1s se utiliza como recoge cable. Cuenta con doble toma de aire, una ventilaci\u00f3n inferior y otra superior, lo que da lugar a reducir el riesgo de incendio.<\/p>\n<ul>\n<li>Potencia 1000\/2000 W.<\/li>\n<li>Voltaje: 230 V \u2013 50 Hz.<\/li>\n<li>Muy silencioso (38 dB).<\/li>\n<li>Recogecables integrado trasero.<\/li>\n<li>Funci\u00f3n ventilaci\u00f3n.<\/li>\n<li>Doble toma de aire.<\/li>\n<li>Termostato regulable.<\/li>\n<li>Rejilla de aluminio.<\/li>\n<li>Medidas: 30 x 24 x 12 cm.<\/li>\n<li>Peso: 1,4 Kg.<\/li>\n<\/ul>\n<\/div>\n","protected":false},"excerpt":{"rendered":"<p>El modelo THP-2000B tiene una potencia m\u00e1xima de 2000 W y es de f\u00e1cil uso. Cuenta con 3 posiciones ajustables:<\/p>\n","protected":false},"featured_media":150684,"comment_status":"open","ping_status":"closed","template":"","meta":{"_joinchat":[]},"product_cat":[3301,3302,3329],"product_tag":[],"class_list":{"0":"post-29133","1":"product","2":"type-product","3":"status-publish","4":"has-post-thumbnail","6":"product_cat-climatizacion-y-calefaccion","7":"product_cat-calefaccion","8":"product_cat-calefactores","9":"pa_marca-bastilipo-clima","10":"pa_potenica-2000w","12":"first","13":"instock","14":"taxable","15":"shipping-taxable","16":"purchasable","17":"product-type-simple"},"_links":{"self":[{"href":"https:\/\/desdropi.com\/elparque\/wp-json\/wp\/v2\/product\/29133"}],"collection":[{"href":"https:\/\/desdropi.com\/elparque\/wp-json\/wp\/v2\/product"}],"about":[{"href":"https:\/\/desdropi.com\/elparque\/wp-json\/wp\/v2\/types\/product"}],"replies":[{"embeddable":true,"href":"https:\/\/desdropi.com\/elparque\/wp-json\/wp\/v2\/comments?post=29133"}],"version-history":[{"count":1,"href":"https:\/\/desdropi.com\/elparque\/wp-json\/wp\/v2\/product\/29133\/revisions"}],"predecessor-version":[{"id":224436,"href":"https:\/\/desdropi.com\/elparque\/wp-json\/wp\/v2\/product\/29133\/revisions\/224436"}],"wp:featuredmedia":[{"embeddable":true,"href":"https:\/\/desdropi.com\/elparque\/wp-json\/wp\/v2\/media\/150684"}],"wp:attachment":[{"href":"https:\/\/desdropi.com\/elparque\/wp-json\/wp\/v2\/media?parent=29133"}],"wp:term":[{"taxonomy":"product_cat","embeddable":true,"href":"https:\/\/desdropi.com\/elparque\/wp-json\/wp\/v2\/product_cat?post=29133"},{"taxonomy":"product_tag","embeddable":true,"href":"https:\/\/desdropi.com\/elparque\/wp-json\/wp\/v2\/product_tag?post=29133"}],"curies":[{"name":"wp","href":"https:\/\/api.w.org\/{rel}","templated":true}]}}