{"id":29230,"date":"2021-11-11T10:45:41","date_gmt":"2021-11-11T08:45:41","guid":{"rendered":"https:\/\/desdropi.com\/elparque\/emisor-termico-farho-victoria-10-1650w-domotizable\/"},"modified":"2025-04-13T19:26:12","modified_gmt":"2025-04-13T17:26:12","slug":"emisor-termico-farho-victoria-10-1650w-domotizable","status":"publish","type":"product","link":"https:\/\/desdropi.com\/elparque\/emisor-termico-farho-victoria-10-1650w-domotizable\/","title":{"rendered":"Emisor Termico Farho Victoria-10 1650W Domotizable"},"content":{"rendered":"<div class=\"descripcion-tab\">\n<ul>\n<li>El modelo Victoria 1670W de Farho supone una aut\u00e9ntica novedad y revoluci\u00f3n para el mundo de los radiadores el\u00e9ctricos. Una soluci\u00f3n \u00fanica, ya que es Domotizable, controlable con smartphone y compatible adem\u00e1s con Alexa. Un producto que lo convierte en un radiador a\u00fan m\u00e1s inteligente.<\/li>\n<\/ul>\n<p><strong>Detalles del Radiador Farho Victoria 1670W<\/strong><\/p>\n<ul>\n<li>Nueva Regulaci\u00f3n electr\u00f3nica basada en Triac con Sistema de regulaci\u00f3n PID domotizable.<\/li>\n<li>Pantalla de gran tama\u00f1o y teclado sin necesidad de contacto para facilitar su manejo y seguridad.<\/li>\n<li>Compatible con Alexa, abriendo las puertas a la tecnolog\u00eda 4.0.<\/li>\n<li>Control total gracias a la aplicaci\u00f3n Farho Control ( Android \/ IOS).<\/li>\n<li>Geolocalizaci\u00f3n para la optimizaci\u00f3n del consumo.<\/li>\n<li>Almacenamiento y an\u00e1lisis de datos del funcionamiento real de la instalaci\u00f3n.<\/li>\n<li>Gesti\u00f3n de consumo y establecimiento de l\u00edmites de potencia.<\/li>\n<li>Actualizaciones remotas de software e implantaci\u00f3n de nuevas versiones.<\/li>\n<li>Nuevo aluminio europeo, con mayor rendimiento y hight performance protegido con patente.<\/li>\n<li>Smart Start.<\/li>\n<li>Funci\u00f3n de ventanas abiertas.<\/li>\n<li>Funci\u00f3n Boost.<\/li>\n<li>Emisi\u00f3n m\u00e1xima t\u00e9rmica por elemento.<\/li>\n<li>Potencia de 1670W \u2013 166W por elemento.<\/li>\n<li>Elementos pares: 10 elemenetos.<\/li>\n<li>Plantilla de instalaci\u00f3n incluida. F\u00e1cil instalaci\u00f3n.<\/li>\n<li>Cable de alimentaci\u00f3n de 1,50m con clavija.<\/li>\n<li>Fluido t\u00e9rmico FARHOIL exclusive por Farho, Shell.<\/li>\n<li>Port\u00e1til con ruedas (opcional, se venden por separado).<\/li>\n<\/ul>\n<p><strong>*20 a\u00f1os de garant\u00eda*<\/strong>\n<\/div>\n","protected":false},"excerpt":{"rendered":"<p>El modelo Victoria 1670W de Farho supone una aut\u00e9ntica novedad y revoluci\u00f3n para el mundo de los radiadores el\u00e9ctricos. Una<\/p>\n","protected":false},"featured_media":221513,"comment_status":"open","ping_status":"closed","template":"","meta":{"_joinchat":[]},"product_cat":[3301,3302,4098],"product_tag":[],"class_list":{"0":"post-29230","1":"product","2":"type-product","3":"status-publish","4":"has-post-thumbnail","6":"product_cat-climatizacion-y-calefaccion","7":"product_cat-calefaccion","8":"product_cat-emisores-termicos","9":"pa_marca-farho","10":"pa_potenica-1650w","12":"first","13":"instock","14":"taxable","15":"shipping-taxable","16":"purchasable","17":"product-type-simple"},"_links":{"self":[{"href":"https:\/\/desdropi.com\/elparque\/wp-json\/wp\/v2\/product\/29230"}],"collection":[{"href":"https:\/\/desdropi.com\/elparque\/wp-json\/wp\/v2\/product"}],"about":[{"href":"https:\/\/desdropi.com\/elparque\/wp-json\/wp\/v2\/types\/product"}],"replies":[{"embeddable":true,"href":"https:\/\/desdropi.com\/elparque\/wp-json\/wp\/v2\/comments?post=29230"}],"version-history":[{"count":1,"href":"https:\/\/desdropi.com\/elparque\/wp-json\/wp\/v2\/product\/29230\/revisions"}],"predecessor-version":[{"id":224438,"href":"https:\/\/desdropi.com\/elparque\/wp-json\/wp\/v2\/product\/29230\/revisions\/224438"}],"wp:featuredmedia":[{"embeddable":true,"href":"https:\/\/desdropi.com\/elparque\/wp-json\/wp\/v2\/media\/221513"}],"wp:attachment":[{"href":"https:\/\/desdropi.com\/elparque\/wp-json\/wp\/v2\/media?parent=29230"}],"wp:term":[{"taxonomy":"product_cat","embeddable":true,"href":"https:\/\/desdropi.com\/elparque\/wp-json\/wp\/v2\/product_cat?post=29230"},{"taxonomy":"product_tag","embeddable":true,"href":"https:\/\/desdropi.com\/elparque\/wp-json\/wp\/v2\/product_tag?post=29230"}],"curies":[{"name":"wp","href":"https:\/\/api.w.org\/{rel}","templated":true}]}}