{"id":29238,"date":"2021-11-11T10:45:41","date_gmt":"2021-11-11T09:45:41","guid":{"rendered":"https:\/\/desdropi.com\/elparque\/frigo-2p-new-pol-nw170p2-176x60-blanco-a\/"},"modified":"2024-05-18T23:16:42","modified_gmt":"2024-05-18T21:16:42","slug":"frigo-2p-new-pol-nw170p2-176x60-blanco-a","status":"publish","type":"product","link":"https:\/\/desdropi.com\/elparque\/frigo-2p-new-pol-nw170p2-176x60-blanco-a\/","title":{"rendered":"Frigo 2P New Pol Nw170P2 176X60 Blanco A+"},"content":{"rendered":"<div class=\"descripcion-tab\">\n<h4><strong>FRIGO 2P NEW POL NW170P2 176X60 BLANCO A+<\/strong><\/h4>\n<p>Frigor\u00edfico de 2 puertas de 175 cm en color blanco. Congelador superior con balda divisoria y cubitera incluida. Sistema LessFrost que mejora la refrigeraci\u00f3n est\u00e1tica, con mayor eficiencia y menor formaci\u00f3n de hielo y escarcha. Tres estantes con cristal de seguridad y caj\u00f3n verdulero. Gracias al Zero Clearance podr\u00e1s colocar tu frigor\u00edfico junto a paredes y armarios, sin necesidad de dejar espacio adicional a 90 grados, ya que este sistema permite abrir los cajones f\u00e1cilmente. Puertas reversibles.<\/p>\n<ul>\n<li>Especificaciones: Clasificaci\u00f3n energ\u00e9tica F. Clase clim\u00e1tica: N. Tipo de descongelaci\u00f3n: Manual.<\/li>\n<li>Dimensiones (Ancho x Fondo x Alto): 59,5 x 65,5 x 175 cm. Peso: 54 kg.<\/li>\n<li>N\u00famero de balcones en puerta &#8211; 3<\/li>\n<li>N\u00famero de balcones botelleros &#8211; 1<\/li>\n<li>Cubitera incluida &#8211; S\u00ed<\/li>\n<li>Caj\u00f3n verdulero &#8211; S\u00ed<\/li>\n<li>Bandejas de cristal de seguridad &#8211; S\u00ed<\/li>\n<li>Zero Clearance &#8211; S\u00ed<\/li>\n<\/ul>\n<\/div>\n","protected":false},"excerpt":{"rendered":"<p><a href=\"https:\/\/desdropi.com\/elparque\/wp-content\/uploads\/1296.pdf\" target=\"_blank\" rel=\"noopener\"><img decoding=\"async\" class=\"alignnone wp-image-205373 size-full\" src=\"https:\/\/desdropi.com\/elparque\/wp-content\/uploads\/eficiencia-F.png\" alt=\"\" width=\"56\" height=\"33\" \/><\/a><\/p>\n","protected":false},"featured_media":190233,"comment_status":"open","ping_status":"closed","template":"","meta":{"_joinchat":[]},"product_cat":[6448,6441,780],"product_tag":[],"class_list":{"0":"post-29238","1":"product","2":"type-product","3":"status-publish","4":"has-post-thumbnail","6":"product_cat-2-puertas-frigorificos","7":"product_cat-frigorificos","8":"product_cat-gran-electrodomestico","9":"pa_marca-new-pol","11":"first","12":"instock","13":"sale","14":"taxable","15":"shipping-taxable","16":"purchasable","17":"product-type-simple"},"_links":{"self":[{"href":"https:\/\/desdropi.com\/elparque\/wp-json\/wp\/v2\/product\/29238"}],"collection":[{"href":"https:\/\/desdropi.com\/elparque\/wp-json\/wp\/v2\/product"}],"about":[{"href":"https:\/\/desdropi.com\/elparque\/wp-json\/wp\/v2\/types\/product"}],"replies":[{"embeddable":true,"href":"https:\/\/desdropi.com\/elparque\/wp-json\/wp\/v2\/comments?post=29238"}],"version-history":[{"count":0,"href":"https:\/\/desdropi.com\/elparque\/wp-json\/wp\/v2\/product\/29238\/revisions"}],"wp:featuredmedia":[{"embeddable":true,"href":"https:\/\/desdropi.com\/elparque\/wp-json\/wp\/v2\/media\/190233"}],"wp:attachment":[{"href":"https:\/\/desdropi.com\/elparque\/wp-json\/wp\/v2\/media?parent=29238"}],"wp:term":[{"taxonomy":"product_cat","embeddable":true,"href":"https:\/\/desdropi.com\/elparque\/wp-json\/wp\/v2\/product_cat?post=29238"},{"taxonomy":"product_tag","embeddable":true,"href":"https:\/\/desdropi.com\/elparque\/wp-json\/wp\/v2\/product_tag?post=29238"}],"curies":[{"name":"wp","href":"https:\/\/api.w.org\/{rel}","templated":true}]}}