{"id":29256,"date":"2021-11-11T10:46:21","date_gmt":"2021-11-11T08:46:21","guid":{"rendered":"https:\/\/desdropi.com\/elparque\/toallero-farho-tnd-nova-blanco-800w-1200x500mm-fluido-programable\/"},"modified":"2025-04-13T19:30:42","modified_gmt":"2025-04-13T17:30:42","slug":"toallero-farho-tnd-nova-blanco-800w-1200x500mm-fluido-programable","status":"publish","type":"product","link":"https:\/\/desdropi.com\/elparque\/toallero-farho-tnd-nova-blanco-800w-1200x500mm-fluido-programable\/","title":{"rendered":"Toallero Farho Tnd Nova Blanco 800W 1200X500Mm Fluido\/Programable"},"content":{"rendered":"<div class=\"descripcion-tab\">\n<ul>\n<li>El modelo Nova blanco 800W combina un dise\u00f1o elegante con una alta tecnolog\u00eda digital que permite controlar la temperatura mediante 3 modalidades distintas: confort, econ\u00f3mico y anti-hielo.<\/li>\n<li>La gama NOVA de secatoalllas el\u00e9ctrico, ha sido dise\u00f1ado con especial delicadeza para as\u00ed reflejar la tecnolog\u00eda avanzada de Farho, las materias primas europeas de primera calidad, as\u00ed como una est\u00e9tica moderna. Sin lugar a dudas, constituye una soluci\u00f3n perfecta para el aprovechamiento del espacio, con el fin de conseguir la mayor confortabilidad de sus ba\u00f1os.<\/li>\n<\/ul>\n<p><strong>Detalles del toallero el\u00e9ctrico Nova blanco 800w<\/strong><\/p>\n<ul>\n<li>Potencia: 800 W.<\/li>\n<li>Termostato programable.<\/li>\n<li>Con fluido.<\/li>\n<li>Material: Acero.<\/li>\n<li>Conexiones: \u00bd\u201d.<\/li>\n<li>Colectores verticales.<\/li>\n<li>30\u00d740 mm, espesor 1,5 mm.<\/li>\n<li>Tubos horizontales 22\u00d71,2 mm de espesor. Un dise\u00f1o perfecto de lamas cil\u00edndricas para colgar cualquier prenda como toallas o albornoces de ba\u00f1o.<\/li>\n<li>Presi\u00f3n m\u00e1xima de ejercicio 8 bar.<\/li>\n<li>Temperatura m\u00e1xima de ejercicio 95\u00baC.<\/li>\n<li>Alimentador 230 V\/1 ph, 50hz con toma de tierra.<\/li>\n<li>Grado de protecci\u00f3n IP-44 y Clase I.<\/li>\n<li>Termostato con limitador t\u00e9rmico.<\/li>\n<li>Clave de alimentaci\u00f3n con clavija incluida.<\/li>\n<li>Mando a distancia opcional (Vendido por separado).<\/li>\n<\/ul>\n<p><strong>*10 a\u00f1os de garant\u00eda en el cuerpo y 3 en la electr\u00f3nica*<\/strong><\/p>\n<\/div>\n","protected":false},"excerpt":{"rendered":"<p>El modelo Nova blanco 800W combina un dise\u00f1o elegante con una alta tecnolog\u00eda digital que permite controlar la temperatura mediante<\/p>\n","protected":false},"featured_media":221516,"comment_status":"open","ping_status":"closed","template":"","meta":{"_joinchat":[]},"product_cat":[5661,5822,5823],"product_tag":[],"class_list":{"0":"post-29256","1":"product","2":"type-product","3":"status-publish","4":"has-post-thumbnail","6":"product_cat-menaje","7":"product_cat-menaje-del-hogar","8":"product_cat-toalleros","9":"pa_marca-farho","10":"pa_potenica-800w","12":"first","13":"instock","14":"taxable","15":"shipping-taxable","16":"purchasable","17":"product-type-simple"},"_links":{"self":[{"href":"https:\/\/desdropi.com\/elparque\/wp-json\/wp\/v2\/product\/29256"}],"collection":[{"href":"https:\/\/desdropi.com\/elparque\/wp-json\/wp\/v2\/product"}],"about":[{"href":"https:\/\/desdropi.com\/elparque\/wp-json\/wp\/v2\/types\/product"}],"replies":[{"embeddable":true,"href":"https:\/\/desdropi.com\/elparque\/wp-json\/wp\/v2\/comments?post=29256"}],"version-history":[{"count":1,"href":"https:\/\/desdropi.com\/elparque\/wp-json\/wp\/v2\/product\/29256\/revisions"}],"predecessor-version":[{"id":224442,"href":"https:\/\/desdropi.com\/elparque\/wp-json\/wp\/v2\/product\/29256\/revisions\/224442"}],"wp:featuredmedia":[{"embeddable":true,"href":"https:\/\/desdropi.com\/elparque\/wp-json\/wp\/v2\/media\/221516"}],"wp:attachment":[{"href":"https:\/\/desdropi.com\/elparque\/wp-json\/wp\/v2\/media?parent=29256"}],"wp:term":[{"taxonomy":"product_cat","embeddable":true,"href":"https:\/\/desdropi.com\/elparque\/wp-json\/wp\/v2\/product_cat?post=29256"},{"taxonomy":"product_tag","embeddable":true,"href":"https:\/\/desdropi.com\/elparque\/wp-json\/wp\/v2\/product_tag?post=29256"}],"curies":[{"name":"wp","href":"https:\/\/api.w.org\/{rel}","templated":true}]}}