{"id":29282,"date":"2021-11-11T10:46:21","date_gmt":"2021-11-11T08:46:21","guid":{"rendered":"https:\/\/desdropi.com\/elparque\/emisor-termico-farho-eco-green-ultra-ecgu04-600w\/"},"modified":"2025-04-13T19:34:03","modified_gmt":"2025-04-13T17:34:03","slug":"emisor-termico-farho-eco-green-ultra-ecgu04-600w","status":"publish","type":"product","link":"https:\/\/desdropi.com\/elparque\/emisor-termico-farho-eco-green-ultra-ecgu04-600w\/","title":{"rendered":"Emisor Termico Farho Eco Green Ultra Ecgu04 600W"},"content":{"rendered":"<div class=\"descripcion-tab\">\n<ul>\n<li>El nuevo modelo Eco-Green Ultra 660W de Farho, dispone de una pantalla con mayor visibilidad que facilita su uso. Adem\u00e1s, su tama\u00f1o m\u00e1s reducido, con una potencia de 660W, permite un tiempo de calentamiento ultra que optimiza el espacio y la est\u00e9tica de su vivienda.<\/li>\n<\/ul>\n<p><strong>Detalles del radiador Farho Eco-Green Ultra 660W:<\/strong><\/p>\n<ul>\n<li>Termostato Digital que permite programaci\u00f3n diaria y semanal de la temperatura hasta 6 tramos para cada d\u00eda de forma independiente.<\/li>\n<li>Control de ventanas abiertas para optimizar el consumo de sus espacios ya que si el emisor detecta una bajada brusca de temperatura se pone en pausa.<\/li>\n<li>Bater\u00eda \u00fanica de 5 a\u00f1os para conservar hora y programaci\u00f3n.<\/li>\n<li>Potencias de 660W \u2013\u00a0 165 W por elemento .<\/li>\n<li>Elementos pares: 4 elementos.<\/li>\n<li>Chasis en aluminio acci\u00f3n del tiempo y a la corrosi\u00f3n.<\/li>\n<li>Funci\u00f3n Boost. te permite activarlo a la m\u00e1xima potencia durante 2 horas.<\/li>\n<li>Kit de soportes met\u00e1licos incluidos, para poder colgar el emisor en la pared.<\/li>\n<li>Resistencia el\u00e9ctrica blindada de acero inoxidable AISI-304 de bajo consumo y m\u00e1ximo rendimiento t\u00e9rmico.<\/li>\n<li>Plantilla de instalaci\u00f3n incluida. F\u00e1cil instalaci\u00f3n.<\/li>\n<li>Cable de alimentaci\u00f3n de 1,50m con clavija.<\/li>\n<li>Port\u00e1til con ruedas (opcional, se venden por separado).<\/li>\n<li>M\u00e1ximo rendimiento t\u00e9rmico con el m\u00ednimo consumo energ\u00e9tico.<\/li>\n<li>Emisi\u00f3n m\u00e1xima por elemento. Interruptor no Luminoso.<\/li>\n<li>Fluido t\u00e9rmico Farhoil de alta temperatura, que resiste desde los -40 grados.<\/li>\n<\/ul>\n<p><strong>*20 a\u00f1os de garant\u00eda*<\/strong><\/p>\n<\/div>\n","protected":false},"excerpt":{"rendered":"<p>El nuevo modelo Eco-Green Ultra 660W de Farho, dispone de una pantalla con mayor visibilidad que facilita su uso. Adem\u00e1s,<\/p>\n","protected":false},"featured_media":221517,"comment_status":"open","ping_status":"closed","template":"","meta":{"_joinchat":[]},"product_cat":[3301,3302,4098],"product_tag":[],"class_list":{"0":"post-29282","1":"product","2":"type-product","3":"status-publish","4":"has-post-thumbnail","6":"product_cat-climatizacion-y-calefaccion","7":"product_cat-calefaccion","8":"product_cat-emisores-termicos","9":"pa_marca-farho","10":"pa_potenica-600w","12":"first","13":"instock","14":"taxable","15":"shipping-taxable","16":"purchasable","17":"product-type-simple"},"_links":{"self":[{"href":"https:\/\/desdropi.com\/elparque\/wp-json\/wp\/v2\/product\/29282"}],"collection":[{"href":"https:\/\/desdropi.com\/elparque\/wp-json\/wp\/v2\/product"}],"about":[{"href":"https:\/\/desdropi.com\/elparque\/wp-json\/wp\/v2\/types\/product"}],"replies":[{"embeddable":true,"href":"https:\/\/desdropi.com\/elparque\/wp-json\/wp\/v2\/comments?post=29282"}],"version-history":[{"count":1,"href":"https:\/\/desdropi.com\/elparque\/wp-json\/wp\/v2\/product\/29282\/revisions"}],"predecessor-version":[{"id":224444,"href":"https:\/\/desdropi.com\/elparque\/wp-json\/wp\/v2\/product\/29282\/revisions\/224444"}],"wp:featuredmedia":[{"embeddable":true,"href":"https:\/\/desdropi.com\/elparque\/wp-json\/wp\/v2\/media\/221517"}],"wp:attachment":[{"href":"https:\/\/desdropi.com\/elparque\/wp-json\/wp\/v2\/media?parent=29282"}],"wp:term":[{"taxonomy":"product_cat","embeddable":true,"href":"https:\/\/desdropi.com\/elparque\/wp-json\/wp\/v2\/product_cat?post=29282"},{"taxonomy":"product_tag","embeddable":true,"href":"https:\/\/desdropi.com\/elparque\/wp-json\/wp\/v2\/product_tag?post=29282"}],"curies":[{"name":"wp","href":"https:\/\/api.w.org\/{rel}","templated":true}]}}