{"id":29319,"date":"2021-11-11T10:47:09","date_gmt":"2021-11-11T08:47:09","guid":{"rendered":"https:\/\/desdropi.com\/elparque\/envasadora-al-vacio-laica-vt3205-9-litros-minuto-con-iman\/"},"modified":"2025-04-13T19:36:12","modified_gmt":"2025-04-13T17:36:12","slug":"envasadora-al-vacio-laica-vt3205-9-litros-minuto-con-iman","status":"publish","type":"product","link":"https:\/\/desdropi.com\/elparque\/envasadora-al-vacio-laica-vt3205-9-litros-minuto-con-iman\/","title":{"rendered":"Envasadora Al Vacio Laica Vt3205  9 Litros Minuto Con Iman"},"content":{"rendered":"<div class=\"descripcion-tab\">\nLaica VT3205 es una envasadora al vac\u00edo de tama\u00f1o reducido, muy compacta, se puede guardar en un caj\u00f3n. Su potencia de aspiraci\u00f3n es de 9 litros\/minuto y potencia regulable.<\/p>\n<p><strong>Caracter\u00edsticas:<\/strong><\/p>\n<ul>\n<li>La base de la m\u00e1quina es magn\u00e9tica, por lo que se podr\u00eda poner, por ejemplo, en la puerta de frigor\u00edfico, si es met\u00e1lica.<\/li>\n<li>Tiene la posibilidad de hacer un vac\u00edo parcial en el caso, por ejemplo, que se trate de un alimento delicado. Tambi\u00e9n tiene la funci\u00f3n &#8220;solo sellado&#8221;, necesario para hacer bolsas partiendo de un rollo.<\/li>\n<li>Dentro de la caja va incluido un rollo de 25&#215;600 cm, y un cortador.<\/li>\n<\/ul>\n<p><strong>Especificaciones Laica VT3205:<\/strong><\/p>\n<ul>\n<li>Dimensiones: 12.5 x 37.3 x 6 cm<\/li>\n<li>Peso: 1.02 kg<\/li>\n<li>Contenido: 1 envasadora al vac\u00edo, 2 Rollos para el envasado al vac\u00edo(28x600cm), 1 cortador, 1 Manual de instrucciones.<\/li>\n<li>Presi\u00f3n m\u00e1xima de aspiraci\u00f3n: \u2013 0.6 bar<\/li>\n<li>Compartimento para rollo: N\/A<\/li>\n<li>Contenedor recogedor de l\u00edquidos: S\u00ed<\/li>\n<li>Funciones disponibles: 100% autom\u00e1tico, funci\u00f3n de vac\u00edo parcial, vac\u00edo manual de pulso, funci\u00f3n de sellado solamente.<\/li>\n<li>Ancho m\u00e1ximo de bolsas: 30 cm<\/li>\n<li>Protecci\u00f3n t\u00e9rmica: Si<\/li>\n<li>Alimentaci\u00f3n: AC 220-240V 50H<\/li>\n<li>Potencia: 90W<\/li>\n<li>Nivel de ruido: &lt;80dB<\/li>\n<\/ul>\n<\/div>\n","protected":false},"excerpt":{"rendered":"<p>Laica VT3205 es una envasadora al vac\u00edo de tama\u00f1o reducido, muy compacta, se puede guardar en un caj\u00f3n. Su potencia<\/p>\n","protected":false},"featured_media":133222,"comment_status":"open","ping_status":"closed","template":"","meta":{"_joinchat":[]},"product_cat":[6508,825,831],"product_tag":[],"class_list":{"0":"post-29319","1":"product","2":"type-product","3":"status-publish","4":"has-post-thumbnail","6":"product_cat-envasadoras-al-vacio","7":"product_cat-pequeno-electrodomestico","8":"product_cat-accesorios-de-cocina","9":"pa_marca-laica","11":"first","12":"instock","13":"taxable","14":"shipping-taxable","15":"purchasable","16":"product-type-simple"},"_links":{"self":[{"href":"https:\/\/desdropi.com\/elparque\/wp-json\/wp\/v2\/product\/29319"}],"collection":[{"href":"https:\/\/desdropi.com\/elparque\/wp-json\/wp\/v2\/product"}],"about":[{"href":"https:\/\/desdropi.com\/elparque\/wp-json\/wp\/v2\/types\/product"}],"replies":[{"embeddable":true,"href":"https:\/\/desdropi.com\/elparque\/wp-json\/wp\/v2\/comments?post=29319"}],"version-history":[{"count":1,"href":"https:\/\/desdropi.com\/elparque\/wp-json\/wp\/v2\/product\/29319\/revisions"}],"predecessor-version":[{"id":224446,"href":"https:\/\/desdropi.com\/elparque\/wp-json\/wp\/v2\/product\/29319\/revisions\/224446"}],"wp:featuredmedia":[{"embeddable":true,"href":"https:\/\/desdropi.com\/elparque\/wp-json\/wp\/v2\/media\/133222"}],"wp:attachment":[{"href":"https:\/\/desdropi.com\/elparque\/wp-json\/wp\/v2\/media?parent=29319"}],"wp:term":[{"taxonomy":"product_cat","embeddable":true,"href":"https:\/\/desdropi.com\/elparque\/wp-json\/wp\/v2\/product_cat?post=29319"},{"taxonomy":"product_tag","embeddable":true,"href":"https:\/\/desdropi.com\/elparque\/wp-json\/wp\/v2\/product_tag?post=29319"}],"curies":[{"name":"wp","href":"https:\/\/api.w.org\/{rel}","templated":true}]}}