{"id":29327,"date":"2021-11-11T10:47:09","date_gmt":"2021-11-11T08:47:09","guid":{"rendered":"https:\/\/desdropi.com\/elparque\/rollos-2-unidades-laica-vt3514-tamano-15x300\/"},"modified":"2025-04-13T19:36:50","modified_gmt":"2025-04-13T17:36:50","slug":"rollos-2-unidades-laica-vt3514-tamano-15x300","status":"publish","type":"product","link":"https:\/\/desdropi.com\/elparque\/rollos-2-unidades-laica-vt3514-tamano-15x300\/","title":{"rendered":"Rollos 2 Unidades Laica Vt3514 Tama\u00f1o 15X300"},"content":{"rendered":"<div class=\"descripcion-tab\">\n<ul>\n<li>2 rollos de pl\u00e1stico gofrado de 15&#215;300 cm. fabricadas especialmente para usarse en el envasado al vac\u00edo de alimentos.<\/li>\n<li>Las bolsas y los rollos Laica se pueden usar con otras marcas de m\u00e1quinas conservaci\u00f3n al vac\u00edo (es aconsejable comprobar el ancho de la bolsa o rollo y el de la barra de sellado de la envasadora al vac\u00edo).<\/li>\n<li>Las bolsas de vac\u00edo Laica est\u00e1n adem\u00e1s adaptadas para la cocci\u00f3n a baja temperatura con Sous Vide LAICA: hasta 70\u00b0C durante un m\u00e1ximo de 6 horas, o 100\u00b0C durante un m\u00e1ximo de 15 minutos.<\/li>\n<li>Los rollos Laica NO contienen bisfenol A ni BPA, eliminan los olores en el refrigerador y reducen el desperdicio. Estan fabricadas para ser usadas espec\u00edficamente con comida y alimentos.<\/li>\n<\/ul>\n<\/div>\n","protected":false},"excerpt":{"rendered":"<p><span style=\"color: #ff0000;\">Cantidad m\u00ednima de compra 3 paquetes (2 rollos por unidad), sino se cobrar\u00e1n a parte 6\u20ac de portes.<\/span><\/p>\n","protected":false},"featured_media":133228,"comment_status":"open","ping_status":"closed","template":"","meta":{"_joinchat":[]},"product_cat":[6508,6509,825,831],"product_tag":[],"class_list":{"0":"post-29327","1":"product","2":"type-product","3":"status-publish","4":"has-post-thumbnail","6":"product_cat-envasadoras-al-vacio","7":"product_cat-repuestos-envasadoras-al-vacio","8":"product_cat-pequeno-electrodomestico","9":"product_cat-accesorios-de-cocina","10":"pa_marca-laica","12":"first","13":"instock","14":"taxable","15":"shipping-taxable","16":"purchasable","17":"product-type-simple"},"_links":{"self":[{"href":"https:\/\/desdropi.com\/elparque\/wp-json\/wp\/v2\/product\/29327"}],"collection":[{"href":"https:\/\/desdropi.com\/elparque\/wp-json\/wp\/v2\/product"}],"about":[{"href":"https:\/\/desdropi.com\/elparque\/wp-json\/wp\/v2\/types\/product"}],"replies":[{"embeddable":true,"href":"https:\/\/desdropi.com\/elparque\/wp-json\/wp\/v2\/comments?post=29327"}],"version-history":[{"count":1,"href":"https:\/\/desdropi.com\/elparque\/wp-json\/wp\/v2\/product\/29327\/revisions"}],"predecessor-version":[{"id":224449,"href":"https:\/\/desdropi.com\/elparque\/wp-json\/wp\/v2\/product\/29327\/revisions\/224449"}],"wp:featuredmedia":[{"embeddable":true,"href":"https:\/\/desdropi.com\/elparque\/wp-json\/wp\/v2\/media\/133228"}],"wp:attachment":[{"href":"https:\/\/desdropi.com\/elparque\/wp-json\/wp\/v2\/media?parent=29327"}],"wp:term":[{"taxonomy":"product_cat","embeddable":true,"href":"https:\/\/desdropi.com\/elparque\/wp-json\/wp\/v2\/product_cat?post=29327"},{"taxonomy":"product_tag","embeddable":true,"href":"https:\/\/desdropi.com\/elparque\/wp-json\/wp\/v2\/product_tag?post=29327"}],"curies":[{"name":"wp","href":"https:\/\/api.w.org\/{rel}","templated":true}]}}