{"id":29333,"date":"2021-11-11T10:47:09","date_gmt":"2021-11-11T08:47:09","guid":{"rendered":"https:\/\/desdropi.com\/elparque\/rollos-2-unidades-laica-vt3509-tamano-28x600\/"},"modified":"2025-04-13T19:38:03","modified_gmt":"2025-04-13T17:38:03","slug":"rollos-2-unidades-laica-vt3509-tamano-28x600","status":"publish","type":"product","link":"https:\/\/desdropi.com\/elparque\/rollos-2-unidades-laica-vt3509-tamano-28x600\/","title":{"rendered":"Rollos 2 Unidades Laica Vt3509 Tama\u00f1o 28X600"},"content":{"rendered":"<div class=\"descripcion-tab\">\n<ul>\n<li>Marca &#8211; \u200eLaica.<\/li>\n<li>N\u00famero de modelo &#8211; \u200eVT35090.<\/li>\n<li>Color &#8211; \u200eTransparente.<\/li>\n<li>Dimensiones del producto &#8211; \u200e28 x 4 x 5 cm; 600 gramos.<\/li>\n<li>Peso del producto &#8211; \u200e600 g.<\/li>\n<li>Incluye 2 rollos de 28&#215;600 cm., para hacer bolsas a la medida que necesitemos en el envasado al vac\u00edo de alimentos.<\/li>\n<li>Las bolsas y los rollos Laica se pueden usar con otras marcas de m\u00e1quinas conservaci\u00f3n al vac\u00edo (es aconsejable comprobar el ancho de la bolsa o rollo y el de la barra de sellado de la envasadora al vac\u00edo).<\/li>\n<li>Las bolsas de vac\u00edo Laica est\u00e1n adem\u00e1s adaptadas para la cocci\u00f3n a baja temperatura con Sous Vide LAICA: hasta 70\u00b0C durante un m\u00e1ximo de 6 horas, o 100\u00b0C durante un m\u00e1ximo de 15 minutos.<\/li>\n<li>Los rollos Laica NO contienen bisfenol A ni BPA, eliminan los olores en el refrigerador y reducen el desperdicio. Estan fabricadas para ser usadas espec\u00edficamente con comida y alimentos.<\/li>\n<li>Las bolsas y rollos Laica son de una muy alta calidad y con un resultado excelente.<\/li>\n<\/ul>\n<\/div>\n","protected":false},"excerpt":{"rendered":"<p><span style=\"color: #339966;\">Compra m\u00ednima de 2 unidades, sino se cobrar\u00e1n a parte 6\u20ac de portes.<\/span><\/p>\n","protected":false},"featured_media":133237,"comment_status":"open","ping_status":"closed","template":"","meta":{"_joinchat":[]},"product_cat":[6508,6509,825,831],"product_tag":[],"class_list":{"0":"post-29333","1":"product","2":"type-product","3":"status-publish","4":"has-post-thumbnail","6":"product_cat-envasadoras-al-vacio","7":"product_cat-repuestos-envasadoras-al-vacio","8":"product_cat-pequeno-electrodomestico","9":"product_cat-accesorios-de-cocina","10":"pa_marca-laica","12":"first","13":"instock","14":"taxable","15":"shipping-taxable","16":"purchasable","17":"product-type-simple"},"_links":{"self":[{"href":"https:\/\/desdropi.com\/elparque\/wp-json\/wp\/v2\/product\/29333"}],"collection":[{"href":"https:\/\/desdropi.com\/elparque\/wp-json\/wp\/v2\/product"}],"about":[{"href":"https:\/\/desdropi.com\/elparque\/wp-json\/wp\/v2\/types\/product"}],"replies":[{"embeddable":true,"href":"https:\/\/desdropi.com\/elparque\/wp-json\/wp\/v2\/comments?post=29333"}],"version-history":[{"count":1,"href":"https:\/\/desdropi.com\/elparque\/wp-json\/wp\/v2\/product\/29333\/revisions"}],"predecessor-version":[{"id":224452,"href":"https:\/\/desdropi.com\/elparque\/wp-json\/wp\/v2\/product\/29333\/revisions\/224452"}],"wp:featuredmedia":[{"embeddable":true,"href":"https:\/\/desdropi.com\/elparque\/wp-json\/wp\/v2\/media\/133237"}],"wp:attachment":[{"href":"https:\/\/desdropi.com\/elparque\/wp-json\/wp\/v2\/media?parent=29333"}],"wp:term":[{"taxonomy":"product_cat","embeddable":true,"href":"https:\/\/desdropi.com\/elparque\/wp-json\/wp\/v2\/product_cat?post=29333"},{"taxonomy":"product_tag","embeddable":true,"href":"https:\/\/desdropi.com\/elparque\/wp-json\/wp\/v2\/product_tag?post=29333"}],"curies":[{"name":"wp","href":"https:\/\/api.w.org\/{rel}","templated":true}]}}