{"id":29453,"date":"2021-11-11T10:48:14","date_gmt":"2021-11-11T08:48:14","guid":{"rendered":"https:\/\/desdropi.com\/elparque\/cafetera-monix-vitro-express-1t-vitroceramica-m620001\/"},"modified":"2025-04-13T19:42:05","modified_gmt":"2025-04-13T17:42:05","slug":"cafetera-monix-vitro-express-1t-vitroceramica-m620001","status":"publish","type":"product","link":"https:\/\/desdropi.com\/elparque\/cafetera-monix-vitro-express-1t-vitroceramica-m620001\/","title":{"rendered":"Cafetera Monix Vitro-Express 1T Vitroceramica M620001"},"content":{"rendered":"<div class=\"descripcion-tab\">\n<ul>\n<li>Apta para todo tipo de cocinas, salvo inducci\u00f3n., Recubrimiento antiadherente interior del calder\u00edn., Interior del calder\u00edn pulido sin cantos para una mejor limpieza., Nuevo dise\u00f1o m\u00e1s pr\u00e1ctico y ergon\u00f3mico.<\/li>\n<li>Material &#8211; Aluminio.<\/li>\n<li>Cafetera con asa de baquelita termo-resistente ergon\u00f3mica para un agarre f\u00e1cil y seguro.<\/li>\n<li>Capacidad para 1 taza de caf\u00e9.<\/li>\n<li>Apta para todo tipo de encimeras, excepto inducci\u00f3n. No limpiar en lavavajillas.<\/li>\n<li>Acabado aluminio efecto mate.<\/li>\n<li>Exterior s\u00faper resistente y dise\u00f1o interior del calder\u00edn sin cantos para una limpieza m\u00e1s c\u00f3moda.<\/li>\n<li>Descubre c\u00f3mo cuidar tu menaje antiadherente en el apartado Guia de usuario de esta ficha.<\/li>\n<\/ul>\n<p><strong>Monix<\/strong><\/p>\n<ul>\n<li>Monix ha estado presente en los hogares desde hace m\u00e1s de 60 a\u00f1os, sin duda una marca muy vinculada a la historia del menaje, tanto en el mercado Nacional como a nivel internacional.<\/li>\n<li>Monix, en la actualidad, se ha consolidado como uno de los l\u00edderes de fabricaci\u00f3n y comercializaci\u00f3n de productos para el menaje del hogar, constituyendo una opci\u00f3n en el dise\u00f1o, con una fuerte presencia en todos los canales de distribuci\u00f3n a la altura de las mejores expectativas de nuestros clientes.<\/li>\n<li>Hoy en d\u00eda, la gastronom\u00eda se ha convertido en un placer para todos y cocinar es un acto social que marca nuestro estilo de vida. Para satisfacer esta necesidad, Monix es una apuesta segura ya que ofrece soluciones pr\u00e1cticas, con una amplia gama de alta calidad que se adapta a los consumidores m\u00e1s exigentes.<\/li>\n<\/ul>\n<p><strong>Hoy como siempre &#8211; Qu\u00e9 menos, que Monix.<\/strong><\/p>\n<ul>\n<li>Monix presenta el dise\u00f1o del mango y pomo de sus ya conocidas cafeteras Vitro-expr\u00e9s y Vitro-noir.<\/li>\n<li>Estas cafeteras, fabricadas en aluminio, tienen como caracter\u00edstica un recubrimiento interior antiadherente, y un interior pulido sin cantos, lo que facilita al m\u00e1ximo su limpieza.<\/li>\n<li>Con sus dise\u00f1os de mango y pomo m\u00e1s ergon\u00f3micos, redescubrimos la cafetera de siempre que la mejoran y adaptan a las necesidades del d\u00eda a d\u00eda.<\/li>\n<\/ul>\n<p><strong>Caracter\u00edsticas<\/strong><\/p>\n<ul>\n<li>Cafetera con asa de baquelita termo-resistente ergon\u00f3mica para un agarre f\u00e1cil y seguro.<\/li>\n<li>Apta para todo tipo de encimeras, excepto inducci\u00f3n No limpiar en lavavajillas.<\/li>\n<li>Acabado efecto piedra.<\/li>\n<li>Exterior s\u00faper resistente y dise\u00f1o interior del calder\u00edn sin cantos para una limpieza m\u00e1s c\u00f3moda.<\/li>\n<li>Posee recubrimiento antiadherente en el interior de la parte inferior para un mantenimiento mucho m\u00e1s higi\u00e9nico.<\/li>\n<\/ul>\n<\/div>\n","protected":false},"excerpt":{"rendered":"<p><span style=\"color: #ff0000;\">Compra m\u00ednima 2 unidades, sino se cobrar\u00e1n a parte 6\u20ac de env\u00edo.<\/span><\/p>\n","protected":false},"featured_media":221529,"comment_status":"open","ping_status":"closed","template":"","meta":{"_joinchat":[]},"product_cat":[5661,5662,5663],"product_tag":[],"class_list":{"0":"post-29453","1":"product","2":"type-product","3":"status-publish","4":"has-post-thumbnail","6":"product_cat-menaje","7":"product_cat-menaje-de-cocina","8":"product_cat-cafeteras-italianas","9":"pa_marca-monix","11":"first","12":"instock","13":"taxable","14":"shipping-taxable","15":"purchasable","16":"product-type-simple"},"_links":{"self":[{"href":"https:\/\/desdropi.com\/elparque\/wp-json\/wp\/v2\/product\/29453"}],"collection":[{"href":"https:\/\/desdropi.com\/elparque\/wp-json\/wp\/v2\/product"}],"about":[{"href":"https:\/\/desdropi.com\/elparque\/wp-json\/wp\/v2\/types\/product"}],"replies":[{"embeddable":true,"href":"https:\/\/desdropi.com\/elparque\/wp-json\/wp\/v2\/comments?post=29453"}],"version-history":[{"count":1,"href":"https:\/\/desdropi.com\/elparque\/wp-json\/wp\/v2\/product\/29453\/revisions"}],"predecessor-version":[{"id":224458,"href":"https:\/\/desdropi.com\/elparque\/wp-json\/wp\/v2\/product\/29453\/revisions\/224458"}],"wp:featuredmedia":[{"embeddable":true,"href":"https:\/\/desdropi.com\/elparque\/wp-json\/wp\/v2\/media\/221529"}],"wp:attachment":[{"href":"https:\/\/desdropi.com\/elparque\/wp-json\/wp\/v2\/media?parent=29453"}],"wp:term":[{"taxonomy":"product_cat","embeddable":true,"href":"https:\/\/desdropi.com\/elparque\/wp-json\/wp\/v2\/product_cat?post=29453"},{"taxonomy":"product_tag","embeddable":true,"href":"https:\/\/desdropi.com\/elparque\/wp-json\/wp\/v2\/product_tag?post=29453"}],"curies":[{"name":"wp","href":"https:\/\/api.w.org\/{rel}","templated":true}]}}