{"id":29495,"date":"2021-11-11T10:48:39","date_gmt":"2021-11-11T08:48:39","guid":{"rendered":"https:\/\/desdropi.com\/elparque\/olla-presion-monix-classica-4-litros-recta-m530001\/"},"modified":"2025-04-13T19:48:42","modified_gmt":"2025-04-13T17:48:42","slug":"olla-presion-monix-classica-4-litros-recta-m530001","status":"publish","type":"product","link":"https:\/\/desdropi.com\/elparque\/olla-presion-monix-classica-4-litros-recta-m530001\/","title":{"rendered":"Olla Presion Monix Classica  4 Litros Recta M530001"},"content":{"rendered":"<div class=\"descripcion-tab\">\n<ul>\n<li>Peso &#8211; 4.15 kg.<\/li>\n<li>Dimensiones &#8211; 18.5 \u00d7 32.5 \u00d7 26.0 cm.<\/li>\n<li>Marca &#8211; Monix.<\/li>\n<li>Material &#8211; Acero inox.<\/li>\n<li><span class=\"a-list-item\">Olla a presi\u00f3n con cierre formato puente, capacidad 4 litros.<\/span><\/li>\n<li><span class=\"a-list-item\">La olla a presi\u00f3n CLASSICA puede con todo, las recetas de hoy y de ayer.<\/span><\/li>\n<li><span class=\"a-list-item\">Con la olla a presi\u00f3n CLASSICA todo te resultar\u00e1 m\u00e1s f\u00e1cil, pr\u00e1ctico y r\u00e1pido, ya que su formato tradicional es r\u00e1pido y c\u00f3modo de utilizar.<\/span><\/li>\n<li><span class=\"a-list-item\">Fabricada en acero inoxidable 18\/10 de la m\u00e1s alta calidad y baquelita termo-resistente, que garantizan una gran resistencia al desgaste.<\/span><\/li>\n<li><span class=\"a-list-item\">Gracias a su amplia variedad de capacidades, podr\u00e1 elegir aquella que se adapte mejor a su ritmo de vida y a la de los suyos.<\/span><\/li>\n<li><span class=\"a-list-item\">La tapa de la olla debe estar siempre muy limpia, asegurando as\u00ed que tanto el cierre como la v\u00e1lvula funcionen perfectamente.<\/span><\/li>\n<\/ul>\n<\/div>\n","protected":false},"excerpt":{"rendered":"<p>Peso &#8211; 4.15 kg. Dimensiones &#8211; 18.5 \u00d7 32.5 \u00d7 26.0 cm. Marca &#8211; Monix. Material &#8211; Acero inox. Olla<\/p>\n","protected":false},"featured_media":221532,"comment_status":"open","ping_status":"closed","template":"","meta":{"_joinchat":[]},"product_cat":[5661,5662,5877],"product_tag":[],"class_list":{"0":"post-29495","1":"product","2":"type-product","3":"status-publish","4":"has-post-thumbnail","6":"product_cat-menaje","7":"product_cat-menaje-de-cocina","8":"product_cat-ollas-a-presion","9":"pa_marca-monix","11":"first","12":"instock","13":"taxable","14":"shipping-taxable","15":"purchasable","16":"product-type-simple"},"_links":{"self":[{"href":"https:\/\/desdropi.com\/elparque\/wp-json\/wp\/v2\/product\/29495"}],"collection":[{"href":"https:\/\/desdropi.com\/elparque\/wp-json\/wp\/v2\/product"}],"about":[{"href":"https:\/\/desdropi.com\/elparque\/wp-json\/wp\/v2\/types\/product"}],"replies":[{"embeddable":true,"href":"https:\/\/desdropi.com\/elparque\/wp-json\/wp\/v2\/comments?post=29495"}],"version-history":[{"count":1,"href":"https:\/\/desdropi.com\/elparque\/wp-json\/wp\/v2\/product\/29495\/revisions"}],"predecessor-version":[{"id":224463,"href":"https:\/\/desdropi.com\/elparque\/wp-json\/wp\/v2\/product\/29495\/revisions\/224463"}],"wp:featuredmedia":[{"embeddable":true,"href":"https:\/\/desdropi.com\/elparque\/wp-json\/wp\/v2\/media\/221532"}],"wp:attachment":[{"href":"https:\/\/desdropi.com\/elparque\/wp-json\/wp\/v2\/media?parent=29495"}],"wp:term":[{"taxonomy":"product_cat","embeddable":true,"href":"https:\/\/desdropi.com\/elparque\/wp-json\/wp\/v2\/product_cat?post=29495"},{"taxonomy":"product_tag","embeddable":true,"href":"https:\/\/desdropi.com\/elparque\/wp-json\/wp\/v2\/product_tag?post=29495"}],"curies":[{"name":"wp","href":"https:\/\/api.w.org\/{rel}","templated":true}]}}