{"id":29509,"date":"2021-11-11T10:48:39","date_gmt":"2021-11-11T08:48:39","guid":{"rendered":"https:\/\/desdropi.com\/elparque\/olla-presion-monix-veloce-7-litros-super-rapida-m570003\/"},"modified":"2025-04-13T19:56:10","modified_gmt":"2025-04-13T17:56:10","slug":"olla-presion-monix-veloce-7-litros-super-rapida-m570003","status":"publish","type":"product","link":"https:\/\/desdropi.com\/elparque\/olla-presion-monix-veloce-7-litros-super-rapida-m570003\/","title":{"rendered":"Olla Presion Monix Veloce 7 Litros Super Rapida M570003"},"content":{"rendered":"<div class=\"descripcion-tab\">\n<ul>\n<li>Marca &#8211; Monix.<\/li>\n<li>Material &#8211; Acero inoxidable.<\/li>\n<li>Capacidad &#8211; 5 Litros.<\/li>\n<li>Dimensiones del producto: largo x ancho x alto &#8211; 41 x 27.2 x 26.4 cent\u00edmetros.<\/li>\n<li>Peso del producto &#8211; 2 Kilogramos.<\/li>\n<li>Tipo de controlador &#8211; Control manual.<\/li>\n<li>Acero inox 18\/10 de 5,3mm de espesor.<\/li>\n<li>Cuerpo apto para limpieza en lavavajillas.<\/li>\n<li>Triple fondo difusor forjado.<\/li>\n<li>Aptas para todo tipo de cocinas, incluido inducci\u00f3n.<\/li>\n<li>Facilidad de uso, ahorro de tiempo y energ\u00eda.<\/li>\n<\/ul>\n<p><strong>Monix<\/strong><\/p>\n<ul>\n<li>Monix ha estado presente en los hogares desde hace m\u00e1s de 60 a\u00f1os, sin duda una marca muy vinculada a la historia del menaje, tanto en el mercado Nacional como a nivel internacional.<\/li>\n<li>Monix, en la actualidad, se ha consolidado como uno de los l\u00edderes de fabricaci\u00f3n y comercializaci\u00f3n de productos para el menaje del hogar, constituyendo una opci\u00f3n innovadora en el dise\u00f1o, con una fuerte presencia en todos los canales de distribuci\u00f3n a la altura de las mejores expectativas de nuestros clientes.<\/li>\n<li>Hoy en d\u00eda, la gastronom\u00eda se ha convertido en un placer para todos y cocinar es un acto social que marca nuestro estilo de vida. Para satisfacer esta necesidad, Monix es una apuesta segura ya que ofrece soluciones pr\u00e1cticas, con una amplia gama de alta calidad que se adapta a los consumidores m\u00e1s exigentes.<\/li>\n<\/ul>\n<p><strong>Monix Veloce<\/strong><\/p>\n<ul>\n<li>Grandes cocineros, tanto de nuestro pa\u00eds como a nivel internacional y que defienden tanto la cocina tradicional como la vanguardia, utilizan a diario las ollas a presi\u00f3n por motivos tan importantes como el ahorro de tiempo y la conservaci\u00f3n de las vitaminas e integridad f\u00edsica de los alimentos. Hervir &#8211; el proceso de cocci\u00f3n que m\u00e1s vitaminas elimina &#8211; los alimentos sin presi\u00f3n puede disminuir tanto el sabor como los nutrientes de los mismos, por lo que la cocci\u00f3n a presi\u00f3n acorta mucho este proceso para que la perdida sea m\u00ednima.<\/li>\n<\/ul>\n<p><strong>Caracter\u00edsticas<\/strong><\/p>\n<ul>\n<li>Acero inox 18\/10 de 5,3mm de espesor.<\/li>\n<li>Cuerpo apto para limpieza en lavavajillas.<\/li>\n<li>Triple fondo difusor forjado &#8211; Aptas para todo tipo de cocinas, incluido inducci\u00f3n.<\/li>\n<li>Facilidad de uso, ahorro de tiempo y energ\u00eda.<\/li>\n<\/ul>\n<\/div>\n","protected":false},"excerpt":{"rendered":"<p>Marca &#8211; Monix. Material &#8211; Acero inoxidable. Capacidad &#8211; 5 Litros. Dimensiones del producto: largo x ancho x alto &#8211;<\/p>\n","protected":false},"featured_media":221536,"comment_status":"open","ping_status":"closed","template":"","meta":{"_joinchat":[]},"product_cat":[5661,5662,5877],"product_tag":[],"class_list":{"0":"post-29509","1":"product","2":"type-product","3":"status-publish","4":"has-post-thumbnail","6":"product_cat-menaje","7":"product_cat-menaje-de-cocina","8":"product_cat-ollas-a-presion","9":"pa_marca-monix","11":"first","12":"instock","13":"taxable","14":"shipping-taxable","15":"purchasable","16":"product-type-simple"},"_links":{"self":[{"href":"https:\/\/desdropi.com\/elparque\/wp-json\/wp\/v2\/product\/29509"}],"collection":[{"href":"https:\/\/desdropi.com\/elparque\/wp-json\/wp\/v2\/product"}],"about":[{"href":"https:\/\/desdropi.com\/elparque\/wp-json\/wp\/v2\/types\/product"}],"replies":[{"embeddable":true,"href":"https:\/\/desdropi.com\/elparque\/wp-json\/wp\/v2\/comments?post=29509"}],"version-history":[{"count":1,"href":"https:\/\/desdropi.com\/elparque\/wp-json\/wp\/v2\/product\/29509\/revisions"}],"predecessor-version":[{"id":224470,"href":"https:\/\/desdropi.com\/elparque\/wp-json\/wp\/v2\/product\/29509\/revisions\/224470"}],"wp:featuredmedia":[{"embeddable":true,"href":"https:\/\/desdropi.com\/elparque\/wp-json\/wp\/v2\/media\/221536"}],"wp:attachment":[{"href":"https:\/\/desdropi.com\/elparque\/wp-json\/wp\/v2\/media?parent=29509"}],"wp:term":[{"taxonomy":"product_cat","embeddable":true,"href":"https:\/\/desdropi.com\/elparque\/wp-json\/wp\/v2\/product_cat?post=29509"},{"taxonomy":"product_tag","embeddable":true,"href":"https:\/\/desdropi.com\/elparque\/wp-json\/wp\/v2\/product_tag?post=29509"}],"curies":[{"name":"wp","href":"https:\/\/api.w.org\/{rel}","templated":true}]}}