{"id":29515,"date":"2021-11-11T10:48:39","date_gmt":"2021-11-11T08:48:39","guid":{"rendered":"https:\/\/desdropi.com\/elparque\/olla-a-presion-bra-tekna-6l-22cm-a185602\/"},"modified":"2025-04-13T19:58:18","modified_gmt":"2025-04-13T17:58:18","slug":"olla-a-presion-bra-tekna-6l-22cm-a185602","status":"publish","type":"product","link":"https:\/\/desdropi.com\/elparque\/olla-a-presion-bra-tekna-6l-22cm-a185602\/","title":{"rendered":"Olla A Presi\u00f3n Bra Tekna 6L 22Cm A185602"},"content":{"rendered":"<div class=\"descripcion-tab\">\n<strong>Informaci\u00f3n del producto<\/strong><\/p>\n<ul>\n<li>La olla a presi\u00f3n Tekna consigue una cocci\u00f3n eficiente y s\u00faper r\u00e1pida, con un funcionamiento muy simple para convertir la cocci\u00f3n a presi\u00f3n en un proceso f\u00e1cil, intuitivo y seguro.<\/li>\n<li>Est\u00e1 fabricada en acero inoxidable 18\/10 muy resistente al desgaste, con triple fondo difusor para un reparto homog\u00e9neo del calor que la convierte en apta para todo tipo de cocinas, incluida la inducci\u00f3n.<\/li>\n<li>Dispone de un dise\u00f1o innovador con dos programas de cocci\u00f3n, 3 sistemas de seguridad a presi\u00f3n y 1 sistema de bloqueo de apertura, cumpliendo con la normativa CE.<\/li>\n<li>La olla a presi\u00f3n Tekna es ideal para cocinar infinidad de recetas, conservando al m\u00e1ximo las vitaminas y nutrientes de los alimentos, y reduciendo al m\u00ednimo el tiempo de elaboraci\u00f3n. La cocci\u00f3n en olla a presi\u00f3n permite ganar mucho m\u00e1s de la mitad del tiempo, por lo que preparar cualquier guiso es muy r\u00e1pido y eficiente y adem\u00e1s supone un importante ahorro de energ\u00eda. Te permite cocinar de forma muy r\u00e1pida utilizando su tapa, pero adem\u00e1s es perfecta como olla convencional para preparar, si as\u00ed lo deseas, multitud de recetas de forma tradicional. Podr\u00e1s elaborar deliciosos guisos en muy poco tiempo en cualquiera de sus tama\u00f1os. Tanto las verduras, como las legumbres, arroces o pasta estar\u00e1n listos muy r\u00e1pidamente y con unos resultados perfectos. Un estofado de ternera con verduras, un pollo relleno de pollo y jam\u00f3n, unas carrilleras de cerdo al vino tinto o una fabada asturiana, resultar\u00e1n muy sabrosos cocinados en la olla a presi\u00f3n. Adem\u00e1s de caldos, cremas de legumbres o pur\u00e9s de verduras, te permite preparar deliciosos postres y dulces como flanes, bizcochos, tartas de queso, compota de manzanas o mermelada con las frutas de temporada. Una pieza muy vers\u00e1til e indispensable con la que cocinar de forma segura, con todos los beneficios y sin renunciar a los sabores de siempre, supone adem\u00e1s un ahorro de tiempo y energ\u00eda muy importante.<\/li>\n<\/ul>\n<p><strong>Caracter\u00edsticas<\/strong><\/p>\n<ul>\n<li>Fabricaci\u00f3n en acero inoxidable 18\/10 con gran resistencia al desgaste.<\/li>\n<li>Triple fondo difusor que consigue la temperatura \u00f3ptima r\u00e1pidamente, apto para todo tipo de cocinas, incluida la inducci\u00f3n.<\/li>\n<li>Asas y mango ergon\u00f3mico de baquelita termo resistente.<\/li>\n<li>Dos niveles de cocci\u00f3n y dispositivo de despresurizaci\u00f3n.<\/li>\n<li>Dispone de 4 sistemas de seguridad:<\/li>\n<\/ul>\n<ol>\n<li>3 sistemas de seguridad a presi\u00f3n.<\/li>\n<li>1 sistema de bloqueo de apertura.<\/li>\n<\/ol>\n<ul>\n<li>F\u00e1cil sistema de apertura mediante un simple giro.<\/li>\n<li>V\u00e1lvula de funcionamiento de acero inoxidable 18\/10.<\/li>\n<li>Cuerpo apto para lavavajillas.<\/li>\n<\/ul>\n<p><strong>Medidas<\/strong><\/p>\n<p>Capacidad Di\u00e1metro, superior Di\u00e1metro, inferior y Altura.<\/p>\n<ul>\n<li>4 litros 22 cm 18 cm 11,3 cm.<\/li>\n<li>6 litros 22 cm 18 cm 16,9 cm.<\/li>\n<li>7 litros 22 cm 18 cm 20,2 cm.<\/li>\n<\/ul>\n<\/div>\n","protected":false},"excerpt":{"rendered":"<p>Informaci\u00f3n del producto La olla a presi\u00f3n Tekna consigue una cocci\u00f3n eficiente y s\u00faper r\u00e1pida, con un funcionamiento muy simple<\/p>\n","protected":false},"featured_media":221537,"comment_status":"open","ping_status":"closed","template":"","meta":{"_joinchat":[]},"product_cat":[5661,5662,5877],"product_tag":[],"class_list":{"0":"post-29515","1":"product","2":"type-product","3":"status-publish","4":"has-post-thumbnail","6":"product_cat-menaje","7":"product_cat-menaje-de-cocina","8":"product_cat-ollas-a-presion","9":"pa_marca-bra","11":"first","12":"instock","13":"taxable","14":"shipping-taxable","15":"purchasable","16":"product-type-simple"},"_links":{"self":[{"href":"https:\/\/desdropi.com\/elparque\/wp-json\/wp\/v2\/product\/29515"}],"collection":[{"href":"https:\/\/desdropi.com\/elparque\/wp-json\/wp\/v2\/product"}],"about":[{"href":"https:\/\/desdropi.com\/elparque\/wp-json\/wp\/v2\/types\/product"}],"replies":[{"embeddable":true,"href":"https:\/\/desdropi.com\/elparque\/wp-json\/wp\/v2\/comments?post=29515"}],"version-history":[{"count":1,"href":"https:\/\/desdropi.com\/elparque\/wp-json\/wp\/v2\/product\/29515\/revisions"}],"predecessor-version":[{"id":224472,"href":"https:\/\/desdropi.com\/elparque\/wp-json\/wp\/v2\/product\/29515\/revisions\/224472"}],"wp:featuredmedia":[{"embeddable":true,"href":"https:\/\/desdropi.com\/elparque\/wp-json\/wp\/v2\/media\/221537"}],"wp:attachment":[{"href":"https:\/\/desdropi.com\/elparque\/wp-json\/wp\/v2\/media?parent=29515"}],"wp:term":[{"taxonomy":"product_cat","embeddable":true,"href":"https:\/\/desdropi.com\/elparque\/wp-json\/wp\/v2\/product_cat?post=29515"},{"taxonomy":"product_tag","embeddable":true,"href":"https:\/\/desdropi.com\/elparque\/wp-json\/wp\/v2\/product_tag?post=29515"}],"curies":[{"name":"wp","href":"https:\/\/api.w.org\/{rel}","templated":true}]}}