{"id":29519,"date":"2021-11-11T10:48:39","date_gmt":"2021-11-11T08:48:39","guid":{"rendered":"https:\/\/desdropi.com\/elparque\/olla-presion-monix-selecta-4-litros-m790001\/"},"modified":"2024-05-18T23:18:56","modified_gmt":"2024-05-18T21:18:56","slug":"olla-presion-monix-selecta-4-litros-m790001","status":"publish","type":"product","link":"https:\/\/desdropi.com\/elparque\/olla-presion-monix-selecta-4-litros-m790001\/","title":{"rendered":"Olla Presion Monix Selecta 4 Litros M790001"},"content":{"rendered":"<div class=\"descripcion-tab\">\n<ul>\n<li>Olla a presi\u00f3n Monix Selecta 4, de f\u00e1cil apertura, mango de baquelita termo-resistente, capacidad 4 litros, 21 cm, s\u00faper r\u00e1pida, selector gradual de la presi\u00f3n, tripe sistema de seguridad, bloqueo autom\u00e1tico de la tapa, v\u00e1lvula de seguridad y ventana lateral, referencia del fabricante M790001, de color inox.<\/li>\n<li>Descripci\u00f3n de producto &#8211; Olla a presi\u00f3n super-r\u00e1pida Selecta de f\u00e1cil apertura de acero inox 18\/10.<\/li>\n<li>Unidad de embalaje &#8211; 2.<\/li>\n<li>Material de fabricaci\u00f3n Mango \/ Asas &#8211; Mango de baquelita termo-resistente.<\/li>\n<li>T\u00e9cnica cocci\u00f3n &#8211; Cocina sana y rica en vitaminas.<\/li>\n<li>Apto para el horno (hasta 220\u00ba) &#8211; NO.<\/li>\n<li>Acabado Exterior &#8211; Brillante.<\/li>\n<li>Acabado Interior &#8211; Mate.<\/li>\n<li>Incluye Tapa &#8211; Tapa de acero inoxidable.<\/li>\n<li>M\u00e1s caracter\u00edsticas &#8211; Selector gradual de presi\u00f3n: la olla a presi\u00f3n tiene un regulador que permite una selecci\u00f3n gradual de la presi\u00f3n (Select&amp;Cook System).<\/li>\n<li>M\u00e1s caracter\u00edsticas &#8211; Nuevo sistema de apertura: abrir\u00e1s y cerrar\u00e1s su tapa con el m\u00ednimo esfuerzo y la m\u00e1xima seguridad.<\/li>\n<li>M\u00e1s caracter\u00edsticas &#8211; Triple sistema de seguridad: Bloqueo autom\u00e1tico de la tapa, V\u00e1lvula de seguridad y ventana lateral.<\/li>\n<\/ul>\n<\/div>\n","protected":false},"excerpt":{"rendered":"<p>Olla a presi\u00f3n Monix Selecta 4, de f\u00e1cil apertura, mango de baquelita termo-resistente, capacidad 4 litros, 21 cm, s\u00faper r\u00e1pida,<\/p>\n","protected":false},"featured_media":221538,"comment_status":"open","ping_status":"closed","template":"","meta":{"_joinchat":[]},"product_cat":[5661,5662,5877],"product_tag":[],"class_list":{"0":"post-29519","1":"product","2":"type-product","3":"status-publish","4":"has-post-thumbnail","6":"product_cat-menaje","7":"product_cat-menaje-de-cocina","8":"product_cat-ollas-a-presion","9":"pa_marca-monix","11":"first","12":"instock","13":"taxable","14":"shipping-taxable","15":"purchasable","16":"product-type-simple"},"_links":{"self":[{"href":"https:\/\/desdropi.com\/elparque\/wp-json\/wp\/v2\/product\/29519"}],"collection":[{"href":"https:\/\/desdropi.com\/elparque\/wp-json\/wp\/v2\/product"}],"about":[{"href":"https:\/\/desdropi.com\/elparque\/wp-json\/wp\/v2\/types\/product"}],"replies":[{"embeddable":true,"href":"https:\/\/desdropi.com\/elparque\/wp-json\/wp\/v2\/comments?post=29519"}],"version-history":[{"count":0,"href":"https:\/\/desdropi.com\/elparque\/wp-json\/wp\/v2\/product\/29519\/revisions"}],"wp:featuredmedia":[{"embeddable":true,"href":"https:\/\/desdropi.com\/elparque\/wp-json\/wp\/v2\/media\/221538"}],"wp:attachment":[{"href":"https:\/\/desdropi.com\/elparque\/wp-json\/wp\/v2\/media?parent=29519"}],"wp:term":[{"taxonomy":"product_cat","embeddable":true,"href":"https:\/\/desdropi.com\/elparque\/wp-json\/wp\/v2\/product_cat?post=29519"},{"taxonomy":"product_tag","embeddable":true,"href":"https:\/\/desdropi.com\/elparque\/wp-json\/wp\/v2\/product_tag?post=29519"}],"curies":[{"name":"wp","href":"https:\/\/api.w.org\/{rel}","templated":true}]}}