{"id":29539,"date":"2021-11-11T10:48:39","date_gmt":"2021-11-11T08:48:39","guid":{"rendered":"https:\/\/desdropi.com\/elparque\/paellera-bra-efficient-40-cm-a271640\/"},"modified":"2025-04-13T20:00:28","modified_gmt":"2025-04-13T18:00:28","slug":"paellera-bra-efficient-40-cm-a271640","status":"publish","type":"product","link":"https:\/\/desdropi.com\/elparque\/paellera-bra-efficient-40-cm-a271640\/","title":{"rendered":"Paellera Bra Efficient 40 Cm A271640"},"content":{"rendered":"<div class=\"descripcion-tab\">\n<strong>Informaci\u00f3n del producto<\/strong><\/p>\n<ul>\n<li>La paellera Efficient re\u00fane la eficacia y la calidad para un uso de cocina intensiva con los mejores resultados. Es una paellera robusta y duradera gracias a su cuerpo fabricado en aluminio fundido y a la calidad de su antiadherente Platinum Plus libre de PFOA.<\/li>\n<li>Es apta para todas las fuentes de calor (incluida la inducci\u00f3n) gracias a su fondo difusor full induction. Adem\u00e1s tiene un excelente reparto de la temperatura para una cocci\u00f3n perfecta de todas nuestras recetas.<\/li>\n<li>Incluye dos asas de silicona en color naranja para coger la paellera con comodidad.<\/li>\n<li>Es una paellera ideal no solo para preparar todo tipo de paellas y fideu\u00e1s. Desde una tradicional y sabrosa paella valenciana, un arroz negro con guisantes y sepia, un arroz del se\u00f1orito o una deliciosa fideu\u00e1 con su perfecto acabado en el horno. Su gran superficie antiadherente te permite tambi\u00e9n utilizarla como plancha para cocinar de forma r\u00e1pida y limpia, y sin apenas aceite, cualquier verdura, el pescado de la cena o la carne de la comida para toda la familia. Los filetes de merluza o de dorada, unas rodajas de rape o de bonito, una sepia o unos calamarcitos con ajo y perejil, o unos mejillones quedar\u00e1n en su punto. Del mismo modo que lo har\u00e1 cualquier carne que quieras preparar a la plancha: un poco de lomo con sal y pimienta, una pechuga de pollo espolvoreada con una pizca de tomillo o un entrecot de ternera con un toque de mostaza justo antes de servirlo en el plato. Y al ser apta para el horno, te permite asar unas piezas de pollo con patatas panadera sazonadas con tus arom\u00e1ticas preferidas, hornear cualquier pescado con unas verduras para tener un plato de lo m\u00e1s completo e incluso cocinar una deliciosa tarta de hojaldre y manzana o una empanada de at\u00fan y pimientos. Gracias a su antiadherente, podr\u00e1s cocinar cualquier alimento con muy poco aceite y sin que se pegue nada, de una forma muy eficiente. Y adem\u00e1s resulta muy f\u00e1cil y c\u00f3moda de limpiar.<\/li>\n<\/ul>\n<p><strong>Caracter\u00edsticas<\/strong><\/p>\n<ul>\n<li>Fabricada en aluminio fundido extremadamente resistente a la deformaci\u00f3n (6mm de espesor en la base).<\/li>\n<li>Revestimiento antiadherente Tefl\u00f3n Platinum Plus de alta calidad y muy duradero. 100% libre de PFOA.<\/li>\n<li>Fondo full induction compatible con todas las fuentes de calor incluida la inducci\u00f3n.<\/li>\n<li>Apta para su uso en horno hasta 220\u202f\u00b0C sin asas y tapa.<\/li>\n<\/ul>\n<p><strong>Medidas<\/strong><\/p>\n<p>Di\u00e1metro superior, Di\u00e1metro base, Altura y Porciones.<\/p>\n<ul>\n<li>32cm 25,4cm 4,1cm 2-3 porciones<\/li>\n<li>36cm 27,4cm 4,1cm 4-5 porciones<\/li>\n<li>40cm 29,5cm 4,6cm 5-6 porciones<\/li>\n<\/ul>\n<p><strong>Por qu\u00e9 elegir la colecci\u00f3n Efficient<\/strong><\/p>\n<ul>\n<li>Concebida para su uso constante e intensivo, la colecci\u00f3n Efficient (de Bra) satisface a los cocineros m\u00e1s curiosos y atrevidos. La l\u00ednea de m\u00e1s \u00e9xito es tambi\u00e9n la m\u00e1s completa del mercado, para que no haya receta que no puedas elaborar. Una gama todoterreno para tu cocina, tan resistente y duradera como popular.<\/li>\n<\/ul>\n<p><strong>Aspectos a destacar<\/strong><\/p>\n<ul>\n<li>Gran relaci\u00f3n calidad-precio.<\/li>\n<li>Extrema resistencia a la deformaci\u00f3n.<\/li>\n<li>Larga vida \u00fatil.<\/li>\n<\/ul>\n<\/div>\n","protected":false},"excerpt":{"rendered":"<p>Informaci\u00f3n del producto La paellera Efficient re\u00fane la eficacia y la calidad para un uso de cocina intensiva con los<\/p>\n","protected":false},"featured_media":221541,"comment_status":"open","ping_status":"closed","template":"","meta":{"_joinchat":[]},"product_cat":[5661,5662,5787],"product_tag":[],"class_list":{"0":"post-29539","1":"product","2":"type-product","3":"status-publish","4":"has-post-thumbnail","6":"product_cat-menaje","7":"product_cat-menaje-de-cocina","8":"product_cat-paelleras","9":"pa_marca-bra","11":"first","12":"instock","13":"taxable","14":"shipping-taxable","15":"purchasable","16":"product-type-simple"},"_links":{"self":[{"href":"https:\/\/desdropi.com\/elparque\/wp-json\/wp\/v2\/product\/29539"}],"collection":[{"href":"https:\/\/desdropi.com\/elparque\/wp-json\/wp\/v2\/product"}],"about":[{"href":"https:\/\/desdropi.com\/elparque\/wp-json\/wp\/v2\/types\/product"}],"replies":[{"embeddable":true,"href":"https:\/\/desdropi.com\/elparque\/wp-json\/wp\/v2\/comments?post=29539"}],"version-history":[{"count":1,"href":"https:\/\/desdropi.com\/elparque\/wp-json\/wp\/v2\/product\/29539\/revisions"}],"predecessor-version":[{"id":224474,"href":"https:\/\/desdropi.com\/elparque\/wp-json\/wp\/v2\/product\/29539\/revisions\/224474"}],"wp:featuredmedia":[{"embeddable":true,"href":"https:\/\/desdropi.com\/elparque\/wp-json\/wp\/v2\/media\/221541"}],"wp:attachment":[{"href":"https:\/\/desdropi.com\/elparque\/wp-json\/wp\/v2\/media?parent=29539"}],"wp:term":[{"taxonomy":"product_cat","embeddable":true,"href":"https:\/\/desdropi.com\/elparque\/wp-json\/wp\/v2\/product_cat?post=29539"},{"taxonomy":"product_tag","embeddable":true,"href":"https:\/\/desdropi.com\/elparque\/wp-json\/wp\/v2\/product_tag?post=29539"}],"curies":[{"name":"wp","href":"https:\/\/api.w.org\/{rel}","templated":true}]}}