{"id":29741,"date":"2021-11-11T10:50:36","date_gmt":"2021-11-11T09:50:36","guid":{"rendered":"https:\/\/desdropi.com\/elparque\/almohadilla-daga-flexi-heat-nc-cervical-100w-60x62\/"},"modified":"2025-04-13T20:17:50","modified_gmt":"2025-04-13T18:17:50","slug":"almohadilla-daga-flexi-heat-nc-cervical-100w-60x62","status":"publish","type":"product","link":"https:\/\/desdropi.com\/elparque\/almohadilla-daga-flexi-heat-nc-cervical-100w-60x62\/","title":{"rendered":"Almohadilla Daga Flexi-Heat Nc Cervical 100W 60X62"},"content":{"rendered":"<div class=\"descripcion-tab\">\n<p>Bienestar para los temidos s\u00edntomas de <strong>dolor muscular<\/strong> que nos provoca el t\u00edpico malestar junto a las malas posturas, cargar pesos y el exceso de horas en el ordenador, entre otras, fomentan esos dolores tan inc\u00f3modos que nos condicionan para afrontar el d\u00eda: para minimizarlos y paliar molestias localizadas las almohadillas ergon\u00f3micas son muy \u00fatiles y beneficiosas: se presentan en diferentes modelos id\u00f3neos para focalizar los <strong>beneficios del calor<\/strong> en el lugar afectado.<\/p>\n<ul>\n<li><strong>Confort:<\/strong> las almohadillas, al ser ergon\u00f3micas, est\u00e1n listas para aplicar se en la zona deseada: su tejido de acabado en pvc es impermeable y tiene funda textil apta para lavadora: dispone de 4 niveles de temperatura con 3 tiempos programables de 45, 60 y 90 minutos: as\u00ed podr\u00e1 regular y ajustar seg\u00fan mejor convenga haciendo que sea muy pr\u00e1ctico.<\/li>\n<li><strong>Tecnolog\u00eda:<\/strong> dispone de una potencia de 90w con mando electr\u00f3nico regulador de intensidad y programable: tiene conexi\u00f3n fija y proporciona un calentamiento r\u00e1pido en 5 minutos.<\/li>\n<li><strong>Autostop:<\/strong> una buena aliada que permite m\u00e1xima tranquilidad gracias a su autostop de seguridad desp\u00faes de 8h de uso continuado y descenso autom\u00e1tico tras 90 minutos de uso continuado.<\/li>\n<li>Productos que combinan perfectamente la <strong>tecnolog\u00eda del calor flexible<\/strong> y la electr\u00f3nica calefactora, proporcionando la mejor sensaci\u00f3n de agradable bienestar.<\/li>\n<\/ul>\n<p><strong>Caracter\u00edsticas<\/strong><\/p>\n<ul>\n<li>Apagado autom\u00e1tico &#8211; S\u00ed<\/li>\n<li>Apagado autom\u00e1tico despu\u00e9s de &#8211; 90 min<\/li>\n<li>Mejores usos &#8211; Piernas, Cuello<\/li>\n<li>Potencia &#8211; 100 W<\/li>\n<li>Color del producto &#8211; Gris<\/li>\n<li>Tama\u00f1o de la almohadilla el\u00e9ctrica &#8211; 60 x 62 cm<\/li>\n<li>Ajuste de calefacci\u00f3n &#8211; 3<\/li>\n<li>Operado remotamente &#8211; S\u00ed<\/li>\n<li>Protecci\u00f3n contra sobrecalentamiento &#8211; S\u00ed<\/li>\n<li>Transpirable &#8211; S\u00ed<\/li>\n<li>Pantalla incorporada &#8211; S\u00ed<\/li>\n<li>Calentamiento r\u00e1pido &#8211; S\u00ed<\/li>\n<li>Material de la cubierta &#8211; Microfibra<\/li>\n<\/ul>\n<p>37.2 x 5.4 x 25 cent\u00edmetros<\/p>\n<\/div>\n","protected":false},"excerpt":{"rendered":"<p>Bienestar para los temidos s\u00edntomas de dolor muscular que nos provoca el t\u00edpico malestar junto a las malas posturas, cargar<\/p>\n","protected":false},"featured_media":133323,"comment_status":"open","ping_status":"closed","template":"","meta":{"_joinchat":[]},"product_cat":[7036,7015,825,6097],"product_tag":[],"class_list":{"0":"post-29741","1":"product","2":"type-product","3":"status-publish","4":"has-post-thumbnail","6":"product_cat-almohadillas-higiene-y-salud-cuidado-personal","7":"product_cat-higiene-y-salud-cuidado-personal","8":"product_cat-pequeno-electrodomestico","9":"product_cat-cuidado-personal","10":"pa_marca-daga","11":"pa_potenica-100w","13":"first","14":"instock","15":"taxable","16":"shipping-taxable","17":"purchasable","18":"product-type-simple"},"_links":{"self":[{"href":"https:\/\/desdropi.com\/elparque\/wp-json\/wp\/v2\/product\/29741"}],"collection":[{"href":"https:\/\/desdropi.com\/elparque\/wp-json\/wp\/v2\/product"}],"about":[{"href":"https:\/\/desdropi.com\/elparque\/wp-json\/wp\/v2\/types\/product"}],"replies":[{"embeddable":true,"href":"https:\/\/desdropi.com\/elparque\/wp-json\/wp\/v2\/comments?post=29741"}],"version-history":[{"count":1,"href":"https:\/\/desdropi.com\/elparque\/wp-json\/wp\/v2\/product\/29741\/revisions"}],"predecessor-version":[{"id":224491,"href":"https:\/\/desdropi.com\/elparque\/wp-json\/wp\/v2\/product\/29741\/revisions\/224491"}],"wp:featuredmedia":[{"embeddable":true,"href":"https:\/\/desdropi.com\/elparque\/wp-json\/wp\/v2\/media\/133323"}],"wp:attachment":[{"href":"https:\/\/desdropi.com\/elparque\/wp-json\/wp\/v2\/media?parent=29741"}],"wp:term":[{"taxonomy":"product_cat","embeddable":true,"href":"https:\/\/desdropi.com\/elparque\/wp-json\/wp\/v2\/product_cat?post=29741"},{"taxonomy":"product_tag","embeddable":true,"href":"https:\/\/desdropi.com\/elparque\/wp-json\/wp\/v2\/product_tag?post=29741"}],"curies":[{"name":"wp","href":"https:\/\/api.w.org\/{rel}","templated":true}]}}