{"id":29901,"date":"2021-11-11T10:51:40","date_gmt":"2021-11-11T08:51:40","guid":{"rendered":"https:\/\/desdropi.com\/elparque\/cafetera-monix-vitro-express-3t-vitroceramica-m620003\/"},"modified":"2025-04-13T20:38:03","modified_gmt":"2025-04-13T18:38:03","slug":"cafetera-monix-vitro-express-3t-vitroceramica-m620003","status":"publish","type":"product","link":"https:\/\/desdropi.com\/elparque\/cafetera-monix-vitro-express-3t-vitroceramica-m620003\/","title":{"rendered":"Cafetera Monix Vitro-Express 3T Vitroceramica M620003"},"content":{"rendered":"<div class=\"descripcion-tab\">\n<ul>\n<li><strong>Comprar cafetera Monix modelo M620003 Vitro-expres para 3 tazas<\/strong>\u00a0color aluminio\u00a0<strong>a precio de oferta con el mejor descuento del mercado<\/strong>.<\/li>\n<li>Esta\u00a0<strong>cafetera Monix modelo M620003 Vitro-expres<\/strong>\u00a0dispone de un recubrimiento interior antiadherente y adem\u00e1s su interior est\u00e1 pulido sin cantos para una limpieza m\u00e1s efectiva.<\/li>\n<li><strong>Compra<\/strong>\u00a0tu\u00a0<strong>cafetera Monix M620003 Vitro-expres de 3 tazas.<\/strong><\/li>\n<li>Cafetera con asa de baquelita termo-resistente ergon\u00f3mica para un agarre f\u00e1cil y seguro.<\/li>\n<li>Capacidad para 3 tazas de caf\u00e9 &#8211; 150 ml.<\/li>\n<li>Apta para todo tipo de encimeras, excepto inducci\u00f3n. No limpiar en lavavajillas.<\/li>\n<li>Acabado aluminio efecto mate.<\/li>\n<li>Exterior s\u00faper resistente y dise\u00f1o interior del calder\u00edn sin cantos para una limpieza m\u00e1s c\u00f3moda.<\/li>\n<li>Descubre c\u00f3mo cuidar tu menaje antiadherente en el apartado Guia de usuario de esta ficha.<\/li>\n<\/ul>\n<\/div>\n","protected":false},"excerpt":{"rendered":"<p><span style=\"color: #ff0000;\">Compra m\u00ednima de 2 unidades, sino se le cobrar\u00e1 a parte 6\u20ac de portes.<\/span><\/p>\n","protected":false},"featured_media":221566,"comment_status":"open","ping_status":"closed","template":"","meta":{"_joinchat":[]},"product_cat":[5661,5662,5663],"product_tag":[],"class_list":{"0":"post-29901","1":"product","2":"type-product","3":"status-publish","4":"has-post-thumbnail","6":"product_cat-menaje","7":"product_cat-menaje-de-cocina","8":"product_cat-cafeteras-italianas","9":"pa_marca-monix","11":"first","12":"instock","13":"taxable","14":"shipping-taxable","15":"purchasable","16":"product-type-simple"},"_links":{"self":[{"href":"https:\/\/desdropi.com\/elparque\/wp-json\/wp\/v2\/product\/29901"}],"collection":[{"href":"https:\/\/desdropi.com\/elparque\/wp-json\/wp\/v2\/product"}],"about":[{"href":"https:\/\/desdropi.com\/elparque\/wp-json\/wp\/v2\/types\/product"}],"replies":[{"embeddable":true,"href":"https:\/\/desdropi.com\/elparque\/wp-json\/wp\/v2\/comments?post=29901"}],"version-history":[{"count":1,"href":"https:\/\/desdropi.com\/elparque\/wp-json\/wp\/v2\/product\/29901\/revisions"}],"predecessor-version":[{"id":224516,"href":"https:\/\/desdropi.com\/elparque\/wp-json\/wp\/v2\/product\/29901\/revisions\/224516"}],"wp:featuredmedia":[{"embeddable":true,"href":"https:\/\/desdropi.com\/elparque\/wp-json\/wp\/v2\/media\/221566"}],"wp:attachment":[{"href":"https:\/\/desdropi.com\/elparque\/wp-json\/wp\/v2\/media?parent=29901"}],"wp:term":[{"taxonomy":"product_cat","embeddable":true,"href":"https:\/\/desdropi.com\/elparque\/wp-json\/wp\/v2\/product_cat?post=29901"},{"taxonomy":"product_tag","embeddable":true,"href":"https:\/\/desdropi.com\/elparque\/wp-json\/wp\/v2\/product_tag?post=29901"}],"curies":[{"name":"wp","href":"https:\/\/api.w.org\/{rel}","templated":true}]}}