{"id":30341,"date":"2021-11-11T10:54:49","date_gmt":"2021-11-11T08:54:49","guid":{"rendered":"https:\/\/desdropi.com\/elparque\/olla-alta-bra-efficient-28-cm-a273907\/"},"modified":"2024-05-18T23:24:31","modified_gmt":"2024-05-18T21:24:31","slug":"olla-alta-bra-efficient-28-cm-a273907","status":"publish","type":"product","link":"https:\/\/desdropi.com\/elparque\/olla-alta-bra-efficient-28-cm-a273907\/","title":{"rendered":"Olla Alta Bra Efficient 28 Cm A273907"},"content":{"rendered":"<div class=\"descripcion-tab\">\n<strong>Informaci\u00f3n del producto<\/strong><\/p>\n<ul>\n<li>La olla alta Efficient re\u00fane la eficacia y la calidad para un uso de cocina intensiva con los mejores resultados. Es una olla robusta y duradera gracias a su cuerpo fabricado en aluminio fundido y a la calidad de su antiadherente Platinum Plus libre de PFOA.<\/li>\n<li>Es apta para todas las fuentes de calor (incluida la inducci\u00f3n) gracias a su fondo difusor full induction. Adem\u00e1s tiene un excelente reparto de la temperatura para una cocci\u00f3n perfecta de todas nuestras recetas.<\/li>\n<li>Incluye dos asas de silicona en color naranja para coger la olla con comodidad.<\/li>\n<li>La olla alta Efficient es perfecta para preparar todo tipo de guisos, caldos y cremas vegetales o de legumbres, tanto en el fuego como en el horno. Su excelente reparto del calor y su tapa transparente, que mantiene la temperatura y el vapor de la cocci\u00f3n y permiten controlar la cocci\u00f3n sin levantarla, contribuyen a reducir los tiempos de cocci\u00f3n. Es perfecta para cocer todo tipo de pasta larga y corta, para las verduras cortadas o bien las piezas enteras, o para las legumbres. Es una olla ideal para preparar guisos que requieran cocinarse a fuego bajo, como el gulash, unas habas estofadas, unas tiras de costilla de cerdo confitadas o unas alcachofas prepararas de esta misma manera. Su excelente reparto del calor hace que sea ideal para preparar una rica sopa castellana o una de cebolla, pudiendo darle el gratinado final en el horno sin tener que cambiarla de recipiente. En ambos tama\u00f1os es una olla pr\u00e1ctica y muy funcional, con gran capacidad, perfecta para cocinar de forma eficiente y muy f\u00e1cil de limpiar.<\/li>\n<\/ul>\n<p><strong>Caracter\u00edsticas<\/strong><\/p>\n<ul>\n<li>Fabricada en aluminio fundido extremadamente resistente a la deformaci\u00f3n (6mm de espesor en la base).<\/li>\n<li>Revestimiento antiadherente Tefl\u00f3n Platinum Plus de alta calidad y muy duradero. 100% libre de PFOA.<\/li>\n<li>Fondo full induction compatible con todas las fuentes de calor incluida la inducci\u00f3n.<\/li>\n<li>Apta para su uso en horno hasta 220\u202f\u00b0C sin asas y tapa.<\/li>\n<\/ul>\n<p><strong>Medidas<\/strong><br \/>\nDi\u00e1metro superior, Di\u00e1metro base, Altura y Capacidad.<\/p>\n<ul>\n<li>20cm 16cm 14cm 4,1 litros.<\/li>\n<li>24cm 19cm 18cm 6,8 litros.<\/li>\n<li>28cm 22cm 20,4cm 11,1 litros.<\/li>\n<\/ul>\n<p><strong>Por qu\u00e9 elegir la colecci\u00f3n Efficient<\/strong><\/p>\n<ul>\n<li>Concebida para su uso constante e intensivo, la colecci\u00f3n Efficient (de Bra) satisface a los cocineros m\u00e1s curiosos y atrevidos. La l\u00ednea de m\u00e1s \u00e9xito es tambi\u00e9n la m\u00e1s completa del mercado, para que no haya receta que no puedas elaborar. Una gama todoterreno para tu cocina, tan resistente y duradera como popular.<\/li>\n<\/ul>\n<p><strong>Aspectos a destacar<\/strong><\/p>\n<ul>\n<li>Gran relaci\u00f3n calidad-precio.<\/li>\n<li>Extrema resistencia a la deformaci\u00f3n.<\/li>\n<li>Larga vida \u00fatil.<\/li>\n<\/ul>\n<\/div>\n","protected":false},"excerpt":{"rendered":"<p>Informaci\u00f3n del producto La olla alta Efficient re\u00fane la eficacia y la calidad para un uso de cocina intensiva con<\/p>\n","protected":false},"featured_media":221581,"comment_status":"open","ping_status":"closed","template":"","meta":{"_joinchat":[]},"product_cat":[5661,5662,5767],"product_tag":[],"class_list":{"0":"post-30341","1":"product","2":"type-product","3":"status-publish","4":"has-post-thumbnail","6":"product_cat-menaje","7":"product_cat-menaje-de-cocina","8":"product_cat-ollas","9":"pa_marca-bra","11":"first","12":"instock","13":"taxable","14":"shipping-taxable","15":"purchasable","16":"product-type-simple"},"_links":{"self":[{"href":"https:\/\/desdropi.com\/elparque\/wp-json\/wp\/v2\/product\/30341"}],"collection":[{"href":"https:\/\/desdropi.com\/elparque\/wp-json\/wp\/v2\/product"}],"about":[{"href":"https:\/\/desdropi.com\/elparque\/wp-json\/wp\/v2\/types\/product"}],"replies":[{"embeddable":true,"href":"https:\/\/desdropi.com\/elparque\/wp-json\/wp\/v2\/comments?post=30341"}],"version-history":[{"count":0,"href":"https:\/\/desdropi.com\/elparque\/wp-json\/wp\/v2\/product\/30341\/revisions"}],"wp:featuredmedia":[{"embeddable":true,"href":"https:\/\/desdropi.com\/elparque\/wp-json\/wp\/v2\/media\/221581"}],"wp:attachment":[{"href":"https:\/\/desdropi.com\/elparque\/wp-json\/wp\/v2\/media?parent=30341"}],"wp:term":[{"taxonomy":"product_cat","embeddable":true,"href":"https:\/\/desdropi.com\/elparque\/wp-json\/wp\/v2\/product_cat?post=30341"},{"taxonomy":"product_tag","embeddable":true,"href":"https:\/\/desdropi.com\/elparque\/wp-json\/wp\/v2\/product_tag?post=30341"}],"curies":[{"name":"wp","href":"https:\/\/api.w.org\/{rel}","templated":true}]}}