{"id":30343,"date":"2021-11-11T10:54:49","date_gmt":"2021-11-11T08:54:49","guid":{"rendered":"https:\/\/desdropi.com\/elparque\/olla-alta-bra-prior-20-cm-a403920\/"},"modified":"2024-05-18T23:24:34","modified_gmt":"2024-05-18T21:24:34","slug":"olla-alta-bra-prior-20-cm-a403920","status":"publish","type":"product","link":"https:\/\/desdropi.com\/elparque\/olla-alta-bra-prior-20-cm-a403920\/","title":{"rendered":"Olla Alta Bra Prior 20 Cm A403920"},"content":{"rendered":"<div class=\"descripcion-tab\">\n<strong>Informaci\u00f3n del producto<\/strong><\/p>\n<ul>\n<li>La olla alta Prior es una olla ideal para el d\u00eda a d\u00eda en la cocina, representando una de las mejores en relaci\u00f3n calidad-precio, uniendo la calidad con el dise\u00f1o moderno. Es una olla robusta fabricada en aluminio fundido con un revestimiento antiadherente Teflon Innovations libre de PFOA.<\/li>\n<li>Es apta para todas las fuentes de calor (incluida la inducci\u00f3n) gracias a su fondo difusor full induction. Adem\u00e1s tiene un excelente reparto de la temperatura para una cocci\u00f3n perfecta de todas nuestras recetas.<\/li>\n<li>Incluye dos asas de silicona en color verde para coger la olla con comodidad y tapa de cristal.<\/li>\n<li>La olla alta Prior es perfecta para preparar todo tipo de guisos, caldos y cremas vegetales o de legumbres, tanto en el fuego como en el horno. Su excelente reparto del calor y su tapa transparente, que mantiene la temperatura y el vapor de la cocci\u00f3n y permiten controlar la cocci\u00f3n sin levantarla, contribuyen a reducir los tiempos de cocci\u00f3n. Es perfecta para cocer todo tipo de pasta larga y corta, para las verduras cortadas o bien las piezas enteras, o para las legumbres. Es una olla ideal para preparar guisos que requieran cocinarse a fuego bajo, como el gulash, unas habas estofadas, unas tiras de costilla de cerdo confitadas o unas alcachofas prepararas de esta misma manera. Su excelente reparto del calor hace que sea ideal para preparar una rica sopa castellana o una de cebolla, pudiendo darle el gratinado final en el horno sin tener que cambiarla de recipiente. En ambos tama\u00f1os es una olla pr\u00e1ctica y muy funcional, con gran capacidad, perfecta para cocinar de forma eficiente y muy f\u00e1cil de limpiar.<\/li>\n<\/ul>\n<p><strong>Caracter\u00edsticas<\/strong><\/p>\n<ul>\n<li>Fabricada en aluminio fundido muy resistente a la deformaci\u00f3n (5,5mm de espesor en la base).<\/li>\n<li>Revestimiento antiadherente Tefl\u00f3n Innovations 100% libre de PFOA.<\/li>\n<li>Fondo full induction compatible con todas las fuentes de calor incluida la inducci\u00f3n.<\/li>\n<li>Cuerpo apto para horno hasta 220\u00baC sin asas de silicona.<\/li>\n<li>Incluye tapa de cristal.<\/li>\n<\/ul>\n<p><strong>Medidas<\/strong><\/p>\n<p>Di\u00e1metro superior, Di\u00e1metro base, Altura, Capacidad y Porciones.<\/p>\n<ul>\n<li>20cm 16cm 14cm 4,1 litros 4 porciones.<\/li>\n<li>24cm 19cm 18cm 6,8 litros 5 porciones.<\/li>\n<\/ul>\n<p><strong>Por qu\u00e9 elegir la colecci\u00f3n Prior<\/strong><\/p>\n<ul>\n<li>La colecci\u00f3n Prior est\u00e1 dise\u00f1ada especialmente para que iniciarte en la cocina sea mucho m\u00e1s f\u00e1cil. Materiales de calidad y un dise\u00f1o moderno para que elabores tus primeras recetas con total confianza. Porque la cocina sana y sin complicaciones es posible con Prior.<\/li>\n<\/ul>\n<p><strong>Aspectos a destacar<\/strong><\/p>\n<ul>\n<li>Para tu cocina m\u00e1s esencial.<\/li>\n<li>Buen deslizamiento de los alimentos.<\/li>\n<li>\u00d3ptima durabilidad.<\/li>\n<\/ul>\n<\/div>\n","protected":false},"excerpt":{"rendered":"<p>Informaci\u00f3n del producto La olla alta Prior es una olla ideal para el d\u00eda a d\u00eda en la cocina, representando<\/p>\n","protected":false},"featured_media":221582,"comment_status":"open","ping_status":"closed","template":"","meta":{"_joinchat":[]},"product_cat":[5661,5662,5767],"product_tag":[],"class_list":{"0":"post-30343","1":"product","2":"type-product","3":"status-publish","4":"has-post-thumbnail","6":"product_cat-menaje","7":"product_cat-menaje-de-cocina","8":"product_cat-ollas","9":"pa_marca-bra","11":"first","12":"instock","13":"taxable","14":"shipping-taxable","15":"purchasable","16":"product-type-simple"},"_links":{"self":[{"href":"https:\/\/desdropi.com\/elparque\/wp-json\/wp\/v2\/product\/30343"}],"collection":[{"href":"https:\/\/desdropi.com\/elparque\/wp-json\/wp\/v2\/product"}],"about":[{"href":"https:\/\/desdropi.com\/elparque\/wp-json\/wp\/v2\/types\/product"}],"replies":[{"embeddable":true,"href":"https:\/\/desdropi.com\/elparque\/wp-json\/wp\/v2\/comments?post=30343"}],"version-history":[{"count":0,"href":"https:\/\/desdropi.com\/elparque\/wp-json\/wp\/v2\/product\/30343\/revisions"}],"wp:featuredmedia":[{"embeddable":true,"href":"https:\/\/desdropi.com\/elparque\/wp-json\/wp\/v2\/media\/221582"}],"wp:attachment":[{"href":"https:\/\/desdropi.com\/elparque\/wp-json\/wp\/v2\/media?parent=30343"}],"wp:term":[{"taxonomy":"product_cat","embeddable":true,"href":"https:\/\/desdropi.com\/elparque\/wp-json\/wp\/v2\/product_cat?post=30343"},{"taxonomy":"product_tag","embeddable":true,"href":"https:\/\/desdropi.com\/elparque\/wp-json\/wp\/v2\/product_tag?post=30343"}],"curies":[{"name":"wp","href":"https:\/\/api.w.org\/{rel}","templated":true}]}}