{"id":30371,"date":"2021-11-11T10:54:49","date_gmt":"2021-11-11T08:54:49","guid":{"rendered":"https:\/\/desdropi.com\/elparque\/sarten-bra-efficient-orange-18-cm-a281218\/"},"modified":"2025-04-13T20:59:45","modified_gmt":"2025-04-13T18:59:45","slug":"sarten-bra-efficient-orange-18-cm-a281218","status":"publish","type":"product","link":"https:\/\/desdropi.com\/elparque\/sarten-bra-efficient-orange-18-cm-a281218\/","title":{"rendered":"Sart\u00e9n Bra Efficient Orange 18 Cm A281218"},"content":{"rendered":"<div class=\"descripcion-tab\">\n<strong>Informaci\u00f3n del producto<\/strong><\/p>\n<ul>\n<li>La sart\u00e9n Efficient Orange es una de las m\u00e1s populares de BRA por su caracter\u00edstico mango naranja. Es una sart\u00e9n robusta y duradera gracias a su cuerpo fabricado en aluminio fundido y a la calidad de su antiadherente Platinum Plus libre de PFOA.<\/li>\n<li>Es apta para todas las fuentes de calor (incluida la inducci\u00f3n) gracias a su fondo difusor full induction. Adem\u00e1s tiene un excelente reparto de la temperatura para una cocci\u00f3n perfecta de todas nuestras recetas.<\/li>\n<li>Es una sart\u00e9n ideal para elaborar todo tipo de recetas combinando sus diferentes tama\u00f1os. Puedes preparar salsas o hacer huevos fritos en las m\u00e1s peque\u00f1as, al tiempo que en las de mayor di\u00e1metro marcas la carne, cocinas el pescado o una pechuga de pollo a la plancha, doras unos filetes de lomo empanados o fr\u00edes patatas para acompa\u00f1ar. Son ideales tanto para saltear unas verduras y preparar un revuelto de setas, como para elaborar pisto, salsa bolo\u00f1esa, cualquier pasta a la carbonara o para cocinar la bechamel de las croquetas. Las sartenes m\u00e1s peque\u00f1as tienen el tama\u00f1o perfecto y una buena altura para que puedas fre\u00edr croquetas, empanadillas, bu\u00f1uelos o rosquillas de forma \u00f3ptima, r\u00e1pidamente y manteniendo la temperatura del aceite. En todos sus tama\u00f1os, cocinar con ellas de forma eficiente y con grandes resultados es, adem\u00e1s, una experiencia muy agradable. Y gracias a su revestimiento antiadherente de alta calidad en el que no se pega nada, su limpieza es de lo m\u00e1s sencillo.<\/li>\n<\/ul>\n<p><strong>Caracter\u00edsticas<\/strong><\/p>\n<ul>\n<li>Fabricada en aluminio fundido extremadamente resistente a la deformaci\u00f3n (6mm de espesor en la base).<\/li>\n<li>Revestimiento antiadherente Tefl\u00f3n Platinum Plus de alta calidad y muy duradero. 100% libre de PFOA.<\/li>\n<li>Fondo full induction compatible con todas las fuentes de calor incluida la inducci\u00f3n.<\/li>\n<li>Mango ergon\u00f3mico con el caracter\u00edstico color naranja de BRA.<\/li>\n<\/ul>\n<p><strong>Medidas<\/strong><\/p>\n<p>Di\u00e1metro superior, Di\u00e1metro base y Altura.<\/p>\n<ul>\n<li>18cm 12,4cm 4,7cm.<\/li>\n<li>20cm 14,2cm 4,9cm.<\/li>\n<li>22cm 15,2cm 5,3cm.<\/li>\n<li>24cm 16,9cm 5,3cm.<\/li>\n<li>26cm 18,6cm 5,3cm.<\/li>\n<li>28cm 19,8cm 5,3cm.<\/li>\n<\/ul>\n<p><strong>Por qu\u00e9 elegir la colecci\u00f3n Efficient Orange<\/strong><\/p>\n<ul>\n<li>La colecci\u00f3n Efficient Orange de Bra) viste a sus esenciales de naranja, para que adem\u00e1s de resistentes y duraderos, den color a tu cocina. Para tus recetas estrella, nada mejor que un valor seguro como la gama naranja de la colecci\u00f3n Efficient.<\/li>\n<\/ul>\n<p><strong>Aspectos a destacar<\/strong><\/p>\n<ul>\n<li>Gran relaci\u00f3n calidad-precio.<\/li>\n<li>Extrema resistencia a la deformaci\u00f3n.<\/li>\n<li>Larga vida \u00fatil.<\/li>\n<\/ul>\n<\/div>\n","protected":false},"excerpt":{"rendered":"<p>Informaci\u00f3n del producto La sart\u00e9n Efficient Orange es una de las m\u00e1s populares de BRA por su caracter\u00edstico mango naranja.<\/p>\n","protected":false},"featured_media":133485,"comment_status":"open","ping_status":"closed","template":"","meta":{"_joinchat":[]},"product_cat":[5661,5662,5768],"product_tag":[],"class_list":{"0":"post-30371","1":"product","2":"type-product","3":"status-publish","4":"has-post-thumbnail","6":"product_cat-menaje","7":"product_cat-menaje-de-cocina","8":"product_cat-sartenes","9":"pa_marca-bra","11":"first","12":"instock","13":"taxable","14":"shipping-taxable","15":"purchasable","16":"product-type-simple"},"_links":{"self":[{"href":"https:\/\/desdropi.com\/elparque\/wp-json\/wp\/v2\/product\/30371"}],"collection":[{"href":"https:\/\/desdropi.com\/elparque\/wp-json\/wp\/v2\/product"}],"about":[{"href":"https:\/\/desdropi.com\/elparque\/wp-json\/wp\/v2\/types\/product"}],"replies":[{"embeddable":true,"href":"https:\/\/desdropi.com\/elparque\/wp-json\/wp\/v2\/comments?post=30371"}],"version-history":[{"count":1,"href":"https:\/\/desdropi.com\/elparque\/wp-json\/wp\/v2\/product\/30371\/revisions"}],"predecessor-version":[{"id":224536,"href":"https:\/\/desdropi.com\/elparque\/wp-json\/wp\/v2\/product\/30371\/revisions\/224536"}],"wp:featuredmedia":[{"embeddable":true,"href":"https:\/\/desdropi.com\/elparque\/wp-json\/wp\/v2\/media\/133485"}],"wp:attachment":[{"href":"https:\/\/desdropi.com\/elparque\/wp-json\/wp\/v2\/media?parent=30371"}],"wp:term":[{"taxonomy":"product_cat","embeddable":true,"href":"https:\/\/desdropi.com\/elparque\/wp-json\/wp\/v2\/product_cat?post=30371"},{"taxonomy":"product_tag","embeddable":true,"href":"https:\/\/desdropi.com\/elparque\/wp-json\/wp\/v2\/product_tag?post=30371"}],"curies":[{"name":"wp","href":"https:\/\/api.w.org\/{rel}","templated":true}]}}